{"id":1571,"date":"2022-01-28T15:05:14","date_gmt":"2022-01-28T15:05:14","guid":{"rendered":"https:\/\/www.gainanimalnutrition.com\/equine\/?page_id=1571"},"modified":"2022-01-28T15:36:47","modified_gmt":"2022-01-28T15:36:47","slug":"privacy-policy","status":"publish","type":"page","link":"https:\/\/www.gainanimalnutrition.com\/equine\/de\/privacy-policy\/","title":{"rendered":"Privacy Policy"},"content":{"rendered":"\n<p>Dieser Datenschutzhinweis (\u201e<strong>Hinweis<\/strong>\u201c) legt dar, wie die Glanbia Co-Operative Society Limited (die \u201e<strong>Gesellschaft<\/strong>\u201c) oder ihre Tochtergesellschaften (einschlie\u00dflich Glanbia Ireland DAC, Glanbia Foods Ireland Limited und deren Tochtergesellschaften) (\u201e<strong>Glanbia<\/strong>\u201c, \u201e<strong>wir<\/strong>\u201c, \u201e<strong>uns<\/strong>\u201c) personenbezogene Daten verwenden, die \u00fcber Sie im Zusammenhang mit einem Zugriff auf&nbsp;<a href=\"http:\/\/www.gainanimalnutrition.com\/\">www.gainanimalnutrition.com<\/a>&nbsp;und im Rahmen Ihrer Beziehung zu uns gesammelt werden.&nbsp;<\/p>\n\n\n\n<p>Glanbia kann diesen Hinweis von Zeit zu Zeit durch Aktualisierung dieser Seite \u00e4ndern. Sie sollten diese Seite von Zeit zu Zeit \u00fcberpr\u00fcfen, um sicherzustellen, dass Sie mit den von Glanbia vorgenommenen \u00c4nderungen einverstanden sind.<\/p>\n\n\n\n<p>Wenn Sie Mitglied oder Anteilseigner der Gesellschaft sind oder mit der Gesellschaft oder ihren Tochtergesellschaften (einschlie\u00dflich Glanbia Ireland DAC, Glanbia Foods Ireland Limited und deren Tochtergesellschaften) Handel treiben, regelt der folgende Hinweis, wie wir Ihre personenbezogenen Daten verwenden und weitergeben. In dieser Mitteilung wird auch dargelegt, wie Glanbia die auf unseren Websites gesammelten personenbezogenen Daten verwendet, einschlie\u00dflich&nbsp;<a href=\"http:\/\/www.glanbiaconnect.com\/\">www.glanbiaconnect.com<\/a>,&nbsp;<a href=\"http:\/\/www.glanbiaireland.com\/\">www.glanbiaireland.com<\/a>,&nbsp;<a href=\"http:\/\/www.glanbiairelandingredients.com\/\">www.glanbiairelandingredients.com<\/a>,&nbsp;<a href=\"http:\/\/www.avonmore.ie\/\">www.avonmore.ie<\/a>&nbsp; und www.trulygrassfed.com &nbsp;(die \u201c<strong>Glanbia<\/strong><strong>-Websites<\/strong>\u201d).&nbsp;<\/p>\n\n\n\n<p>F\u00fcr die Zwecke dieses Hinweises ist Glanbia der f\u00fcr die Verarbeitung Ihrer personenbezogenen Daten Verantwortliche und Sie k\u00f6nnen sich bei Fragen zu diesem Hinweis an uns wenden:&nbsp;<\/p>\n\n\n\n<p>Vollst\u00e4ndiger Name der juristischen Person:&nbsp;Glanbia&nbsp;Ireland&nbsp;DAC<\/p>\n\n\n\n<p>Postanschrift:&nbsp;Glanbia&nbsp;House, Kilkenny,&nbsp;Ireland<\/p>\n\n\n\n<p>E-Mail-Adresse:&nbsp;&nbsp;hello@glanbiaconnect.com<\/p>\n\n\n\n<p>Telefonnummer:0818 321 321<\/p>\n\n\n\n<p>Glanbia verpflichtet sich, daf\u00fcr zu sorgen, dass Ihre Rechte gem\u00e4\u00df den Datenschutzgesetzen gesch\u00fctzt und Ihre personenbezogenen Daten sicher aufbewahrt werden. Um unbefugte Zugriffe oder unbefugte Offenlegungen zu verhindern, haben wir geeignete physische, elektronische und verwaltungstechnische Verfahren zum Schutz und zur Sicherung der von uns erfassten und verarbeiteten Informationen in \u00dcbereinstimmung mit den Datenschutzgesetzen eingef\u00fchrt. Mit diesem Hinweis m\u00f6chten wir Sie dar\u00fcber informieren, was wir mit Ihren personenbezogenen Daten im Rahmen unserer gegenseitigen Beziehungen tun.&nbsp;1.&nbsp;<strong>WELCHE DATEN WIR SAMMELN<\/strong><\/p>\n\n\n\n<p>Glanbia kann die folgenden Kategorien personenbezogener Daten \u00fcber Sie sammeln oder generieren:\u2022&nbsp;Identit\u00e4tsdaten einschlie\u00dflich Vornamen und Nachnamen.\u2022&nbsp;Daten zur Identit\u00e4ts\u00fcberpr\u00fcfung, einschlie\u00dflich Geburtsdatum, Sozialversicherungsnummer und in bestimmten F\u00e4llen beglaubigte Kopien von Identit\u00e4tsnachweisen wie Reisepass oder Rechnungen von Versorgungsunternehmen.\u2022&nbsp;Kontaktdaten wie Anschrift, Telefonnummer und E-Mail-Adresse.\u2022&nbsp;Finanzielle Informationen wie Ihre Bankverbindung, um Zahlungen von Glanbia an Sie zu erm\u00f6glichen, Ihre Bankkartendaten, um Zahlungen von Ihnen an Glanbia zu erm\u00f6glichen, und ggf. andere finanzielle Informationen wie Ihr Kreditlimit, Ihre Gesellschaftsdividende und Ihren Aktienbesitz.&nbsp;\u2022&nbsp;Angaben zu Ihrem Kunden-\/Handelskonto, einschlie\u00dflich Kunden-\/Handelsnummer, Herdennummer und anderer personenbezogener Daten zu Ihrem Kunden-\/Handelskonto.&nbsp;\u2022&nbsp;Angaben zur Einhaltung der geltenden Gesundheits- und Sicherheitsvorschriften.&nbsp;\u2022&nbsp;Technische Daten, die wir m\u00f6glicherweise \u00fcber Ihr Ger\u00e4t sammeln, wenn Sie auf die Glanbia-Websites zugreifen. Dazu&nbsp;geh\u00f6ren&nbsp;Ihre Internetprotokoll-Adresse (IP), Browsertyp und -version, Zeitzoneneinstellung und Standort, Browser-Plug-in-Typen und -Versionen, Betriebssystem und Plattform.\u2022&nbsp;Wettbewerbs- oder Aktionsdaten, wenn Sie an einem von Glanbia veranstalteten Wettbewerb oder einer Aktion teilnehmen.&nbsp;<\/p>\n\n\n\n<p>Wir k\u00f6nnen auch personenbezogene Daten \u00fcber Sie (z.&nbsp;B. \u00fcber Ihre Herde, die Nachhaltigkeit Ihres Betriebs und\/oder die Einhaltung von Rechtsvorschriften) aus Drittquellen erhalten, wie z.&nbsp;B:&nbsp;\u2022&nbsp;Staatliche und halbstaatliche Beh\u00f6rden wie Bord Bia, Teagasc und das Ministerium f\u00fcr Landwirtschaft, Ern\u00e4hrung und Meeresangelegenheiten.\u2022&nbsp;Interessenvertreter der Branche wie der Irische Rinderzuchtverband (ICBF).&nbsp;2.&nbsp;<strong>WAS WIR MIT DEN VON UNS GESAMMELTEN INFORMATIONEN TUN<\/strong><\/p>\n\n\n\n<p>Wir verwenden diese Informationen, um Ihnen als Mitglied der Gesellschaft oder als Einzelperson, die mit Glanbia in einer Gesch\u00e4ftsbeziehung steht, einen umfassenden Service zu bieten und um sicherzustellen, dass unsere Dienstleistungen f\u00fcr Sie so effizient wie m\u00f6glich erbracht werden. Wir verwenden Ihre personenbezogenen Daten f\u00fcr eine Reihe von Zwecken, beispielsweise:&nbsp;\u2022&nbsp;f\u00fcr interne Aufzeichnungszwecke zur Unterst\u00fctzung von Eink\u00e4ufen und der Erbringung der beschriebenen Dienstleistungen.\u2022&nbsp;um unseren Verpflichtungen nachzukommen, die sich aus Ihrem Interesse an Glanbia ergeben, einschlie\u00dflich:\u2022&nbsp;Vereinbarungen mit Milchlieferanten;\u2022&nbsp;Vereinbarungen mit Getreidelieferanten;\u2022&nbsp;Verkaufs- und Kundenmanagement; und&nbsp;\u2022&nbsp;zur Verwaltung und Pflege von Aktion\u00e4rs- und Mitgliederdaten.\u2022&nbsp;um Sie \u00fcber \u00c4nderungen und Aktualisierungen unserer Produkte oder Dienstleistungen oder andere relevante Nachrichten zu informieren.\u2022&nbsp;um Ihnen auf elektronischem Wege (E-Mail oder SMS) Informationen zukommen zu lassen, die f\u00fcr Sie als Mitglied der Gesellschaft, Zulieferfirma oder als Einzelperson, die mit Glanbia in einer Gesch\u00e4ftsbeziehung steht, von Interesse sind.&nbsp;\u2022&nbsp;zur Nutzung der \u00fcber unsere Online-Kan\u00e4le bereitgestellten Informationen, um die Glanbia-Websites Ihren Interessen entsprechend anzupassen.<\/p>\n\n\n\n<p>Wir verarbeiten Ihre personenbezogenen Daten in erster Linie auf der Grundlage unserer berechtigten Interessen, aber in bestimmten F\u00e4llen k\u00f6nnen wir Ihre personenbezogenen Daten auch auf einer anderen Rechtsgrundlage verarbeiten, wenn dies angemessener ist. Unsere Rechtsgrundlagen f\u00fcr die Verarbeitung Ihrer personenbezogenen Daten sind unter anderem:\u2022&nbsp;<strong>Berechtigtes Interesse:<\/strong>&nbsp;Wir verarbeiten Ihre personenbezogenen Daten in erster Linie aufgrund unserer berechtigten Gesch\u00e4ftsinteressen, dazu z\u00e4hlen u.&nbsp;a. interne Aufzeichnungszwecke zur Unterst\u00fctzung und Pflege Ihrer Lieferanten-, Kunden- oder Handelsbeziehungen mit Glanbia. Sie haben das Recht, der Verarbeitung Ihrer personenbezogenen Daten aus diesem Grund jederzeit zu widersprechen. Einzelheiten dazu, wie Sie Ihr Widerspruchsrecht aus\u00fcben k\u00f6nnen, sind in Abschnitt&nbsp;7 dieser Mitteilung enthalten. Wenn wir Ihre personenbezogenen Daten auf der Grundlage unserer berechtigten Interessen verarbeiten, stellen wir sicher, dass wir alle m\u00f6glichen Auswirkungen auf Sie und Ihre Datenschutzrechte ber\u00fccksichtigen und abw\u00e4gen. Wir werden Ihre personenbezogenen Daten nicht f\u00fcr Aktivit\u00e4ten verwenden, bei denen die Auswirkungen auf Sie unsere Interessen \u00fcberwiegen (es sei denn, wir haben Ihre Zustimmung oder sind dazu anderweitig gesetzlich verpflichtet oder berechtigt).\u2022&nbsp;<strong>Abschluss oder Erf\u00fcllung eines Vertrags:<\/strong>&nbsp;Es kann notwendig sein, dass wir Ihre personenbezogenen Daten verarbeiten m\u00fcssen, um einen Vertrag mit Ihnen abzuschlie\u00dfen und zu erf\u00fcllen, z.&nbsp;B., wenn Sie mit Glanbia einen Milch- oder Getreideliefervertrag oder einen sonstigen Vertrag abschlie\u00dfen. Wenn Sie uns Ihre personenbezogenen Daten f\u00fcr diese Zwecke nicht zur Verf\u00fcgung stellen, k\u00f6nnen wir unseren Vertrag mit Ihnen nicht erf\u00fcllen.\u2022&nbsp;<strong>Einhaltung einer rechtlichen Verpflichtung<\/strong>: Es kann notwendig sein, Ihre personenbezogenen Daten zu verarbeiten, um rechtlichen Verpflichtungen nachzukommen, denen wir nach irischem und EU-Recht unterliegen.\u2022&nbsp;<strong>Rechtsanspr\u00fcche<\/strong>: Es kann erforderlich sein, dass wir Ihre personenbezogenen Daten verarbeiten, um einen Rechtsanspruch zu begr\u00fcnden, zu untersuchen, auszu\u00fcben oder zu verteidigen.<\/p>\n\n\n\n<p>Unter bestimmten, eingeschr\u00e4nkten Umst\u00e4nden k\u00f6nnen wir Ihre personenbezogenen Daten auf der Grundlage Ihrer freiwillig erteilten Zustimmung verarbeiten. Wenn wir Ihnen beispielsweise Werbe- oder Direktmarketingmaterial zusenden, tun wir dies auf der Grundlage Ihrer Zustimmung. Sie k\u00f6nnen Ihre Zustimmung zur Datenverarbeitung jederzeit widerrufen, indem Sie uns unter den in Abschnitt&nbsp;7 dieser Mitteilung genannten Kontaktdaten kontaktieren. Im Falle von Direktmarketing werden wir Sie in jeder Marketingmitteilung fragen, ob Sie derartige Mitteilungen nicht mehr erhalten und sich \u201eabmelden\u201c m\u00f6chten. Bitte beachten Sie, dass alle Verarbeitungen, die vor dem Widerruf Ihrer Einwilligung durchgef\u00fchrt wurden, g\u00fcltig bleiben.3.&nbsp;<strong>AUFBEWAHRUNG IHRER DATEN&nbsp;<\/strong><\/p>\n\n\n\n<p>Glanbia wird Ihre Daten so lange aufbewahren, wie es f\u00fcr die Erf\u00fcllung der in dieser Mitteilung genannten Zwecke, f\u00fcr die Erf\u00fcllung gesetzlicher und beh\u00f6rdlicher Anforderungen und f\u00fcr die Betreuung der Aktion\u00e4re\/Mitglieder erforderlich ist. Wir bewahren Ihre Daten auch auf, um eine Gesch\u00e4ftshistorie f\u00fcr die Berichterstattung und f\u00fcr Mitgliedervorteile f\u00fcr einen Zeitraum von mindestens 7&nbsp;Jahren nach Ihrer Verbindung mit Glanbia zu f\u00fchren.&nbsp;4.&nbsp;<strong>\u00c4NDERUNG DER VERARBEITUNGSZWECKE<\/strong><\/p>\n\n\n\n<p>Wir verwenden Ihre personenbezogenen Daten nur f\u00fcr die Zwecke, f\u00fcr die wir sie erhoben haben, f\u00fcr gesetzliche oder beh\u00f6rdliche Anforderungen oder wenn ein berechtigtes Interesse vorliegt, sie f\u00fcr einen anderen Zweck zu verwenden, der mit dem urspr\u00fcnglichen Zweck vereinbar ist. Wenn wir Ihre personenbezogenen Daten f\u00fcr andere Zwecke verwenden m\u00fcssen, werden wir Sie dar\u00fcber informieren und die Rechtsgrundlage erl\u00e4utern, die uns dies erlaubt. Bitte beachten Sie, dass wir Ihre personenbezogenen Daten ohne Ihr Wissen oder Ihre Zustimmung unter Einhaltung der oben genannten Regeln verarbeiten k\u00f6nnen, wenn dies gesetzlich vorgeschrieben oder zul\u00e4ssig ist.5.&nbsp;<strong>WEITERGABE UND OFFENLEGUNG VON DATEN<\/strong><\/p>\n\n\n\n<p>Wir k\u00f6nnen einige oder alle Ihrer personenbezogenen Daten an die folgenden Parteien weitergeben:&nbsp;\u2022&nbsp;Computershare: Wir k\u00f6nnen von Zeit zu Zeit Ihre personenbezogenen Daten offenlegen, um die Ausgabe von Aktien der Glanbia plc an Sie im Austausch gegen einen Teil Ihrer Gesellschaftsanteile zu erm\u00f6glichen, wenn die Mitglieder der Gesellschaft einer \u201eAusgliederung\u201c von Aktien der Glanbia plc im Austausch gegen Gesellschaftsanteile zustimmen.&nbsp;\u2022&nbsp;Finanzkommissare: In Entsprechung der gesetzlichen oder satzungsm\u00e4\u00dfigen Verpflichtungen.&nbsp; Vorbehaltlich Ihrer ausdr\u00fccklichen Zustimmung und der Angabe Ihrer Sozialversicherungsnummer k\u00f6nnen wir Einzelheiten zu Ihren Transaktionen mit Aktien der Gesellschaft offenlegen, um die entsprechenden Stempelgeb\u00fchren in Ihrem Namen zu entrichten.&nbsp;\u2022&nbsp;Regulierungs-\/Regierungsbeh\u00f6rden wie Bord Bia und das Ministerium f\u00fcr Landwirtschaft, Ern\u00e4hrung und Meeresangelegenheiten, die an der Verwaltung von Dienstleistungen in den Bereichen Molkerei, Landwirtschaft und Lebensmittelkette beteiligt sind.\u2022&nbsp;Externe Pr\u00fcflabors, die von Glanbia direkt unter Vertrag genommen werden, einschlie\u00dflich Teagasc, als Erweiterung der internen Labordienste und zur Erf\u00fcllung gesetzlicher Verpflichtungen\u2022&nbsp;Interessenvertreter der Branche wie der Irische Rinderzuchtverband (ICBF).&nbsp;\u2022&nbsp;Professionelle Berater wie Rechtsanw\u00e4lte, Bankiers, Finanzdienstleister, Wirtschaftspr\u00fcfer und Versicherer, die Bank-, Finanz-, Rechts-, Versicherungs-, Beratungs- und Buchhaltungsdienstleistungen f\u00fcr uns erbringen.\u2022&nbsp;IT- und andere technische Dienstleister, die f\u00fcr Glanbia IT- oder andere technische Dienstleistungen erbringen.\u2022&nbsp;Dienstleister wie Zahlungsdienstleister, Postdienstleister und Marketingdienstleister.\u2022&nbsp;Dritte, an die wir m\u00f6glicherweise Teile unseres Gesch\u00e4fts oder unserer Verm\u00f6genswerte verkaufen, \u00fcbertragen oder mit denen wir uns zusammenschlie\u00dfen.6.&nbsp;<strong>\u00dcBERTRAGUNG IHRER DATEN<\/strong><\/p>\n\n\n\n<p>Wir k\u00f6nnen Ihre personenbezogenen Daten in L\u00e4nder au\u00dferhalb des Europ\u00e4ischen Wirtschaftsraums (\u201e<strong>EWR<\/strong>\u201c) \u00fcbermitteln. Bestimmte Empf\u00e4nger, z.&nbsp;B. einige unserer Drittdienstleister, k\u00f6nnen Ihre personenbezogenen Daten au\u00dferhalb des EWR in einem Land verarbeiten, das kein angemessenes Schutzniveau f\u00fcr Ihre personenbezogenen Daten bietet. Wenn solche \u00dcbertragungen stattfinden, achten wir methodisch darauf, eine geeignete \u00dcbertragungsvereinbarung zu treffen, z.&nbsp;B. auf Grundlage der Standardvertragsklauseln der Europ\u00e4ischen Kommission. Wenn Sie mehr \u00fcber solche \u00dcbermittlungen erfahren m\u00f6chten, wenden Sie sich bitte an uns unter den in Abschnitt&nbsp;7 dieser Mitteilung genannten Kontaktdaten.7.&nbsp;<strong>KONTROLLE IHRER PERSONENBEZOGENEN DATEN<\/strong><\/p>\n\n\n\n<p>Sie haben eine Reihe von Rechten in Bezug auf Ihre personenbezogenen Daten, die im Folgenden dargelegt werden. Bitte beachten Sie, dass diese Rechte unter bestimmten Umst\u00e4nden nicht absolut sind. Sie haben folgende Rechte:\u2022&nbsp;<strong>Auskunftsrecht<\/strong>: Sie haben das Recht, eine Kopie der von uns gespeicherten personenbezogenen Daten zu erhalten. Wir werden Ihnen eine solche Anfrage nur dann in Rechnung stellen, wenn wir der Meinung sind, dass Ihre Anfrage offensichtlich unbegr\u00fcndet oder \u00fcbertrieben ist.\u2022&nbsp;<strong>Recht auf Berichtigung<\/strong>: Sie k\u00f6nnen beantragen, dass wir unzutreffende personenbezogene Daten, die wir \u00fcber Sie haben, \u00e4ndern.\u2022&nbsp;<strong>Recht auf L\u00f6schung<\/strong>: Sie k\u00f6nnen uns unter bestimmten Umst\u00e4nden auffordern, die \u00fcber Sie gespeicherten personenbezogenen Daten zu l\u00f6schen.&nbsp;\u2022&nbsp;<strong>Recht auf Einschr\u00e4nkung der Verarbeitung<\/strong>: Sie k\u00f6nnen verlangen, dass wir die Verarbeitung Ihrer personenbezogenen Daten unter bestimmten Umst\u00e4nden einschr\u00e4nken.\u2022&nbsp;<strong>Recht auf Daten\u00fcbertragbarkeit<\/strong>: Sie k\u00f6nnen verlangen, dass Ihnen Ihre personenbezogenen Daten in einem strukturierten, g\u00e4ngigen und maschinenlesbaren Format zur Verf\u00fcgung gestellt werden, und Ihre personenbezogenen Daten unter bestimmten Umst\u00e4nden, wenn dies technisch machbar ist, an einen anderen Verantwortlichen \u00fcbertragen lassen.\u2022&nbsp;<strong>Widerspruchsrecht<\/strong>: Sie k\u00f6nnen jederzeit Widerspruch einlegen, wenn wir Ihre personenbezogenen Daten auf der Rechtsgrundlage unserer berechtigten Interessen verarbeiten oder wenn wir Ihre personenbezogenen Daten f\u00fcr Direktmarketingzwecke verarbeiten. Bitte beachten Sie, dass Glanbia keine Entscheidungen trifft, die ausschlie\u00dflich auf einer automatisierten Verarbeitung, einschlie\u00dflich Profiling, beruhen und&nbsp;die rechtliche Auswirkungen&nbsp;auf Sie haben oder Sie in \u00e4hnlicher Weise erheblich beeintr\u00e4chtigen.<\/p>\n\n\n\n<p>Sie k\u00f6nnen jedes dieser Rechte aus\u00fcben, indem Sie einen Antrag stellen:<\/p>\n\n\n\n<p>Vollst\u00e4ndiger Name der juristischen Person:&nbsp;Glanbia&nbsp;Ireland&nbsp;DAC<\/p>\n\n\n\n<p>Postanschrift:&nbsp;Glanbia&nbsp;House, Kilkenny,&nbsp;Ireland<\/p>\n\n\n\n<p>E-Mail-Adresse:&nbsp;&nbsp;hello@glanbiaconnect.com<\/p>\n\n\n\n<p>Telefonnummer: 0818 321 321<\/p>\n\n\n\n<p>Wir informieren Sie unverz\u00fcglich, sp\u00e4testens jedoch innerhalb eines Monats nach Eingang Ihrer Anfrage, \u00fcber alle Ma\u00dfnahmen, die auf Ihre Anfrage hin in Bezug auf eines dieser Rechte ergriffen wurden. Wir k\u00f6nnen diese Frist erforderlichenfalls auf bis zu 2&nbsp;Monate verl\u00e4ngern; Wir werden Sie jedoch informieren, wenn dies der Fall ist. Bitte beachten Sie, dass wir Sie m\u00f6glicherweise auffordern, Ihre Identit\u00e4t zu \u00fcberpr\u00fcfen, wenn Sie eines Ihrer Datenschutzrechte wahrnehmen m\u00f6chten. Sie haben auch das Recht, eine Beschwerde bei der Datenschutzkommission einzureichen.&nbsp;WeitereInformationen&nbsp;finden&nbsp;Sie&nbsp;unter&nbsp;<a href=\"http:\/\/www.dataprotection.ie\/\">www.dataprotection.ie<\/a>.<\/p>\n","protected":false},"excerpt":{"rendered":"<p>Dieser Datenschutzhinweis (\u201eHinweis\u201c) legt dar, wie die Glanbia Co-Operative Society Limited (die \u201eGesellschaft\u201c) oder ihre Tochtergesellschaften (einschlie\u00dflich Glanbia Ireland DAC, Glanbia Foods Ireland Limited und deren Tochtergesellschaften) (\u201eGlanbia\u201c, \u201ewir\u201c, \u201euns\u201c) personenbezogene Daten verwenden, die \u00fcber Sie im Zusammenhang mit einem Zugriff auf&nbsp;www.gainanimalnutrition.com&nbsp;und im Rahmen Ihrer Beziehung zu uns gesammelt werden.&nbsp; Glanbia kann diesen Hinweis von [&hellip;]<\/p>\n","protected":false},"author":3,"featured_media":0,"parent":0,"menu_order":0,"comment_status":"closed","ping_status":"closed","template":"","meta":{"_acf_changed":false,"footnotes":""},"class_list":["post-1571","page","type-page","status-publish","hentry"],"acf":[],"yoast_head":"<!-- This site is optimized with the Yoast SEO plugin v27.2 - https:\/\/yoast.com\/product\/yoast-seo-wordpress\/ -->\n<title>Privacy Policy - GAIN Equine<\/title>\n<meta name=\"robots\" content=\"index, follow, max-snippet:-1, max-image-preview:large, max-video-preview:-1\" \/>\n<link rel=\"canonical\" href=\"https:\/\/www.gainanimalnutrition.com\/equine\/privacy-policy\/\" \/>\n<meta property=\"og:locale\" content=\"de_DE\" \/>\n<meta property=\"og:type\" content=\"article\" \/>\n<meta property=\"og:title\" content=\"Privacy Policy - GAIN Equine\" \/>\n<meta property=\"og:description\" content=\"Dieser Datenschutzhinweis (\u201eHinweis\u201c) legt dar, wie die Glanbia Co-Operative Society Limited (die \u201eGesellschaft\u201c) oder ihre Tochtergesellschaften (einschlie\u00dflich Glanbia Ireland DAC, Glanbia Foods Ireland Limited und deren Tochtergesellschaften) (\u201eGlanbia\u201c, \u201ewir\u201c, \u201euns\u201c) personenbezogene Daten verwenden, die \u00fcber Sie im Zusammenhang mit einem Zugriff auf&nbsp;www.gainanimalnutrition.com&nbsp;und im Rahmen Ihrer Beziehung zu uns gesammelt werden.&nbsp; Glanbia kann diesen Hinweis von [&hellip;]\" \/>\n<meta property=\"og:url\" content=\"https:\/\/www.gainanimalnutrition.com\/equine\/privacy-policy\/\" \/>\n<meta property=\"og:site_name\" content=\"GAIN Equine\" \/>\n<meta property=\"article:modified_time\" content=\"2022-01-28T15:36:47+00:00\" \/>\n<meta name=\"twitter:card\" content=\"summary_large_image\" \/>\n<script type=\"application\/ld+json\" class=\"yoast-schema-graph\">{\"@context\":\"https:\/\/schema.org\",\"@graph\":[{\"@type\":\"WebPage\",\"@id\":\"https:\/\/www.gainanimalnutrition.com\/equine\/privacy-policy\/\",\"url\":\"https:\/\/www.gainanimalnutrition.com\/equine\/privacy-policy\/\",\"name\":\"Privacy Policy - GAIN Equine\",\"isPartOf\":{\"@id\":\"https:\/\/www.gainanimalnutrition.com\/equine\/fr\/#website\"},\"datePublished\":\"2022-01-28T15:05:14+00:00\",\"dateModified\":\"2022-01-28T15:36:47+00:00\",\"breadcrumb\":{\"@id\":\"https:\/\/www.gainanimalnutrition.com\/equine\/privacy-policy\/#breadcrumb\"},\"inLanguage\":\"de-DE\",\"potentialAction\":[{\"@type\":\"ReadAction\",\"target\":[\"https:\/\/www.gainanimalnutrition.com\/equine\/privacy-policy\/\"]}]},{\"@type\":\"BreadcrumbList\",\"@id\":\"https:\/\/www.gainanimalnutrition.com\/equine\/privacy-policy\/#breadcrumb\",\"itemListElement\":[{\"@type\":\"ListItem\",\"position\":1,\"name\":\"Home\",\"item\":\"https:\/\/www.gainanimalnutrition.com\/equine\/\"},{\"@type\":\"ListItem\",\"position\":2,\"name\":\"Privacy Policy\"}]},{\"@type\":\"WebSite\",\"@id\":\"https:\/\/www.gainanimalnutrition.com\/equine\/fr\/#website\",\"url\":\"https:\/\/www.gainanimalnutrition.com\/equine\/fr\/\",\"name\":\"GAIN Equine\",\"description\":\"Just another Big Dog Starter Rig Sites site\",\"potentialAction\":[{\"@type\":\"SearchAction\",\"target\":{\"@type\":\"EntryPoint\",\"urlTemplate\":\"https:\/\/www.gainanimalnutrition.com\/equine\/fr\/?s={search_term_string}\"},\"query-input\":{\"@type\":\"PropertyValueSpecification\",\"valueRequired\":true,\"valueName\":\"search_term_string\"}}],\"inLanguage\":\"de-DE\"}]}<\/script>\n<!-- \/ Yoast SEO plugin. -->","yoast_head_json":{"title":"Privacy Policy - GAIN Equine","robots":{"index":"index","follow":"follow","max-snippet":"max-snippet:-1","max-image-preview":"max-image-preview:large","max-video-preview":"max-video-preview:-1"},"canonical":"https:\/\/www.gainanimalnutrition.com\/equine\/privacy-policy\/","og_locale":"de_DE","og_type":"article","og_title":"Privacy Policy - GAIN Equine","og_description":"Dieser Datenschutzhinweis (\u201eHinweis\u201c) legt dar, wie die Glanbia Co-Operative Society Limited (die \u201eGesellschaft\u201c) oder ihre Tochtergesellschaften (einschlie\u00dflich Glanbia Ireland DAC, Glanbia Foods Ireland Limited und deren Tochtergesellschaften) (\u201eGlanbia\u201c, \u201ewir\u201c, \u201euns\u201c) personenbezogene Daten verwenden, die \u00fcber Sie im Zusammenhang mit einem Zugriff auf&nbsp;www.gainanimalnutrition.com&nbsp;und im Rahmen Ihrer Beziehung zu uns gesammelt werden.&nbsp; Glanbia kann diesen Hinweis von [&hellip;]","og_url":"https:\/\/www.gainanimalnutrition.com\/equine\/privacy-policy\/","og_site_name":"GAIN Equine","article_modified_time":"2022-01-28T15:36:47+00:00","twitter_card":"summary_large_image","schema":{"@context":"https:\/\/schema.org","@graph":[{"@type":"WebPage","@id":"https:\/\/www.gainanimalnutrition.com\/equine\/privacy-policy\/","url":"https:\/\/www.gainanimalnutrition.com\/equine\/privacy-policy\/","name":"Privacy Policy - GAIN Equine","isPartOf":{"@id":"https:\/\/www.gainanimalnutrition.com\/equine\/fr\/#website"},"datePublished":"2022-01-28T15:05:14+00:00","dateModified":"2022-01-28T15:36:47+00:00","breadcrumb":{"@id":"https:\/\/www.gainanimalnutrition.com\/equine\/privacy-policy\/#breadcrumb"},"inLanguage":"de-DE","potentialAction":[{"@type":"ReadAction","target":["https:\/\/www.gainanimalnutrition.com\/equine\/privacy-policy\/"]}]},{"@type":"BreadcrumbList","@id":"https:\/\/www.gainanimalnutrition.com\/equine\/privacy-policy\/#breadcrumb","itemListElement":[{"@type":"ListItem","position":1,"name":"Home","item":"https:\/\/www.gainanimalnutrition.com\/equine\/"},{"@type":"ListItem","position":2,"name":"Privacy Policy"}]},{"@type":"WebSite","@id":"https:\/\/www.gainanimalnutrition.com\/equine\/fr\/#website","url":"https:\/\/www.gainanimalnutrition.com\/equine\/fr\/","name":"GAIN Equine","description":"Just another Big Dog Starter Rig Sites site","potentialAction":[{"@type":"SearchAction","target":{"@type":"EntryPoint","urlTemplate":"https:\/\/www.gainanimalnutrition.com\/equine\/fr\/?s={search_term_string}"},"query-input":{"@type":"PropertyValueSpecification","valueRequired":true,"valueName":"search_term_string"}}],"inLanguage":"de-DE"}]}},"_links":{"self":[{"href":"https:\/\/www.gainanimalnutrition.com\/equine\/de\/wp-json\/wp\/v2\/pages\/1571","targetHints":{"allow":["GET"]}}],"collection":[{"href":"https:\/\/www.gainanimalnutrition.com\/equine\/de\/wp-json\/wp\/v2\/pages"}],"about":[{"href":"https:\/\/www.gainanimalnutrition.com\/equine\/de\/wp-json\/wp\/v2\/types\/page"}],"author":[{"embeddable":true,"href":"https:\/\/www.gainanimalnutrition.com\/equine\/de\/wp-json\/wp\/v2\/users\/3"}],"replies":[{"embeddable":true,"href":"https:\/\/www.gainanimalnutrition.com\/equine\/de\/wp-json\/wp\/v2\/comments?post=1571"}],"version-history":[{"count":0,"href":"https:\/\/www.gainanimalnutrition.com\/equine\/de\/wp-json\/wp\/v2\/pages\/1571\/revisions"}],"wp:attachment":[{"href":"https:\/\/www.gainanimalnutrition.com\/equine\/de\/wp-json\/wp\/v2\/media?parent=1571"}],"curies":[{"name":"wp","href":"https:\/\/api.w.org\/{rel}","templated":true}]}}