{"id":2031,"date":"2022-04-27T15:34:38","date_gmt":"2022-04-27T15:34:38","guid":{"rendered":"https:\/\/www.gainanimalnutrition.com\/equine\/?page_id=2031"},"modified":"2022-04-27T15:48:54","modified_gmt":"2022-04-27T15:48:54","slug":"cookie-richtlinie","status":"publish","type":"page","link":"https:\/\/www.gainanimalnutrition.com\/equine\/de\/cookie-richtlinie\/","title":{"rendered":"Cookie-Richtlinie"},"content":{"rendered":"\n<p><strong>Letzte Aktualisierung: 29.03.22<\/strong><\/p>\n\n\n\n<p>Glanbia respektiert die Privatsph\u00e4re aller Besucher unserer Websites. Diese Cookie-Richtlinie beschreibt unsere Politik bez\u00fcglich der Verwendung von Cookies auf&nbsp;<a href=\"http:\/\/gainanimalnutrition.com\/\"><strong>gainanimalnutrition.com<\/strong><\/a><\/p>\n\n\n\n<p>Unter Umst\u00e4nden aktualisieren wir unsere Cookie-Richtlinie von Zeit zu Zeit, um technologische oder gesetzgeberische \u00c4nderungen zu ber\u00fccksichtigen, die sich darauf auswirken k\u00f6nnen, wie wir Cookies verwenden und wie Sie diese als Nutzer verwalten k\u00f6nnen. Durch die Nutzung der Website&nbsp;<a href=\"http:\/\/gainanimalnutrition.com\/\"><strong>gainanimalnutrition.com<\/strong><\/a>&nbsp;erkl\u00e4ren Sie sich damit einverstanden, dass wir Cookies in \u00dcbereinstimmung mit dieser Cookie-Richtlinie verwenden. Wenn Sie mit der Verwendung von Cookies in dieser Form nicht einverstanden sind, sollten Sie Ihre Browsereinstellungen entsprechend anpassen oder die Website&nbsp;<a href=\"http:\/\/gainanimalnutrition.com\/\"><strong>gainanimalnutrition.com<\/strong><\/a>&nbsp;nicht nutzen. Wenn Sie die von uns verwendeten Cookies deaktivieren, kann sich dies auf Ihre Nutzung der Glanbia-Websites auswirken.<\/p>\n\n\n\n<p><strong>1. Was sind Cookies:<\/strong><\/p>\n\n\n\n<p>Ein Cookie ist eine kleine Datei mit Buchstaben und Zahlen, die von einer Website gesendet und im Webbrowser Ihres PCs, Mobiltelefons, Tablets oder eines anderen mit dem Internet verbundenen&nbsp;<strong>Ger\u00e4ts<\/strong>&nbsp;gespeichert wird, w\u00e4hrend Sie auf einer Website surfen. Mithilfe dieser Cookies k\u00f6nnen wir Sie von anderen Nutzern unserer Website unterscheiden und Ihnen so eine individualisierte Erfahrung beim Besuch unserer Website bieten. Au\u00dferdem helfen uns Cookies, unsere Website zu verbessern. Wenn Nutzer dieselbe Website erneut besuchen, sendet der Browser Cookies an die Website zur\u00fcck, so dass die Website den Nutzer wiedererkennt und sich an Dinge wie personalisierte Angaben oder Pr\u00e4ferenzen erinnert.<\/p>\n\n\n\n<p><strong>2. Einverst\u00e4ndnis mit Cookies auf unserer Website<\/strong><\/p>\n\n\n\n<p>Unsere Website verwendet unbedingt notwendige Cookies und optionale Cookies, wie z.&nbsp;B. Leistungs- und Werbe-Cookies. Wir ben\u00f6tigen Ihre Zustimmung, um optionale Cookies auf Ihrem Ger\u00e4t zu speichern. Bei Ihrem ersten Besuch unserer Website sehen Sie unser Cookie-Banner mit den folgenden Optionen:\u2022&nbsp;\u201eCookies akzeptieren\u201c: Hiermit stimmen Sie der Verwendung von unbedingt notwendigen und optionalen Cookies zu\u2022&nbsp;\u201eCookie-Einstellungen\u201c: Hiermit k\u00f6nnen Sie Ihre Cookie-Einstellungen verwalten und aktualisieren<\/p>\n\n\n\n<p>Sie k\u00f6nnen Ihre Cookie-Einstellungen jederzeit auf unserer Website aktualisieren, indem Sie auf das Symbol f\u00fcr die Cookie-Einstellungen auf dem Bildschirm klicken, oder Sie k\u00f6nnen den Abschnitt \u201eWeitere Informationen und Fragen\u201c dieser Cookie-Richtlinie aufrufen und dort auf \u201eCookie-Einstellungen\u201c klicken.<\/p>\n\n\n\n<p><strong>3. Welche Cookies wir verwenden<\/strong><\/p>\n\n\n\n<p>Wenn Sie die Websites von&nbsp;<a href=\"http:\/\/gainanimalnutrition.com\/\"><strong>gainanimalnutrition.com<\/strong><\/a>&nbsp;besuchen, k\u00f6nnen die folgenden Arten von Cookies auf Ihrem Ger\u00e4t gespeichert werden:<\/p>\n\n\n\n<p><strong>Unbedingt notwendige Cookies<\/strong><\/p>\n\n\n\n<p>Diese Cookies sind unerl\u00e4sslich, damit Sie sich auf unserer Website bewegen und Funktionen auf unserer Website nutzen k\u00f6nnen. Bitte beachten Sie, dass wir Ihre Zustimmung&nbsp;<strong>nicht<\/strong>&nbsp;ben\u00f6tigen, um diese Cookies auf Ihrem Ger\u00e4t zu speichern, und dass diese Cookies nicht \u00fcber unser Cookie-Banner deaktiviert werden k\u00f6nnen.<\/p>\n\n\n\n<p><strong>Leistungs-Cookies<\/strong><\/p>\n\n\n\n<p>Diese Cookies werden verwendet, um statistische Informationen \u00fcber die Besucher unserer Website und die von ihnen besuchten Seiten zu sammeln. Diese Cookies sammeln keine Informationen zur Identifizierung eines Besuchers. Alle Informationen, die diese Cookies sammeln, werden kombiniert und anonymisiert verwendet. Gain verwendet diese Cookies, um zu verstehen, welche Inhalte beliebt sind. Das hilft uns dabei, unsere Website zu verbessern. Bitte beachten Sie, dass es sich bei Performance-Cookies um \u201eoptionale Cookies\u201c handelt und wir Ihre Zustimmung ben\u00f6tigen, um diese Art von Cookies auf Ihrem Ger\u00e4t zu speichern.<\/p>\n\n\n\n<p><strong>Funktionale Cookies<\/strong><\/p>\n\n\n\n<p>Diese Cookies erm\u00f6glichen es der Website, sich an die von Ihnen getroffenen Entscheidungen zu erinnern und verbesserte und personalisierte Funktionen (z.&nbsp;B. Ihre bevorzugte Sprache) bereitzustellen. Diese Cookies k\u00f6nnen auch verwendet werden, um sich an \u00c4nderungen zu erinnern, die Sie an der Textgr\u00f6\u00dfe, den Schriftarten und anderen Teilen der Webseites vorgenommen haben, die Sie anpassen k\u00f6nnen. Andere Beispiele sind das Merken eines Benutzernamens und einer E-Mail-Adresse. Bitte beachten Sie, dass es sich bei den funktionalen Cookies um \u201eoptionale Cookies\u201c handelt und wir Ihre Zustimmung ben\u00f6tigen, um diese Art von Cookies auf Ihrem Ger\u00e4t zu speichern. Werbe- und Targeting-Cookies<\/p>\n\n\n\n<p>Diese Cookies k\u00f6nnen \u00fcber unsere Website durch uns oder unsere Werbepartner wie Google und LinkedIn gespeichert werden. Diese Cookies speichern Ihren Besuch auf unserer Website, die Seiten, die Sie besucht haben und die Links, denen Sie gefolgt sind. Der Zweck dieser Cookies ist es, ein Profil Ihrer Interessen zu erstellen und Ihnen relevante Werbung auf anderen Websites zu zeigen. Bitte beachten Sie, dass es sich bei den Werbe- und Targeting-Cookies um \u201eoptionale Cookies\u201c handelt und wir Ihre Zustimmung ben\u00f6tigen, um diese Art von Cookies auf Ihrem Ger\u00e4t zu speichern.<\/p>\n\n\n\n<p><strong>4. Die von uns gespeicherten Cookies und die Zwecke unserer Cookies<\/strong><\/p>\n\n\n\n<p><strong>Erstanbieter-Cookies &amp; Zwecke<\/strong>\u2022&nbsp;Cookies f\u00fcr E-Mail-Newsletter<\/p>\n\n\n\n<p>Diese Website bietet Newsletter- oder E-Mail-Abonnementdienste an, und Cookies k\u00f6nnen verwendet werden, um sich zu merken, ob Sie bereits registriert sind und ob bestimmte Benachrichtigungen angezeigt werden sollen, die m\u00f6glicherweise nur f\u00fcr angemeldete\/abgemeldete Benutzer gelten.<\/p>\n\n\n\n<p><strong>Drittanbieter-Cookies &amp; Zwecke<\/strong><\/p>\n\n\n\n<p>Wir verwenden auf der Website auch Cookies, die von vertrauensw\u00fcrdigen Dritten bereitgestellt werden. Wir verwenden diese Drittanbieter-Cookies f\u00fcr die folgenden Zwecke.\u2022&nbsp;Google Analytics<\/p>\n\n\n\n<p>Diese Website verwendet Google Analytics, um Informationen \u00fcber Ihre Online-Aktivit\u00e4ten auf der Website zu sammeln, wie z.&nbsp;B. die von Ihnen besuchten Seiten, die von Ihnen angeklickten Links und die von Ihnen auf der Website durchgef\u00fchrten Suchen. Wir verwenden diese Informationen, um die Website und die allgemeine Benutzerfreundlichkeit zu verbessern. Weitere Informationen \u00fcber die mit Google Analytics gesammelten Informationen finden Sie unter&nbsp;<a href=\"http:\/\/www.google.com\/intl\/en_uk\/analytics\/privacyoverview.html\">http:\/\/www.google.com\/intl\/en_uk\/analytics\/privacyoverview.html<\/a>&nbsp;\u2022&nbsp;&nbsp;LinkedIn<\/p>\n\n\n\n<p>Diese Website verwendet LinkedIn-Cookies, einschlie\u00dflich LinkedIns Insight Tag, um Conversion-Tracking, Website-Zielgruppen und Website-Demografien f\u00fcr LinkedIn-Werbekampagnen zu erm\u00f6glichen.&nbsp;Weitere&nbsp;Informationen zu LinkedIn-Cookies finden Sie unter&nbsp;<a href=\"https:\/\/www.linkedin.com\/legal\/l\/cookie-table\">https:\/\/www.linkedin.com\/legal\/l\/cookie-table<\/a>\u2022&nbsp;HotJar Analytics<\/p>\n\n\n\n<p>Diese Website verwendet HotJar Analytics, eine der am weitesten verbreiteten und vertrauensw\u00fcrdigsten Analysel\u00f6sungen im Internet, die uns hilft zu verstehen, wie Sie die Website nutzen und wie wir Ihre Erfahrung verbessern k\u00f6nnen. Diese Cookies k\u00f6nnen z.&nbsp;B. registrieren, wie lange Sie auf der Website bleiben und welche Seiten Sie besuchen. Dies kann uns dabei helfen, weiterhin ansprechende Inhalte bereitzustellen. Weitere Informationen zu Hotjar-Analytics-Cookies finden Sie auf der offiziellen Seite von Hotjar Analytics:&nbsp;<a href=\"https:\/\/www.hotjar.com\/privacy\/\">https:\/\/www.hotjar.com\/privacy\/<\/a>\u2022&nbsp;Dynamisches Remarketing von Google<\/p>\n\n\n\n<p>Wir verwenden das dynamische Remarketing von Google, um&nbsp;<a href=\"http:\/\/gainanimalnutrition.com\/\"><strong>gainanimalnutrition.com<\/strong><\/a>&nbsp;\u00fcber das Google Display-Netzwerk zu bewerben. Beim dynamischen Remarketing wird Ihnen Werbung angezeigt, die darauf basiert, welche Teile unserer Websites Sie besucht haben, indem ein Cookie in Ihrem Webbrowser abgelegt wird. Dieses Cookie identifiziert Sie in keiner Weise und erm\u00f6glicht keinen Zugriff auf Ihren Computer oder Ihr mobiles Ger\u00e4t. Das Cookie wird verwendet, um anderen Websites mitzuteilen: \u201eDieser Benutzer hat eine bestimmte Seite besucht, also zeigen Sie ihm Werbung, die sich auf diese Seite bezieht.\u201c Mithilfe des dynamischen Remarketing von Google k\u00f6nnen wir unser Marketing besser auf Ihre Bed\u00fcrfnisse abstimmen, um nur Anzeigen zu schalten, die f\u00fcr Sie relevant sind. Wenn Sie keine Anzeigen von&nbsp;<a href=\"http:\/\/gainanimalnutrition.com\/\"><strong>gainanimalnutrition.com<\/strong><\/a>&nbsp;sehen m\u00f6chten, k\u00f6nnen Sie die Verwendung von Cookies durch Google deaktivieren, indem Sie&nbsp;<a href=\"https:\/\/web.archive.org\/web\/20200421094139\/http:\/www.google.com\/settings\/ads\/anonymous?sig=ACi0TCi-_g55SqDOMvgoFuWSAgndlyrAMDf1GlgF2y4xGuV5KDs7MuFDSRUtHJL2ks1tm0US8m4LSfBXHD37y_KZFGWqcLAO1iQT4ulZqHEshLCNpVCBJ9U&amp;hl=de\">Googles Einstellungen f\u00fcr Werbung<\/a>&nbsp;besuchen. Weitere Informationen finden Sie in den&nbsp;<a href=\"https:\/\/web.archive.org\/web\/20200421094139\/http:\/www.google.de\/policies\/privacy\/\">Datenschutzbestimmungen<\/a>&nbsp;von Google.&nbsp;<a href=\"https:\/\/web.archive.org\/web\/20200421094139\/https:\/policies.google.com\/privacy\">https:\/\/policies.google.com\/privacy<\/a>\u2022&nbsp;Facebook<\/p>\n\n\n\n<p>Das Facebook Conversion Tracking Pixel erm\u00f6glicht es Facebook und seinen Partnern, Ihnen Werbeanzeigen auf und au\u00dferhalb von Facebook zu zeigen. Au\u00dferdem wird zu diesen Zwecken ein Cookie auf Ihrem Computer gespeichert. Damit k\u00f6nnen wir die Handlungen der Nutzer verfolgen, nachdem sie durch Anklicken einer Facebook-Werbeanzeige auf die Website eines Anbieters weitergeleitet wurden. So k\u00f6nnen wir die Wirksamkeit der Facebook-Werbeanzeigen f\u00fcr statistische und Marktforschungszwecke erfassen. Die gesammelten Daten bleiben anonym. Das bedeutet, dass wir die pers\u00f6nlichen Daten der einzelnen Nutzer nicht einsehen k\u00f6nnen. Die erhobenen Daten werden jedoch von&nbsp;Facebook gespeichert und verarbeitet. Facebook ist in der Lage, die Daten mit Ihrem Facebook-Konto zu verkn\u00fcpfen und f\u00fcr eigene Werbezwecke zu nutzen, in \u00dcbereinstimmung mit den Datenverwendungsrichtlinien von Facebook, die Sie unter&nbsp;<a href=\"https:\/\/web.archive.org\/web\/20200421094139\/https:\/www.facebook.com\/about\/privacy\/\">https:\/\/www.facebook.com\/about\/privacy\/<\/a>&nbsp;finden. Bitte klicken Sie hier, wenn Sie Ihre Zustimmung widerrufen m\u00f6chten:&nbsp;<a href=\"https:\/\/web.archive.org\/web\/20200421094139\/https:\/www.facebook.com\/ads\/settings\">https:\/\/www.facebook.com\/ads\/settings<\/a><\/p>\n\n\n\n<p><strong>5. Wie Sie Cookies in Ihrem Browser deaktivieren und l\u00f6schen k\u00f6nnen<\/strong><\/p>\n\n\n\n<p>Sie k\u00f6nnen die Verwendung von Cookies deaktivieren, indem Sie die entsprechenden Einstellungen in Ihrem Browser vornehmen. M\u00f6glicherweise sind dann aber einige n\u00fctzliche Funktionen wie die Personalisierung und die Funktionen \u201eAngemeldet bleiben\u201c und &#8222;An mich erinnern\u201c nicht mehr verf\u00fcgbar. Das genaue Verfahren zur Deaktivierung und L\u00f6schung von Cookies h\u00e4ngt davon ab, welchen Browser Sie verwenden. Klicken Sie auf die nachstehenden Links, um weitere Informationen zu erhalten:\u2022&nbsp;<a href=\"https:\/\/support.mozilla.org\/en-US\/kb\/enable-and-disable-cookies-website-preferences\">Firefox<\/a>\u2022&nbsp;<a href=\"https:\/\/support.google.com\/chrome\/answer\/95647\">Google Chrome<\/a>\u2022&nbsp;<a href=\"https:\/\/support.microsoft.com\/en-ie\/help\/17442\/windows-internet-explorer-delete-manage-cookies\">Internet Explorer<\/a>\u2022&nbsp;<a href=\"https:\/\/privacy.microsoft.com\/en-us\/windows-10-microsoft-edge-and-privacy\">Microsoft Edge<\/a>\u2022&nbsp;<a href=\"http:\/\/www.opera.com\/help\/tutorials\/security\/privacy\/\">Opera<\/a>\u2022&nbsp;<a href=\"https:\/\/support.apple.com\/en-ie\/guide\/safari\/sfri11471\/mac\">Safari<\/a><\/p>\n\n\n\n<p>Bitte beachten Sie, dass die oben aufgef\u00fchrten Links zu den Websites Dritter nur zu Ihrem Nutzen bereitgestellt werden. Wenn Sie diese Links benutzen, verlassen Sie unsere Website. Wir sind f\u00fcr den Inhalt oder die Verf\u00fcgbarkeit dieser Websites Dritter nicht verantwortlich.<\/p>\n\n\n\n<p><strong>Weitere Informationen und Fragen&nbsp;<\/strong><\/p>\n\n\n\n<p>Wenn Sie Fragen zu dieser Cookie-Richtlinie haben, wenden Sie sich bitte per E-Mail an&nbsp;<a href=\"mailto:giicustomerservice@glanbia.com\">hello@glanbiaconnect.com<\/a>&nbsp;oder schriftlich an Glanbia House, Kilkenny, Irland.<\/p>\n\n\n\n<p>Um mehr \u00fcber Cookies zu erfahren, z.&nbsp;B. dar\u00fcber, welche Cookies gespeichert wurden und wie Sie diese verwalten und l\u00f6schen k\u00f6nnen, besuchen Sie&nbsp;<a href=\"https:\/\/web.archive.org\/web\/20200421094139\/http:\/www.allaboutcookies.org\/\">http:\/\/www.allaboutcookies.org\/<\/a><\/p>\n\n\n\n<p>Wenn Sie die von uns verwendeten Cookies deaktivieren, kann sich dies auf Ihre Erfahrungen bei der Nutzung der Glanbia-Websites auswirken, z.&nbsp;B. k\u00f6nnen Sie m\u00f6glicherweise bestimmte Bereiche einer Glanbia-Website nicht besuchen oder Sie erhalten keine personalisierten Informationen, wenn Sie eine Glanbia-Website besuchen.<\/p>\n\n\n\n<p>Glanbia verpflichtet sich, die Bestimmungen der Data Protection Acts 1988 bis 2018 und der Allgemeinen Datenschutzverordnung (EU) 2016\/679 in ihrer jeweils ge\u00e4nderten und erg\u00e4nzten Fassung einzuhalten.<\/p>\n\n\n\n<!-- OneTrust Cookies List start -->\n<div id=\"ot-sdk-cookie-policy\"><\/div>\n<!-- OneTrust Cookies List end -->\n<!-- OneTrust Cookies Settings button start -->\n<button id=\"ot-sdk-btn\" class=\"ot-sdk-show-settings\">Cookie Settings<\/button>\n<!-- OneTrust Cookies Settings button end -->\n","protected":false},"excerpt":{"rendered":"<p>Letzte Aktualisierung: 29.03.22 Glanbia respektiert die Privatsph\u00e4re aller Besucher unserer Websites. Diese Cookie-Richtlinie beschreibt unsere Politik bez\u00fcglich der Verwendung von Cookies auf&nbsp;gainanimalnutrition.com Unter Umst\u00e4nden aktualisieren wir unsere Cookie-Richtlinie von Zeit zu Zeit, um technologische oder gesetzgeberische \u00c4nderungen zu ber\u00fccksichtigen, die sich darauf auswirken k\u00f6nnen, wie wir Cookies verwenden und wie Sie diese als Nutzer verwalten [&hellip;]<\/p>\n","protected":false},"author":3,"featured_media":0,"parent":0,"menu_order":0,"comment_status":"closed","ping_status":"closed","template":"","meta":{"_acf_changed":false,"footnotes":""},"class_list":["post-2031","page","type-page","status-publish","hentry"],"acf":[],"yoast_head":"<!-- This site is optimized with the Yoast SEO plugin v27.2 - https:\/\/yoast.com\/product\/yoast-seo-wordpress\/ -->\n<title>Cookie-Richtlinie - GAIN Equine<\/title>\n<meta name=\"robots\" content=\"index, follow, max-snippet:-1, max-image-preview:large, max-video-preview:-1\" \/>\n<link rel=\"canonical\" href=\"https:\/\/www.gainanimalnutrition.com\/equine\/de\/cookie-richtlinie\/\" \/>\n<meta property=\"og:locale\" content=\"de_DE\" \/>\n<meta property=\"og:type\" content=\"article\" \/>\n<meta property=\"og:title\" content=\"Cookie-Richtlinie - GAIN Equine\" \/>\n<meta property=\"og:description\" content=\"Letzte Aktualisierung: 29.03.22 Glanbia respektiert die Privatsph\u00e4re aller Besucher unserer Websites. Diese Cookie-Richtlinie beschreibt unsere Politik bez\u00fcglich der Verwendung von Cookies auf&nbsp;gainanimalnutrition.com Unter Umst\u00e4nden aktualisieren wir unsere Cookie-Richtlinie von Zeit zu Zeit, um technologische oder gesetzgeberische \u00c4nderungen zu ber\u00fccksichtigen, die sich darauf auswirken k\u00f6nnen, wie wir Cookies verwenden und wie Sie diese als Nutzer verwalten [&hellip;]\" \/>\n<meta property=\"og:url\" content=\"https:\/\/www.gainanimalnutrition.com\/equine\/de\/cookie-richtlinie\/\" \/>\n<meta property=\"og:site_name\" content=\"GAIN Equine\" \/>\n<meta property=\"article:modified_time\" content=\"2022-04-27T15:48:54+00:00\" \/>\n<meta name=\"twitter:card\" content=\"summary_large_image\" \/>\n<script type=\"application\/ld+json\" class=\"yoast-schema-graph\">{\"@context\":\"https:\/\/schema.org\",\"@graph\":[{\"@type\":\"WebPage\",\"@id\":\"https:\/\/www.gainanimalnutrition.com\/equine\/de\/cookie-richtlinie\/\",\"url\":\"https:\/\/www.gainanimalnutrition.com\/equine\/de\/cookie-richtlinie\/\",\"name\":\"Cookie-Richtlinie - GAIN Equine\",\"isPartOf\":{\"@id\":\"https:\/\/www.gainanimalnutrition.com\/equine\/fr\/#website\"},\"datePublished\":\"2022-04-27T15:34:38+00:00\",\"dateModified\":\"2022-04-27T15:48:54+00:00\",\"breadcrumb\":{\"@id\":\"https:\/\/www.gainanimalnutrition.com\/equine\/de\/cookie-richtlinie\/#breadcrumb\"},\"inLanguage\":\"de-DE\",\"potentialAction\":[{\"@type\":\"ReadAction\",\"target\":[\"https:\/\/www.gainanimalnutrition.com\/equine\/de\/cookie-richtlinie\/\"]}]},{\"@type\":\"BreadcrumbList\",\"@id\":\"https:\/\/www.gainanimalnutrition.com\/equine\/de\/cookie-richtlinie\/#breadcrumb\",\"itemListElement\":[{\"@type\":\"ListItem\",\"position\":1,\"name\":\"Home\",\"item\":\"https:\/\/www.gainanimalnutrition.com\/equine\/\"},{\"@type\":\"ListItem\",\"position\":2,\"name\":\"Cookie-Richtlinie\"}]},{\"@type\":\"WebSite\",\"@id\":\"https:\/\/www.gainanimalnutrition.com\/equine\/fr\/#website\",\"url\":\"https:\/\/www.gainanimalnutrition.com\/equine\/fr\/\",\"name\":\"GAIN Equine\",\"description\":\"Just another Big Dog Starter Rig Sites site\",\"potentialAction\":[{\"@type\":\"SearchAction\",\"target\":{\"@type\":\"EntryPoint\",\"urlTemplate\":\"https:\/\/www.gainanimalnutrition.com\/equine\/fr\/?s={search_term_string}\"},\"query-input\":{\"@type\":\"PropertyValueSpecification\",\"valueRequired\":true,\"valueName\":\"search_term_string\"}}],\"inLanguage\":\"de-DE\"}]}<\/script>\n<!-- \/ Yoast SEO plugin. -->","yoast_head_json":{"title":"Cookie-Richtlinie - GAIN Equine","robots":{"index":"index","follow":"follow","max-snippet":"max-snippet:-1","max-image-preview":"max-image-preview:large","max-video-preview":"max-video-preview:-1"},"canonical":"https:\/\/www.gainanimalnutrition.com\/equine\/de\/cookie-richtlinie\/","og_locale":"de_DE","og_type":"article","og_title":"Cookie-Richtlinie - GAIN Equine","og_description":"Letzte Aktualisierung: 29.03.22 Glanbia respektiert die Privatsph\u00e4re aller Besucher unserer Websites. Diese Cookie-Richtlinie beschreibt unsere Politik bez\u00fcglich der Verwendung von Cookies auf&nbsp;gainanimalnutrition.com Unter Umst\u00e4nden aktualisieren wir unsere Cookie-Richtlinie von Zeit zu Zeit, um technologische oder gesetzgeberische \u00c4nderungen zu ber\u00fccksichtigen, die sich darauf auswirken k\u00f6nnen, wie wir Cookies verwenden und wie Sie diese als Nutzer verwalten [&hellip;]","og_url":"https:\/\/www.gainanimalnutrition.com\/equine\/de\/cookie-richtlinie\/","og_site_name":"GAIN Equine","article_modified_time":"2022-04-27T15:48:54+00:00","twitter_card":"summary_large_image","schema":{"@context":"https:\/\/schema.org","@graph":[{"@type":"WebPage","@id":"https:\/\/www.gainanimalnutrition.com\/equine\/de\/cookie-richtlinie\/","url":"https:\/\/www.gainanimalnutrition.com\/equine\/de\/cookie-richtlinie\/","name":"Cookie-Richtlinie - GAIN Equine","isPartOf":{"@id":"https:\/\/www.gainanimalnutrition.com\/equine\/fr\/#website"},"datePublished":"2022-04-27T15:34:38+00:00","dateModified":"2022-04-27T15:48:54+00:00","breadcrumb":{"@id":"https:\/\/www.gainanimalnutrition.com\/equine\/de\/cookie-richtlinie\/#breadcrumb"},"inLanguage":"de-DE","potentialAction":[{"@type":"ReadAction","target":["https:\/\/www.gainanimalnutrition.com\/equine\/de\/cookie-richtlinie\/"]}]},{"@type":"BreadcrumbList","@id":"https:\/\/www.gainanimalnutrition.com\/equine\/de\/cookie-richtlinie\/#breadcrumb","itemListElement":[{"@type":"ListItem","position":1,"name":"Home","item":"https:\/\/www.gainanimalnutrition.com\/equine\/"},{"@type":"ListItem","position":2,"name":"Cookie-Richtlinie"}]},{"@type":"WebSite","@id":"https:\/\/www.gainanimalnutrition.com\/equine\/fr\/#website","url":"https:\/\/www.gainanimalnutrition.com\/equine\/fr\/","name":"GAIN Equine","description":"Just another Big Dog Starter Rig Sites site","potentialAction":[{"@type":"SearchAction","target":{"@type":"EntryPoint","urlTemplate":"https:\/\/www.gainanimalnutrition.com\/equine\/fr\/?s={search_term_string}"},"query-input":{"@type":"PropertyValueSpecification","valueRequired":true,"valueName":"search_term_string"}}],"inLanguage":"de-DE"}]}},"_links":{"self":[{"href":"https:\/\/www.gainanimalnutrition.com\/equine\/de\/wp-json\/wp\/v2\/pages\/2031","targetHints":{"allow":["GET"]}}],"collection":[{"href":"https:\/\/www.gainanimalnutrition.com\/equine\/de\/wp-json\/wp\/v2\/pages"}],"about":[{"href":"https:\/\/www.gainanimalnutrition.com\/equine\/de\/wp-json\/wp\/v2\/types\/page"}],"author":[{"embeddable":true,"href":"https:\/\/www.gainanimalnutrition.com\/equine\/de\/wp-json\/wp\/v2\/users\/3"}],"replies":[{"embeddable":true,"href":"https:\/\/www.gainanimalnutrition.com\/equine\/de\/wp-json\/wp\/v2\/comments?post=2031"}],"version-history":[{"count":0,"href":"https:\/\/www.gainanimalnutrition.com\/equine\/de\/wp-json\/wp\/v2\/pages\/2031\/revisions"}],"wp:attachment":[{"href":"https:\/\/www.gainanimalnutrition.com\/equine\/de\/wp-json\/wp\/v2\/media?parent=2031"}],"curies":[{"name":"wp","href":"https:\/\/api.w.org\/{rel}","templated":true}]}}