{"id":1241,"date":"2021-12-03T10:50:08","date_gmt":"2021-12-03T10:50:08","guid":{"rendered":"https:\/\/www.gainanimalnutrition.com\/equine\/products\/young-stock-cubes\/"},"modified":"2021-12-14T17:09:20","modified_gmt":"2021-12-14T17:09:20","slug":"young-stock-cubes","status":"publish","type":"product","link":"https:\/\/www.gainanimalnutrition.com\/equine\/de\/products\/young-stock-cubes\/","title":{"rendered":"Young Stock Cubes"},"excerpt":{"rendered":"<p>Hoher N\u00e4hrstoffgehalt f\u00fcr eine optimale Entwicklung.<\/p>\n","protected":false},"featured_media":2342,"menu_order":14,"template":"","product-category":[133],"animal-category":[143],"class_list":["post-1241","product","type-product","status-publish","has-post-thumbnail","hentry","product-category-zucht","animal-category-jahrlinge-jungtiere"],"acf":[],"yoast_head":"<!-- This site is optimized with the Yoast SEO plugin v27.2 - https:\/\/yoast.com\/product\/yoast-seo-wordpress\/ -->\n<title>Young Stock Cubes - GAIN Equine<\/title>\n<meta name=\"description\" content=\"GAIN Young Stock Cubes sind n\u00e4hrstoffreiche Futterw\u00fcrfel, die f\u00fcr Fohlen vor und nach dem Absetzen geeignet sind. Au\u00dferdem werden sie an im Wachstum befindliche J\u00e4hrlinge und bei der Vorbereitung von Absetzlingen verf\u00fcttert sowie Fohlen und J\u00e4hrlingen gegeben, die f\u00fcr Shows oder den Verkauf vorbereitet werden.\" \/>\n<meta name=\"robots\" content=\"index, follow, max-snippet:-1, max-image-preview:large, max-video-preview:-1\" \/>\n<link rel=\"canonical\" href=\"https:\/\/www.gainanimalnutrition.com\/equine\/products\/young-stock-cubes\/\" \/>\n<meta property=\"og:locale\" content=\"de_DE\" \/>\n<meta property=\"og:type\" content=\"article\" \/>\n<meta property=\"og:title\" content=\"Young Stock Cubes - GAIN Equine\" \/>\n<meta property=\"og:description\" content=\"GAIN Young Stock Cubes sind n\u00e4hrstoffreiche Futterw\u00fcrfel, die f\u00fcr Fohlen vor und nach dem Absetzen geeignet sind. Au\u00dferdem werden sie an im Wachstum befindliche J\u00e4hrlinge und bei der Vorbereitung von Absetzlingen verf\u00fcttert sowie Fohlen und J\u00e4hrlingen gegeben, die f\u00fcr Shows oder den Verkauf vorbereitet werden.\" \/>\n<meta property=\"og:url\" content=\"https:\/\/www.gainanimalnutrition.com\/equine\/products\/young-stock-cubes\/\" \/>\n<meta property=\"og:site_name\" content=\"GAIN Equine\" \/>\n<meta property=\"article:modified_time\" content=\"2021-12-14T17:09:20+00:00\" \/>\n<meta property=\"og:image\" content=\"https:\/\/www.gainanimalnutrition.com\/equine\/wp-content\/uploads\/sites\/2\/2021\/11\/GAIN_Equine_Gain-Young-Stock-Cubes.png\" \/>\n\t<meta property=\"og:image:width\" content=\"582\" \/>\n\t<meta property=\"og:image:height\" content=\"800\" \/>\n\t<meta property=\"og:image:type\" content=\"image\/png\" \/>\n<meta name=\"twitter:card\" content=\"summary_large_image\" \/>\n<script type=\"application\/ld+json\" class=\"yoast-schema-graph\">{\"@context\":\"https:\/\/schema.org\",\"@graph\":[{\"@type\":\"WebPage\",\"@id\":\"https:\/\/www.gainanimalnutrition.com\/equine\/products\/young-stock-cubes\/\",\"url\":\"https:\/\/www.gainanimalnutrition.com\/equine\/products\/young-stock-cubes\/\",\"name\":\"Young Stock Cubes - GAIN Equine\",\"isPartOf\":{\"@id\":\"https:\/\/www.gainanimalnutrition.com\/equine\/fr\/#website\"},\"primaryImageOfPage\":{\"@id\":\"https:\/\/www.gainanimalnutrition.com\/equine\/products\/young-stock-cubes\/#primaryimage\"},\"image\":{\"@id\":\"https:\/\/www.gainanimalnutrition.com\/equine\/products\/young-stock-cubes\/#primaryimage\"},\"thumbnailUrl\":\"https:\/\/www.gainanimalnutrition.com\/equine\/wp-content\/uploads\/sites\/2\/2021\/11\/GAIN_Equine_Gain-Young-Stock-Cubes.png\",\"datePublished\":\"2021-12-03T10:50:08+00:00\",\"dateModified\":\"2021-12-14T17:09:20+00:00\",\"description\":\"GAIN Young Stock Cubes sind n\u00e4hrstoffreiche Futterw\u00fcrfel, die f\u00fcr Fohlen vor und nach dem Absetzen geeignet sind. Au\u00dferdem werden sie an im Wachstum befindliche J\u00e4hrlinge und bei der Vorbereitung von Absetzlingen verf\u00fcttert sowie Fohlen und J\u00e4hrlingen gegeben, die f\u00fcr Shows oder den Verkauf vorbereitet werden.\",\"breadcrumb\":{\"@id\":\"https:\/\/www.gainanimalnutrition.com\/equine\/products\/young-stock-cubes\/#breadcrumb\"},\"inLanguage\":\"de-DE\",\"potentialAction\":[{\"@type\":\"ReadAction\",\"target\":[\"https:\/\/www.gainanimalnutrition.com\/equine\/products\/young-stock-cubes\/\"]}]},{\"@type\":\"ImageObject\",\"inLanguage\":\"de-DE\",\"@id\":\"https:\/\/www.gainanimalnutrition.com\/equine\/products\/young-stock-cubes\/#primaryimage\",\"url\":\"https:\/\/www.gainanimalnutrition.com\/equine\/wp-content\/uploads\/sites\/2\/2021\/11\/GAIN_Equine_Gain-Young-Stock-Cubes.png\",\"contentUrl\":\"https:\/\/www.gainanimalnutrition.com\/equine\/wp-content\/uploads\/sites\/2\/2021\/11\/GAIN_Equine_Gain-Young-Stock-Cubes.png\",\"width\":582,\"height\":800,\"caption\":\"Young Stock Cubes\"},{\"@type\":\"BreadcrumbList\",\"@id\":\"https:\/\/www.gainanimalnutrition.com\/equine\/products\/young-stock-cubes\/#breadcrumb\",\"itemListElement\":[{\"@type\":\"ListItem\",\"position\":1,\"name\":\"Home\",\"item\":\"https:\/\/www.gainanimalnutrition.com\/equine\/\"},{\"@type\":\"ListItem\",\"position\":2,\"name\":\"Products\",\"item\":\"https:\/\/www.gainanimalnutrition.com\/equine\/products\/\"},{\"@type\":\"ListItem\",\"position\":3,\"name\":\"Young Stock Cubes\"}]},{\"@type\":\"WebSite\",\"@id\":\"https:\/\/www.gainanimalnutrition.com\/equine\/fr\/#website\",\"url\":\"https:\/\/www.gainanimalnutrition.com\/equine\/fr\/\",\"name\":\"GAIN Equine\",\"description\":\"Just another Big Dog Starter Rig Sites site\",\"potentialAction\":[{\"@type\":\"SearchAction\",\"target\":{\"@type\":\"EntryPoint\",\"urlTemplate\":\"https:\/\/www.gainanimalnutrition.com\/equine\/fr\/?s={search_term_string}\"},\"query-input\":{\"@type\":\"PropertyValueSpecification\",\"valueRequired\":true,\"valueName\":\"search_term_string\"}}],\"inLanguage\":\"de-DE\"}]}<\/script>\n<!-- \/ Yoast SEO plugin. -->","yoast_head_json":{"title":"Young Stock Cubes - GAIN Equine","description":"GAIN Young Stock Cubes sind n\u00e4hrstoffreiche Futterw\u00fcrfel, die f\u00fcr Fohlen vor und nach dem Absetzen geeignet sind. Au\u00dferdem werden sie an im Wachstum befindliche J\u00e4hrlinge und bei der Vorbereitung von Absetzlingen verf\u00fcttert sowie Fohlen und J\u00e4hrlingen gegeben, die f\u00fcr Shows oder den Verkauf vorbereitet werden.","robots":{"index":"index","follow":"follow","max-snippet":"max-snippet:-1","max-image-preview":"max-image-preview:large","max-video-preview":"max-video-preview:-1"},"canonical":"https:\/\/www.gainanimalnutrition.com\/equine\/products\/young-stock-cubes\/","og_locale":"de_DE","og_type":"article","og_title":"Young Stock Cubes - GAIN Equine","og_description":"GAIN Young Stock Cubes sind n\u00e4hrstoffreiche Futterw\u00fcrfel, die f\u00fcr Fohlen vor und nach dem Absetzen geeignet sind. Au\u00dferdem werden sie an im Wachstum befindliche J\u00e4hrlinge und bei der Vorbereitung von Absetzlingen verf\u00fcttert sowie Fohlen und J\u00e4hrlingen gegeben, die f\u00fcr Shows oder den Verkauf vorbereitet werden.","og_url":"https:\/\/www.gainanimalnutrition.com\/equine\/products\/young-stock-cubes\/","og_site_name":"GAIN Equine","article_modified_time":"2021-12-14T17:09:20+00:00","og_image":[{"width":582,"height":800,"url":"https:\/\/www.gainanimalnutrition.com\/equine\/wp-content\/uploads\/sites\/2\/2021\/11\/GAIN_Equine_Gain-Young-Stock-Cubes.png","type":"image\/png"}],"twitter_card":"summary_large_image","schema":{"@context":"https:\/\/schema.org","@graph":[{"@type":"WebPage","@id":"https:\/\/www.gainanimalnutrition.com\/equine\/products\/young-stock-cubes\/","url":"https:\/\/www.gainanimalnutrition.com\/equine\/products\/young-stock-cubes\/","name":"Young Stock Cubes - GAIN Equine","isPartOf":{"@id":"https:\/\/www.gainanimalnutrition.com\/equine\/fr\/#website"},"primaryImageOfPage":{"@id":"https:\/\/www.gainanimalnutrition.com\/equine\/products\/young-stock-cubes\/#primaryimage"},"image":{"@id":"https:\/\/www.gainanimalnutrition.com\/equine\/products\/young-stock-cubes\/#primaryimage"},"thumbnailUrl":"https:\/\/www.gainanimalnutrition.com\/equine\/wp-content\/uploads\/sites\/2\/2021\/11\/GAIN_Equine_Gain-Young-Stock-Cubes.png","datePublished":"2021-12-03T10:50:08+00:00","dateModified":"2021-12-14T17:09:20+00:00","description":"GAIN Young Stock Cubes sind n\u00e4hrstoffreiche Futterw\u00fcrfel, die f\u00fcr Fohlen vor und nach dem Absetzen geeignet sind. Au\u00dferdem werden sie an im Wachstum befindliche J\u00e4hrlinge und bei der Vorbereitung von Absetzlingen verf\u00fcttert sowie Fohlen und J\u00e4hrlingen gegeben, die f\u00fcr Shows oder den Verkauf vorbereitet werden.","breadcrumb":{"@id":"https:\/\/www.gainanimalnutrition.com\/equine\/products\/young-stock-cubes\/#breadcrumb"},"inLanguage":"de-DE","potentialAction":[{"@type":"ReadAction","target":["https:\/\/www.gainanimalnutrition.com\/equine\/products\/young-stock-cubes\/"]}]},{"@type":"ImageObject","inLanguage":"de-DE","@id":"https:\/\/www.gainanimalnutrition.com\/equine\/products\/young-stock-cubes\/#primaryimage","url":"https:\/\/www.gainanimalnutrition.com\/equine\/wp-content\/uploads\/sites\/2\/2021\/11\/GAIN_Equine_Gain-Young-Stock-Cubes.png","contentUrl":"https:\/\/www.gainanimalnutrition.com\/equine\/wp-content\/uploads\/sites\/2\/2021\/11\/GAIN_Equine_Gain-Young-Stock-Cubes.png","width":582,"height":800,"caption":"Young Stock Cubes"},{"@type":"BreadcrumbList","@id":"https:\/\/www.gainanimalnutrition.com\/equine\/products\/young-stock-cubes\/#breadcrumb","itemListElement":[{"@type":"ListItem","position":1,"name":"Home","item":"https:\/\/www.gainanimalnutrition.com\/equine\/"},{"@type":"ListItem","position":2,"name":"Products","item":"https:\/\/www.gainanimalnutrition.com\/equine\/products\/"},{"@type":"ListItem","position":3,"name":"Young Stock Cubes"}]},{"@type":"WebSite","@id":"https:\/\/www.gainanimalnutrition.com\/equine\/fr\/#website","url":"https:\/\/www.gainanimalnutrition.com\/equine\/fr\/","name":"GAIN Equine","description":"Just another Big Dog Starter Rig Sites site","potentialAction":[{"@type":"SearchAction","target":{"@type":"EntryPoint","urlTemplate":"https:\/\/www.gainanimalnutrition.com\/equine\/fr\/?s={search_term_string}"},"query-input":{"@type":"PropertyValueSpecification","valueRequired":true,"valueName":"search_term_string"}}],"inLanguage":"de-DE"}]}},"_links":{"self":[{"href":"https:\/\/www.gainanimalnutrition.com\/equine\/de\/wp-json\/wp\/v2\/product\/1241","targetHints":{"allow":["GET"]}}],"collection":[{"href":"https:\/\/www.gainanimalnutrition.com\/equine\/de\/wp-json\/wp\/v2\/product"}],"about":[{"href":"https:\/\/www.gainanimalnutrition.com\/equine\/de\/wp-json\/wp\/v2\/types\/product"}],"wp:featuredmedia":[{"embeddable":true,"href":"https:\/\/www.gainanimalnutrition.com\/equine\/de\/wp-json\/wp\/v2\/media\/2342"}],"wp:attachment":[{"href":"https:\/\/www.gainanimalnutrition.com\/equine\/de\/wp-json\/wp\/v2\/media?parent=1241"}],"wp:term":[{"taxonomy":"product-category","embeddable":true,"href":"https:\/\/www.gainanimalnutrition.com\/equine\/de\/wp-json\/wp\/v2\/product-category?post=1241"},{"taxonomy":"animal-category","embeddable":true,"href":"https:\/\/www.gainanimalnutrition.com\/equine\/de\/wp-json\/wp\/v2\/animal-category?post=1241"}],"curies":[{"name":"wp","href":"https:\/\/api.w.org\/{rel}","templated":true}]}}