{"id":1255,"date":"2021-12-03T10:50:12","date_gmt":"2021-12-03T10:50:12","guid":{"rendered":"https:\/\/www.gainanimalnutrition.com\/equine\/products\/12-competition-mix\/"},"modified":"2021-12-14T17:09:25","modified_gmt":"2021-12-14T17:09:25","slug":"12-competition-mix","status":"publish","type":"product","link":"https:\/\/www.gainanimalnutrition.com\/equine\/de\/products\/12-competition-mix\/","title":{"rendered":"12%&nbsp;Competition Mix"},"excerpt":{"rendered":"<p>Haferfreie kontrollierte Energie, \u201eDas Futter der Champions\u201c.<\/p>\n","protected":false},"featured_media":2312,"menu_order":4,"template":"","product-category":[95],"animal-category":[179,176,168,125,124,84,175,180],"class_list":["post-1255","product","type-product","status-publish","has-post-thumbnail","hentry","product-category-sport-und-freizeit","animal-category-dreitagige-veranstaltungen","animal-category-dressur","animal-category-eintagige-veranstaltungen","animal-category-polo-de","animal-category-polocrosse-de","animal-category-ponyclub-reiten","animal-category-springreiten","animal-category-springreiten-grand-prix"],"acf":[],"yoast_head":"<!-- This site is optimized with the Yoast SEO plugin v27.2 - https:\/\/yoast.com\/product\/yoast-seo-wordpress\/ -->\n<title>12%&nbsp;Competition Mix - GAIN Equine<\/title>\n<meta name=\"description\" content=\"12%\u00a0Competition Mix eignet sich f\u00fcr viele Szenarios, vom Freizeit- bis hin zum Turnierbereich, f\u00fcr das Pretraining von Rennpferden und das \u00dcberwintern noch nicht zugerittener Tiere\u00a0\u2013 und kann ferner als Haltungsfutter f\u00fcr Zuchtstuten au\u00dferhalb der Laktationsspitze und der letzten drei Monate der Tr\u00e4chtigkeit verwendet werden, w\u00e4hrend der die Tiere ein nahrhafteres Produkt ben\u00f6tigen (siehe hierzu die Informationen \u00fcber unser Zuchtsortiment).\" \/>\n<meta name=\"robots\" content=\"index, follow, max-snippet:-1, max-image-preview:large, max-video-preview:-1\" \/>\n<link rel=\"canonical\" href=\"https:\/\/www.gainanimalnutrition.com\/equine\/products\/12-competition-mix\/\" \/>\n<meta property=\"og:locale\" content=\"de_DE\" \/>\n<meta property=\"og:type\" content=\"article\" \/>\n<meta property=\"og:title\" content=\"12%&nbsp;Competition Mix - GAIN Equine\" \/>\n<meta property=\"og:description\" content=\"12%\u00a0Competition Mix eignet sich f\u00fcr viele Szenarios, vom Freizeit- bis hin zum Turnierbereich, f\u00fcr das Pretraining von Rennpferden und das \u00dcberwintern noch nicht zugerittener Tiere\u00a0\u2013 und kann ferner als Haltungsfutter f\u00fcr Zuchtstuten au\u00dferhalb der Laktationsspitze und der letzten drei Monate der Tr\u00e4chtigkeit verwendet werden, w\u00e4hrend der die Tiere ein nahrhafteres Produkt ben\u00f6tigen (siehe hierzu die Informationen \u00fcber unser Zuchtsortiment).\" \/>\n<meta property=\"og:url\" content=\"https:\/\/www.gainanimalnutrition.com\/equine\/products\/12-competition-mix\/\" \/>\n<meta property=\"og:site_name\" content=\"GAIN Equine\" \/>\n<meta property=\"article:modified_time\" content=\"2021-12-14T17:09:25+00:00\" \/>\n<meta property=\"og:image\" content=\"https:\/\/www.gainanimalnutrition.com\/equine\/wp-content\/uploads\/sites\/2\/2021\/11\/GAIN_Equine_Gain-12-Competition-Mix.png\" \/>\n\t<meta property=\"og:image:width\" content=\"582\" \/>\n\t<meta property=\"og:image:height\" content=\"800\" \/>\n\t<meta property=\"og:image:type\" content=\"image\/png\" \/>\n<meta name=\"twitter:card\" content=\"summary_large_image\" \/>\n<script type=\"application\/ld+json\" class=\"yoast-schema-graph\">{\"@context\":\"https:\/\/schema.org\",\"@graph\":[{\"@type\":\"WebPage\",\"@id\":\"https:\/\/www.gainanimalnutrition.com\/equine\/products\/12-competition-mix\/\",\"url\":\"https:\/\/www.gainanimalnutrition.com\/equine\/products\/12-competition-mix\/\",\"name\":\"12%&nbsp;Competition Mix - GAIN Equine\",\"isPartOf\":{\"@id\":\"https:\/\/www.gainanimalnutrition.com\/equine\/fr\/#website\"},\"primaryImageOfPage\":{\"@id\":\"https:\/\/www.gainanimalnutrition.com\/equine\/products\/12-competition-mix\/#primaryimage\"},\"image\":{\"@id\":\"https:\/\/www.gainanimalnutrition.com\/equine\/products\/12-competition-mix\/#primaryimage\"},\"thumbnailUrl\":\"https:\/\/www.gainanimalnutrition.com\/equine\/wp-content\/uploads\/sites\/2\/2021\/11\/GAIN_Equine_Gain-12-Competition-Mix.png\",\"datePublished\":\"2021-12-03T10:50:12+00:00\",\"dateModified\":\"2021-12-14T17:09:25+00:00\",\"description\":\"12%\u00a0Competition Mix eignet sich f\u00fcr viele Szenarios, vom Freizeit- bis hin zum Turnierbereich, f\u00fcr das Pretraining von Rennpferden und das \u00dcberwintern noch nicht zugerittener Tiere\u00a0\u2013 und kann ferner als Haltungsfutter f\u00fcr Zuchtstuten au\u00dferhalb der Laktationsspitze und der letzten drei Monate der Tr\u00e4chtigkeit verwendet werden, w\u00e4hrend der die Tiere ein nahrhafteres Produkt ben\u00f6tigen (siehe hierzu die Informationen \u00fcber unser Zuchtsortiment).\",\"breadcrumb\":{\"@id\":\"https:\/\/www.gainanimalnutrition.com\/equine\/products\/12-competition-mix\/#breadcrumb\"},\"inLanguage\":\"de-DE\",\"potentialAction\":[{\"@type\":\"ReadAction\",\"target\":[\"https:\/\/www.gainanimalnutrition.com\/equine\/products\/12-competition-mix\/\"]}]},{\"@type\":\"ImageObject\",\"inLanguage\":\"de-DE\",\"@id\":\"https:\/\/www.gainanimalnutrition.com\/equine\/products\/12-competition-mix\/#primaryimage\",\"url\":\"https:\/\/www.gainanimalnutrition.com\/equine\/wp-content\/uploads\/sites\/2\/2021\/11\/GAIN_Equine_Gain-12-Competition-Mix.png\",\"contentUrl\":\"https:\/\/www.gainanimalnutrition.com\/equine\/wp-content\/uploads\/sites\/2\/2021\/11\/GAIN_Equine_Gain-12-Competition-Mix.png\",\"width\":582,\"height\":800,\"caption\":\"12% Competition Mix GAIN product\"},{\"@type\":\"BreadcrumbList\",\"@id\":\"https:\/\/www.gainanimalnutrition.com\/equine\/products\/12-competition-mix\/#breadcrumb\",\"itemListElement\":[{\"@type\":\"ListItem\",\"position\":1,\"name\":\"Home\",\"item\":\"https:\/\/www.gainanimalnutrition.com\/equine\/\"},{\"@type\":\"ListItem\",\"position\":2,\"name\":\"Products\",\"item\":\"https:\/\/www.gainanimalnutrition.com\/equine\/products\/\"},{\"@type\":\"ListItem\",\"position\":3,\"name\":\"12%&nbsp;Competition Mix\"}]},{\"@type\":\"WebSite\",\"@id\":\"https:\/\/www.gainanimalnutrition.com\/equine\/fr\/#website\",\"url\":\"https:\/\/www.gainanimalnutrition.com\/equine\/fr\/\",\"name\":\"GAIN Equine\",\"description\":\"Just another Big Dog Starter Rig Sites site\",\"potentialAction\":[{\"@type\":\"SearchAction\",\"target\":{\"@type\":\"EntryPoint\",\"urlTemplate\":\"https:\/\/www.gainanimalnutrition.com\/equine\/fr\/?s={search_term_string}\"},\"query-input\":{\"@type\":\"PropertyValueSpecification\",\"valueRequired\":true,\"valueName\":\"search_term_string\"}}],\"inLanguage\":\"de-DE\"}]}<\/script>\n<!-- \/ Yoast SEO plugin. -->","yoast_head_json":{"title":"12%&nbsp;Competition Mix - GAIN Equine","description":"12%\u00a0Competition Mix eignet sich f\u00fcr viele Szenarios, vom Freizeit- bis hin zum Turnierbereich, f\u00fcr das Pretraining von Rennpferden und das \u00dcberwintern noch nicht zugerittener Tiere\u00a0\u2013 und kann ferner als Haltungsfutter f\u00fcr Zuchtstuten au\u00dferhalb der Laktationsspitze und der letzten drei Monate der Tr\u00e4chtigkeit verwendet werden, w\u00e4hrend der die Tiere ein nahrhafteres Produkt ben\u00f6tigen (siehe hierzu die Informationen \u00fcber unser Zuchtsortiment).","robots":{"index":"index","follow":"follow","max-snippet":"max-snippet:-1","max-image-preview":"max-image-preview:large","max-video-preview":"max-video-preview:-1"},"canonical":"https:\/\/www.gainanimalnutrition.com\/equine\/products\/12-competition-mix\/","og_locale":"de_DE","og_type":"article","og_title":"12%&nbsp;Competition Mix - GAIN Equine","og_description":"12%\u00a0Competition Mix eignet sich f\u00fcr viele Szenarios, vom Freizeit- bis hin zum Turnierbereich, f\u00fcr das Pretraining von Rennpferden und das \u00dcberwintern noch nicht zugerittener Tiere\u00a0\u2013 und kann ferner als Haltungsfutter f\u00fcr Zuchtstuten au\u00dferhalb der Laktationsspitze und der letzten drei Monate der Tr\u00e4chtigkeit verwendet werden, w\u00e4hrend der die Tiere ein nahrhafteres Produkt ben\u00f6tigen (siehe hierzu die Informationen \u00fcber unser Zuchtsortiment).","og_url":"https:\/\/www.gainanimalnutrition.com\/equine\/products\/12-competition-mix\/","og_site_name":"GAIN Equine","article_modified_time":"2021-12-14T17:09:25+00:00","og_image":[{"width":582,"height":800,"url":"https:\/\/www.gainanimalnutrition.com\/equine\/wp-content\/uploads\/sites\/2\/2021\/11\/GAIN_Equine_Gain-12-Competition-Mix.png","type":"image\/png"}],"twitter_card":"summary_large_image","schema":{"@context":"https:\/\/schema.org","@graph":[{"@type":"WebPage","@id":"https:\/\/www.gainanimalnutrition.com\/equine\/products\/12-competition-mix\/","url":"https:\/\/www.gainanimalnutrition.com\/equine\/products\/12-competition-mix\/","name":"12%&nbsp;Competition Mix - GAIN Equine","isPartOf":{"@id":"https:\/\/www.gainanimalnutrition.com\/equine\/fr\/#website"},"primaryImageOfPage":{"@id":"https:\/\/www.gainanimalnutrition.com\/equine\/products\/12-competition-mix\/#primaryimage"},"image":{"@id":"https:\/\/www.gainanimalnutrition.com\/equine\/products\/12-competition-mix\/#primaryimage"},"thumbnailUrl":"https:\/\/www.gainanimalnutrition.com\/equine\/wp-content\/uploads\/sites\/2\/2021\/11\/GAIN_Equine_Gain-12-Competition-Mix.png","datePublished":"2021-12-03T10:50:12+00:00","dateModified":"2021-12-14T17:09:25+00:00","description":"12%\u00a0Competition Mix eignet sich f\u00fcr viele Szenarios, vom Freizeit- bis hin zum Turnierbereich, f\u00fcr das Pretraining von Rennpferden und das \u00dcberwintern noch nicht zugerittener Tiere\u00a0\u2013 und kann ferner als Haltungsfutter f\u00fcr Zuchtstuten au\u00dferhalb der Laktationsspitze und der letzten drei Monate der Tr\u00e4chtigkeit verwendet werden, w\u00e4hrend der die Tiere ein nahrhafteres Produkt ben\u00f6tigen (siehe hierzu die Informationen \u00fcber unser Zuchtsortiment).","breadcrumb":{"@id":"https:\/\/www.gainanimalnutrition.com\/equine\/products\/12-competition-mix\/#breadcrumb"},"inLanguage":"de-DE","potentialAction":[{"@type":"ReadAction","target":["https:\/\/www.gainanimalnutrition.com\/equine\/products\/12-competition-mix\/"]}]},{"@type":"ImageObject","inLanguage":"de-DE","@id":"https:\/\/www.gainanimalnutrition.com\/equine\/products\/12-competition-mix\/#primaryimage","url":"https:\/\/www.gainanimalnutrition.com\/equine\/wp-content\/uploads\/sites\/2\/2021\/11\/GAIN_Equine_Gain-12-Competition-Mix.png","contentUrl":"https:\/\/www.gainanimalnutrition.com\/equine\/wp-content\/uploads\/sites\/2\/2021\/11\/GAIN_Equine_Gain-12-Competition-Mix.png","width":582,"height":800,"caption":"12% Competition Mix GAIN product"},{"@type":"BreadcrumbList","@id":"https:\/\/www.gainanimalnutrition.com\/equine\/products\/12-competition-mix\/#breadcrumb","itemListElement":[{"@type":"ListItem","position":1,"name":"Home","item":"https:\/\/www.gainanimalnutrition.com\/equine\/"},{"@type":"ListItem","position":2,"name":"Products","item":"https:\/\/www.gainanimalnutrition.com\/equine\/products\/"},{"@type":"ListItem","position":3,"name":"12%&nbsp;Competition Mix"}]},{"@type":"WebSite","@id":"https:\/\/www.gainanimalnutrition.com\/equine\/fr\/#website","url":"https:\/\/www.gainanimalnutrition.com\/equine\/fr\/","name":"GAIN Equine","description":"Just another Big Dog Starter Rig Sites site","potentialAction":[{"@type":"SearchAction","target":{"@type":"EntryPoint","urlTemplate":"https:\/\/www.gainanimalnutrition.com\/equine\/fr\/?s={search_term_string}"},"query-input":{"@type":"PropertyValueSpecification","valueRequired":true,"valueName":"search_term_string"}}],"inLanguage":"de-DE"}]}},"_links":{"self":[{"href":"https:\/\/www.gainanimalnutrition.com\/equine\/de\/wp-json\/wp\/v2\/product\/1255","targetHints":{"allow":["GET"]}}],"collection":[{"href":"https:\/\/www.gainanimalnutrition.com\/equine\/de\/wp-json\/wp\/v2\/product"}],"about":[{"href":"https:\/\/www.gainanimalnutrition.com\/equine\/de\/wp-json\/wp\/v2\/types\/product"}],"wp:featuredmedia":[{"embeddable":true,"href":"https:\/\/www.gainanimalnutrition.com\/equine\/de\/wp-json\/wp\/v2\/media\/2312"}],"wp:attachment":[{"href":"https:\/\/www.gainanimalnutrition.com\/equine\/de\/wp-json\/wp\/v2\/media?parent=1255"}],"wp:term":[{"taxonomy":"product-category","embeddable":true,"href":"https:\/\/www.gainanimalnutrition.com\/equine\/de\/wp-json\/wp\/v2\/product-category?post=1255"},{"taxonomy":"animal-category","embeddable":true,"href":"https:\/\/www.gainanimalnutrition.com\/equine\/de\/wp-json\/wp\/v2\/animal-category?post=1255"}],"curies":[{"name":"wp","href":"https:\/\/api.w.org\/{rel}","templated":true}]}}