{"id":1574,"date":"2022-01-28T15:27:07","date_gmt":"2022-01-28T15:27:07","guid":{"rendered":"https:\/\/www.gainanimalnutrition.com\/equine\/?page_id=1574"},"modified":"2022-02-16T15:54:36","modified_gmt":"2022-02-16T15:54:36","slug":"privacy-policy","status":"publish","type":"page","link":"https:\/\/www.gainanimalnutrition.com\/equine\/es\/privacy-policy\/","title":{"rendered":"Privacy Policy"},"content":{"rendered":"\n<p>Este aviso de protecci\u00f3n de datos (en adelante, \u00ab<strong>Aviso<\/strong>\u00bb) describe la manera en la que&nbsp;Glanbia&nbsp;Co-Operative&nbsp;Society&nbsp;Limited&nbsp;(en adelante, \u00ab<strong>Sociedad<\/strong>\u00bb) o sus filiales (incluidas&nbsp;Glanbia&nbsp;Ireland&nbsp;DAC,&nbsp;Glanbia&nbsp;Foods&nbsp;Ireland&nbsp;Limited&nbsp;y sus respectivas filiales) (en adelante \u00ab<strong>Glanbia<\/strong>\u00bb, \u00ab<strong>nosotros<\/strong>\u00bb o \u00ab<strong>nos<\/strong>\u00bb) utilizan sus datos personales, recogidos en el contexto del sitio web www.gainanimalnutrition.com y de su relaci\u00f3n comercial con nosotros.&nbsp;<\/p>\n\n\n\n<p>Glanbia&nbsp;puede modificar este Aviso a lo largo del tiempo; lo har\u00e1 actualizando est\u00e1 p\u00e1gina. Compruebe esta p\u00e1gina de vez en cuando para asegurarse de estar conforme con cualquier cambio llevado a cabo por&nbsp;Glanbia.<\/p>\n\n\n\n<p>Si es usted miembro o accionista de la Sociedad, o si entabla una relaci\u00f3n comercial con la Sociedad o con sus filiales (incluidas&nbsp;Glanbia&nbsp;Ireland&nbsp;DAC,&nbsp;Glanbia&nbsp;Foods&nbsp;Ireland&nbsp;Limited&nbsp;y sus filiales), nuestro uso y transmisi\u00f3n de sus datos personales se regir\u00e1 por lo descrito en el presente Aviso. Este Aviso tambi\u00e9n describe c\u00f3mo utiliza&nbsp;Glanbia&nbsp;los datos personales recogidos en nuestros sitios web, incluidos www.glanbiaconnect.com, www.glanbiaireland.com, www.glanbiairelandingredients.com, www.avonmore.ie y&nbsp;www.trulygrassfed.com &nbsp;(en adelante, \u00ab<strong>sitios web de&nbsp;<\/strong><strong>Glanbia<\/strong>\u00bb).&nbsp;<\/p>\n\n\n\n<p>En todo lo que respecta a este Aviso, el responsable del tratamiento de sus datos personales es&nbsp;Glanbia; si tiene alguna pregunta sobre este Aviso, la puede dirigir a:&nbsp;<\/p>\n\n\n\n<p>Nombre completo de la raz\u00f3n social:&nbsp;Glanbia&nbsp;Ireland&nbsp;DAC<\/p>\n\n\n\n<p>Direcci\u00f3n postal:&nbsp;Glanbia&nbsp;House, Kilkenny,&nbsp;Ireland<\/p>\n\n\n\n<p>Direcci\u00f3n de correo electr\u00f3nico: &nbsp;hello@glanbiaconnect.com<\/p>\n\n\n\n<p>N\u00famero de tel\u00e9fono: 0818 321 321<\/p>\n\n\n\n<p>Glanbia&nbsp;se compromete a asegurarse de proteger sus derechos en cumplimiento de las leyes de protecci\u00f3n de datos, y de conservar sus datos personales a buen recaudo. Para evitar la diseminaci\u00f3n de los datos, o el acceso no autorizado a los mismos, hemos implementado medidas f\u00edsicas, electr\u00f3nicas y administrativas adecuadas para proteger la informaci\u00f3n que recogemos y tratamos, de conformidad con la legislaci\u00f3n en materia de protecci\u00f3n de datos. La finalidad de este Aviso es explicarle lo que hacemos con sus datos personales en el contexto de su relaci\u00f3n con nosotros.&nbsp;<\/p>\n\n\n\n<p>1.\u200b<strong>\u00bfQU\u00c9 DATOS RECOGEMOS?<\/strong><\/p>\n\n\n\n<p>Glanbia&nbsp;puede recoger o generar las siguientes categor\u00edas de datos personales sobre usted:<\/p>\n\n\n\n<p>\u2022\u200bDatos de identificaci\u00f3n, incluidos su nombre y apellidos.<\/p>\n\n\n\n<p>\u2022\u200bDatos de verificaci\u00f3n de identidad, incluidos fecha de nacimiento, n\u00famero de seguridad social y, en algunos casos, copias certificadas de documentos identificativos como pasaportes o facturas.<\/p>\n\n\n\n<p>\u2022\u200bDatos de contacto, incluidos direcci\u00f3n, n\u00famero de tel\u00e9fono y direcci\u00f3n de correo electr\u00f3nico.<\/p>\n\n\n\n<p>\u2022\u200bInformaci\u00f3n financiera, como su cuenta bancaria o n\u00famero de tarjeta para facilitar los pagos que haga a&nbsp;Glanbia&nbsp;y, si procede, otros datos financieros como su l\u00edmite de cr\u00e9dito, dividendos en la Sociedad y acciones.&nbsp;<\/p>\n\n\n\n<p>\u2022\u200bDatos de su cuenta de cliente o comerciante, incluido su n\u00famero de cliente o comerciante, n\u00famero de reba\u00f1o y otros datos personales relacionados con su cuenta de cliente o comerciante.&nbsp;<\/p>\n\n\n\n<p>\u2022\u200bDatos acerca de su cumplimiento de la legislaci\u00f3n en materia de sanidad y seguridad.&nbsp;<\/p>\n\n\n\n<p>\u2022\u200bDatos t\u00e9cnicos que podemos recoger de su dispositivo al acceder a los sitios web de&nbsp;Glanbia. Entre esos datos puede incluirse la direcci\u00f3n IP, el tipo y versi\u00f3n del navegador, la zona horaria y ubicaci\u00f3n, los tipos y versiones de&nbsp;plug-ins&nbsp;del navegador, el sistema operativo y la plataforma.<\/p>\n\n\n\n<p>\u2022\u200bDatos de concursos o promociones si participa en un concurso o promoci\u00f3n organizados por&nbsp;Glanbia.&nbsp;<\/p>\n\n\n\n<p>Tambi\u00e9n podemos recibir datos personales suyos (p. ej. sobre su reba\u00f1o, sobre la sostenibilidad de su granja o sobre su cumplimiento con la legislaci\u00f3n) de terceros, entre ellos:&nbsp;<\/p>\n\n\n\n<p>\u2022\u200bEntes p\u00fablicos o semip\u00fablicos como la&nbsp;Bord&nbsp;Bia, la&nbsp;Teagasc&nbsp;o el ministerio irland\u00e9s de Agricultura, Alimentaci\u00f3n y Pesca.<\/p>\n\n\n\n<p>\u2022\u200bEntidades del sector, como la&nbsp;Irish&nbsp;Cattle&nbsp;Breeding&nbsp;Federation&nbsp;(ICBF).&nbsp;<\/p>\n\n\n\n<p>2.\u200b<strong>\u00bfQU\u00c9 HACEMOS CON LA INFORMACI\u00d3N QUE RECOGEMOS?<\/strong><\/p>\n\n\n\n<p>Usamos esta informaci\u00f3n para ofrecerle un servicio completo como miembro de la Sociedad o como particular que entabla una relaci\u00f3n comercial con&nbsp;Glanbia, y para asegurarnos de gestionar nuestros servicios de la manera m\u00e1s eficiente para usted. Usamos sus datos personales con una serie de fines, entre ellos:&nbsp;<\/p>\n\n\n\n<p>\u2022\u200bpara mantener un registro interno de cara a facilitar las compras y la entrega o prestaci\u00f3n de los bienes o servicios descritos.<\/p>\n\n\n\n<p>\u2022\u200bpara cumplir con nuestras obligaciones fruto de su inter\u00e9s en&nbsp;Glanbia, entre ellas:<\/p>\n\n\n\n<p>\u2022\u200bcontratos con proveedores l\u00e1cteos;<\/p>\n\n\n\n<p>\u2022\u200bcontratos con proveedores de cereales;<\/p>\n\n\n\n<p>\u2022\u200bgesti\u00f3n de cuentas y de ventas a clientes; y&nbsp;<\/p>\n\n\n\n<p>\u2022\u200bgesti\u00f3n y mantenimiento de datos de miembros y accionistas.<\/p>\n\n\n\n<p>\u2022\u200bpara notificarle cambios y actualizaciones de nuestros productos o servicios, u otra informaci\u00f3n relevante.<\/p>\n\n\n\n<p>\u2022\u200bpara ponernos en contacto con usted por medios electr\u00f3nicos (correo electr\u00f3nico o SMS) con informaci\u00f3n que pueda interesarle como miembro de la Sociedad, proveedor o particular que comercie con&nbsp;Glanbia.&nbsp;<\/p>\n\n\n\n<p>\u2022\u200bpara adaptar los sitios web de&nbsp;Glanbia&nbsp;a sus intereses en base a la informaci\u00f3n que hayamos recibido a trav\u00e9s de nuestros canales online.<\/p>\n\n\n\n<p>Trataremos sus datos personales, principalmente, en base a nuestros leg\u00edtimos intereses. No obstante, en algunos casos, cuando proceda, podemos tratar sus datos personales con otra base jur\u00eddica. Entre nuestras bases jur\u00eddicas para el tratamiento de sus datos personales est\u00e1n:<\/p>\n\n\n\n<p>\u2022\u200b<strong>Leg\u00edtimos intereses<\/strong>: trataremos sus datos personales, principalmente, para nuestros leg\u00edtimos intereses; entre ellos est\u00e1 el mantenimiento de un registro interno para facilitar su relaci\u00f3n con&nbsp;Glanbia&nbsp;como proveedor, cliente o comerciante. Tiene derecho a oponerse en cualquier momento al tratamiento de sus datos personales con esta base jur\u00eddica. Para saber c\u00f3mo ejercer sus derechos al respecto, consulte el apartado 7 de este Aviso. Cuando tratamos sus datos personales para nuestros leg\u00edtimos intereses, nos aseguramos de tener en cuenta c\u00f3mo puede afectarle esto a usted y a sus derechos en materia de protecci\u00f3n de datos. No utilizaremos sus datos personales para actividades en las que nuestro inter\u00e9s se vea supeditado por la repercusi\u00f3n que podr\u00eda tener el tratamiento para usted (a menos que tengamos su consentimiento, o que la ley nos lo permita o nos lo exija).<\/p>\n\n\n\n<p>\u2022\u200b<strong>Formalizaci\u00f3n o cumplimiento de contratos<\/strong>: puede que tengamos que tratar sus datos personales para formalizar un contrato con usted y para cumplir dicho contrato. Por ejemplo, si formaliza un contrato como proveedor de l\u00e1cteos o cereales, o cualquier contrato de otro tipo con&nbsp;Glanbia. Si no nos facilita sus datos personales para estos fines, no podremos cumplir con el contrato que hayamos formalizado con usted.<\/p>\n\n\n\n<p>\u2022\u200b<strong>Cumplimiento de una obligaci\u00f3n legal<\/strong>: puede que tengamos que tratar sus datos personales para cumplir con una obligaci\u00f3n legal a la que estemos sujetos de conformidad con la ley irlandesa y europea.<\/p>\n\n\n\n<p>\u2022\u200b<strong>Demandas<\/strong>: puede que tengamos que tratar sus datos personales para determinar, investigar, presentar o defendernos de una demanda.<\/p>\n\n\n\n<p>En determinadas circunstancias podemos tratar sus datos personales bas\u00e1ndonos en su consentimiento, otorgado voluntariamente. Cuando le enviamos materiales promocionales o de marketing directo, por ejemplo, lo hacemos en base a su consentimiento. Puede retirar su consentimiento para este tipo de tratamiento en cualquier momento. Para ello, p\u00f3ngase en contacto con nosotros a trav\u00e9s de las v\u00edas que se describen en el apartado 7. En el caso del marketing directo, le preguntaremos en cada una de las comunicaciones que le mandemos si desea&nbsp;desuscribirse&nbsp;o que se le excluya de la lista de distribuci\u00f3n. Tenga en cuenta que todo tratamiento llevado a cabo antes de la retirada de su consentimiento seguir\u00e1 siendo v\u00e1lido.<\/p>\n\n\n\n<p>3.\u200b<strong>RETENCI\u00d3N DE SUS DATOS<\/strong><\/p>\n\n\n\n<p>Glanbia&nbsp;guardar\u00e1 sus datos durante el tiempo necesario para cumplir con los fines descritos en el presente Aviso, para cumplir con los requisitos legales y para la gesti\u00f3n de miembros y accionistas. Tambi\u00e9n guardaremos sus datos para mantener un historial comercial de cara a la elaboraci\u00f3n de informes y al c\u00e1lculo de beneficios para nuestros miembros. Los guardaremos durante un m\u00ednimo de 7 a\u00f1os a partir de la fecha en la que termine su relaci\u00f3n con&nbsp;Glanbia.&nbsp;<\/p>\n\n\n\n<p>4.\u200b<strong>CAMBIO DE FINES DEL TRATAMIENTO<\/strong><\/p>\n\n\n\n<p>Solo usaremos sus datos personales para los fines con los que los hayamos recogido, para cumplir con obligaciones legales o en nuestro leg\u00edtimo inter\u00e9s de usarlos para otro fin compatible con el fin original. Si necesitamos usar sus datos personales para un fin no relacionado, se lo notificaremos y le explicaremos la base jur\u00eddica que nos permite hacerlo. Tenga en cuenta que podemos tratar sus datos personales sin su conocimiento o consentimiento, de cumplimiento con las normas citadas, cuando la legislaci\u00f3n vigente nos lo permita o nos lo exija.<\/p>\n\n\n\n<p>5.\u200b<strong>TRANSMISI\u00d3N Y DIVULGACI\u00d3N DE LOS DATOS<\/strong><\/p>\n\n\n\n<p>Podemos compartir sus datos personales, total o parcialmente, con las siguientes partes:&nbsp;<\/p>\n\n\n\n<p>\u2022\u200bComputershare: de vez en cuando, podemos compartir sus datos personales para que se le puedan emitir acciones de&nbsp;Glanbia&nbsp;plc&nbsp;a cambio de una parte de las acciones de la Sociedad, siempre que los miembros de la Sociedad aprueben una escisi\u00f3n de acciones de&nbsp;Glanbia&nbsp;plc&nbsp;a cambio de acciones de la Sociedad.&nbsp;<\/p>\n\n\n\n<p>\u2022\u200bAgencia tributaria irlandesa (Revenue&nbsp;Commissioners): seg\u00fan nos lo exija la legislaci\u00f3n vigente. Podemos revelar datos de sus transacciones en acciones de la Sociedad, siempre que usted lo apruebe y nos facilite sus datos fiscales, para pagar los impuestos correspondientes en su nombre.&nbsp;<\/p>\n\n\n\n<p>\u2022\u200bAgencias gubernamentales u organismos reguladores, como la&nbsp;Bord&nbsp;Bia o el ministerio irland\u00e9s de Agricultura, Alimentaci\u00f3n y Pesca, que participen en la gesti\u00f3n y supervisi\u00f3n de servicios relacionados con la alimentaci\u00f3n de consumo, los l\u00e1cteos y la agricultura.<\/p>\n\n\n\n<p>\u2022\u200bLaboratorios externos, directamente subcontratados por&nbsp;Glanbia, incluidos los de la&nbsp;Teagasc, como extensi\u00f3n de nuestros laboratorios in situ o para cumplir con obligaciones legales.<\/p>\n\n\n\n<p>\u2022\u200bEntidades del sector, como la&nbsp;Irish&nbsp;Cattle&nbsp;Breeding&nbsp;Federation&nbsp;(ICBF).&nbsp;<\/p>\n\n\n\n<p>\u2022\u200bAsesores profesionales, entre ellos abogados, banqueros, proveedores de servicios financieros, auditores y aseguradoras que nos presten servicios de banca, financieros, legales, de seguros, de consultor\u00eda o de contabilidad.<\/p>\n\n\n\n<p>\u2022\u200bProveedores que presten a&nbsp;Glanbia&nbsp;servicios t\u00e9cnicos y de inform\u00e1tica.<\/p>\n\n\n\n<p>\u2022\u200bProveedores de servicios de pago, de correo postal, de marketing u otros servicios.<\/p>\n\n\n\n<p>\u2022\u200bTerceros a los que decidamos vender o transferir una parte de nuestros activos, o con los que decidamos fusionar una parte del negocio.<\/p>\n\n\n\n<p>6.\u200b<strong>TRANSFERENCIA DE SUS DATOS<\/strong><\/p>\n\n\n\n<p>Podemos transferir sus datos personales fuera del Espacio Econ\u00f3mico Europeo (\u00ab<strong>EEE<\/strong>\u00bb). Algunos receptores (por ejemplo, algunos de los terceros que nos prestan servicios) pueden tratar sus datos personales fuera del&nbsp;EEE&nbsp;en un pa\u00eds que no ofrezca un nivel adecuado de protecci\u00f3n de dichos datos. Cuando es necesario ese tipo de transferencias, nuestra pol\u00edtica es implementar un acuerdo de transferencia adecuado, como las cl\u00e1usulas contractuales tipo aprobadas por la Comisi\u00f3n Europea. Si desea m\u00e1s informaci\u00f3n sobre este tipo de transferencias, p\u00f3ngase en contacto con nosotros a trav\u00e9s de las v\u00edas que se indican en el apartado 7 del presente Aviso.<\/p>\n\n\n\n<p>7.\u200b<strong>CONTROL DE SUS DATOS PERSONALES<\/strong><\/p>\n\n\n\n<p>En relaci\u00f3n con sus datos personales, tiene usted una serie de derechos que enumeramos a continuaci\u00f3n. Tenga en cuenta que, en algunos casos, estos derechos pueden no ser absolutos. Tiene:<\/p>\n\n\n\n<p>\u2022\u200b<strong>Derecho de acceso<\/strong>: tiene derecho a recibir una copia de los datos personales de los que usted sea titular que obren en nuestro poder. Esta solicitud, en general, es gratuita; solo se la cobraremos si consideramos que su petici\u00f3n es manifiestamente infundada o excesiva.<\/p>\n\n\n\n<p>\u2022\u200b<strong>Derecho de rectificaci\u00f3n<\/strong>: puede solicitar la rectificaci\u00f3n de cualquier dato personal incorrecto que tengamos sobre usted.<\/p>\n\n\n\n<p>\u2022\u200b<strong>Derecho de supresi\u00f3n<\/strong>: en determinadas circunstancias, puede solicitarnos que borremos sus datos personales.&nbsp;<\/p>\n\n\n\n<p>\u2022\u200b<strong>Derecho de limitaci\u00f3n del tratamiento<\/strong>: en determinadas circunstancias, puede solicitarnos que limitemos el tratamiento de sus datos personales.<\/p>\n\n\n\n<p>\u2022\u200b<strong>Derecho a la portabilidad de los datos<\/strong>: puede solicitar una copia de sus datos personales en un formato estructurado, de uso com\u00fan y de lectura autom\u00e1tica, as\u00ed como solicitar, en determinadas circunstancias, que se transmitan sus datos personales a otro responsable de tratamiento de datos, siempre que sea t\u00e9cnicamente factible.<\/p>\n\n\n\n<p>\u2022\u200b<strong>Derecho de oposici\u00f3n<\/strong>: puede oponerse en cualquier momento a que tratemos sus datos personales en base a nuestros leg\u00edtimos intereses o con fines de marketing directo. Tenga en cuenta que&nbsp;Glanbia&nbsp;no toma decisiones \u00fanicamente en funci\u00f3n de procesos automatizados (p. ej. la elaboraci\u00f3n de perfiles) que puedan tener repercusiones legales o significativas para usted.<\/p>\n\n\n\n<p>Para ejercer cualquiera de estos derechos, env\u00edenos su solicitud:<\/p>\n\n\n\n<p>Nombre completo de la raz\u00f3n social:&nbsp;Glanbia&nbsp;Ireland&nbsp;DAC<\/p>\n\n\n\n<p>Direcci\u00f3n postal:&nbsp;Glanbia&nbsp;House, Kilkenny,&nbsp;Ireland<\/p>\n\n\n\n<p>Direcci\u00f3n de correo electr\u00f3nico: &nbsp;hello@glanbiaconnect.com<\/p>\n\n\n\n<p>N\u00famero de tel\u00e9fono: 0818 321 321<\/p>\n\n\n\n<p>Le informaremos de las medidas que se hayan tomado en relaci\u00f3n con su solicitud a la mayor brevedad posible o, en todo caso, en un plazo m\u00e1ximo de un mes a partir de la fecha de recepci\u00f3n de la solicitud. Este plazo puede ampliarse a dos meses si es necesario; no obstante, de ser as\u00ed, le informaremos de esta demora. Tenga en cuenta que, cuando solicite ejercer alguno de sus derechos en materia de protecci\u00f3n de datos, podemos pedirle que verifique su identidad. Tiene tambi\u00e9n derecho a presentar una queja ante la agencia irlandesa de protecci\u00f3n de datos (Data&nbsp;ProtectionCommission).&nbsp;Para m\u00e1s informaci\u00f3n, consulte&nbsp;www.dataprotection.ie.<\/p>\n","protected":false},"excerpt":{"rendered":"<p>Este aviso de protecci\u00f3n de datos (en adelante, \u00abAviso\u00bb) describe la manera en la que&nbsp;Glanbia&nbsp;Co-Operative&nbsp;Society&nbsp;Limited&nbsp;(en adelante, \u00abSociedad\u00bb) o sus filiales (incluidas&nbsp;Glanbia&nbsp;Ireland&nbsp;DAC,&nbsp;Glanbia&nbsp;Foods&nbsp;Ireland&nbsp;Limited&nbsp;y sus respectivas filiales) (en adelante \u00abGlanbia\u00bb, \u00abnosotros\u00bb o \u00abnos\u00bb) utilizan sus datos personales, recogidos en el contexto del sitio web www.gainanimalnutrition.com y de su relaci\u00f3n comercial con nosotros.&nbsp; Glanbia&nbsp;puede modificar este Aviso a lo [&hellip;]<\/p>\n","protected":false},"author":3,"featured_media":0,"parent":0,"menu_order":0,"comment_status":"closed","ping_status":"closed","template":"","meta":{"_acf_changed":false,"footnotes":""},"class_list":["post-1574","page","type-page","status-publish","hentry"],"acf":[],"yoast_head":"<!-- This site is optimized with the Yoast SEO plugin v27.2 - https:\/\/yoast.com\/product\/yoast-seo-wordpress\/ -->\n<title>Privacy Policy - GAIN Equine<\/title>\n<meta name=\"robots\" content=\"index, follow, max-snippet:-1, max-image-preview:large, max-video-preview:-1\" \/>\n<link rel=\"canonical\" href=\"https:\/\/www.gainanimalnutrition.com\/equine\/privacy-policy\/\" \/>\n<meta property=\"og:locale\" content=\"es_ES\" \/>\n<meta property=\"og:type\" content=\"article\" \/>\n<meta property=\"og:title\" content=\"Privacy Policy - GAIN Equine\" \/>\n<meta property=\"og:description\" content=\"Este aviso de protecci\u00f3n de datos (en adelante, \u00abAviso\u00bb) describe la manera en la que&nbsp;Glanbia&nbsp;Co-Operative&nbsp;Society&nbsp;Limited&nbsp;(en adelante, \u00abSociedad\u00bb) o sus filiales (incluidas&nbsp;Glanbia&nbsp;Ireland&nbsp;DAC,&nbsp;Glanbia&nbsp;Foods&nbsp;Ireland&nbsp;Limited&nbsp;y sus respectivas filiales) (en adelante \u00abGlanbia\u00bb, \u00abnosotros\u00bb o \u00abnos\u00bb) utilizan sus datos personales, recogidos en el contexto del sitio web www.gainanimalnutrition.com y de su relaci\u00f3n comercial con nosotros.&nbsp; Glanbia&nbsp;puede modificar este Aviso a lo [&hellip;]\" \/>\n<meta property=\"og:url\" content=\"https:\/\/www.gainanimalnutrition.com\/equine\/privacy-policy\/\" \/>\n<meta property=\"og:site_name\" content=\"GAIN Equine\" \/>\n<meta property=\"article:modified_time\" content=\"2022-02-16T15:54:36+00:00\" \/>\n<meta name=\"twitter:card\" content=\"summary_large_image\" \/>\n<script type=\"application\/ld+json\" class=\"yoast-schema-graph\">{\"@context\":\"https:\/\/schema.org\",\"@graph\":[{\"@type\":\"WebPage\",\"@id\":\"https:\/\/www.gainanimalnutrition.com\/equine\/privacy-policy\/\",\"url\":\"https:\/\/www.gainanimalnutrition.com\/equine\/privacy-policy\/\",\"name\":\"Privacy Policy - GAIN Equine\",\"isPartOf\":{\"@id\":\"https:\/\/www.gainanimalnutrition.com\/equine\/fr\/#website\"},\"datePublished\":\"2022-01-28T15:27:07+00:00\",\"dateModified\":\"2022-02-16T15:54:36+00:00\",\"breadcrumb\":{\"@id\":\"https:\/\/www.gainanimalnutrition.com\/equine\/privacy-policy\/#breadcrumb\"},\"inLanguage\":\"es\",\"potentialAction\":[{\"@type\":\"ReadAction\",\"target\":[\"https:\/\/www.gainanimalnutrition.com\/equine\/privacy-policy\/\"]}]},{\"@type\":\"BreadcrumbList\",\"@id\":\"https:\/\/www.gainanimalnutrition.com\/equine\/privacy-policy\/#breadcrumb\",\"itemListElement\":[{\"@type\":\"ListItem\",\"position\":1,\"name\":\"Home\",\"item\":\"https:\/\/www.gainanimalnutrition.com\/equine\/es\/\"},{\"@type\":\"ListItem\",\"position\":2,\"name\":\"Privacy Policy\"}]},{\"@type\":\"WebSite\",\"@id\":\"https:\/\/www.gainanimalnutrition.com\/equine\/fr\/#website\",\"url\":\"https:\/\/www.gainanimalnutrition.com\/equine\/fr\/\",\"name\":\"GAIN Equine\",\"description\":\"Just another Big Dog Starter Rig Sites site\",\"potentialAction\":[{\"@type\":\"SearchAction\",\"target\":{\"@type\":\"EntryPoint\",\"urlTemplate\":\"https:\/\/www.gainanimalnutrition.com\/equine\/fr\/?s={search_term_string}\"},\"query-input\":{\"@type\":\"PropertyValueSpecification\",\"valueRequired\":true,\"valueName\":\"search_term_string\"}}],\"inLanguage\":\"es\"}]}<\/script>\n<!-- \/ Yoast SEO plugin. -->","yoast_head_json":{"title":"Privacy Policy - GAIN Equine","robots":{"index":"index","follow":"follow","max-snippet":"max-snippet:-1","max-image-preview":"max-image-preview:large","max-video-preview":"max-video-preview:-1"},"canonical":"https:\/\/www.gainanimalnutrition.com\/equine\/privacy-policy\/","og_locale":"es_ES","og_type":"article","og_title":"Privacy Policy - GAIN Equine","og_description":"Este aviso de protecci\u00f3n de datos (en adelante, \u00abAviso\u00bb) describe la manera en la que&nbsp;Glanbia&nbsp;Co-Operative&nbsp;Society&nbsp;Limited&nbsp;(en adelante, \u00abSociedad\u00bb) o sus filiales (incluidas&nbsp;Glanbia&nbsp;Ireland&nbsp;DAC,&nbsp;Glanbia&nbsp;Foods&nbsp;Ireland&nbsp;Limited&nbsp;y sus respectivas filiales) (en adelante \u00abGlanbia\u00bb, \u00abnosotros\u00bb o \u00abnos\u00bb) utilizan sus datos personales, recogidos en el contexto del sitio web www.gainanimalnutrition.com y de su relaci\u00f3n comercial con nosotros.&nbsp; Glanbia&nbsp;puede modificar este Aviso a lo [&hellip;]","og_url":"https:\/\/www.gainanimalnutrition.com\/equine\/privacy-policy\/","og_site_name":"GAIN Equine","article_modified_time":"2022-02-16T15:54:36+00:00","twitter_card":"summary_large_image","schema":{"@context":"https:\/\/schema.org","@graph":[{"@type":"WebPage","@id":"https:\/\/www.gainanimalnutrition.com\/equine\/privacy-policy\/","url":"https:\/\/www.gainanimalnutrition.com\/equine\/privacy-policy\/","name":"Privacy Policy - GAIN Equine","isPartOf":{"@id":"https:\/\/www.gainanimalnutrition.com\/equine\/fr\/#website"},"datePublished":"2022-01-28T15:27:07+00:00","dateModified":"2022-02-16T15:54:36+00:00","breadcrumb":{"@id":"https:\/\/www.gainanimalnutrition.com\/equine\/privacy-policy\/#breadcrumb"},"inLanguage":"es","potentialAction":[{"@type":"ReadAction","target":["https:\/\/www.gainanimalnutrition.com\/equine\/privacy-policy\/"]}]},{"@type":"BreadcrumbList","@id":"https:\/\/www.gainanimalnutrition.com\/equine\/privacy-policy\/#breadcrumb","itemListElement":[{"@type":"ListItem","position":1,"name":"Home","item":"https:\/\/www.gainanimalnutrition.com\/equine\/es\/"},{"@type":"ListItem","position":2,"name":"Privacy Policy"}]},{"@type":"WebSite","@id":"https:\/\/www.gainanimalnutrition.com\/equine\/fr\/#website","url":"https:\/\/www.gainanimalnutrition.com\/equine\/fr\/","name":"GAIN Equine","description":"Just another Big Dog Starter Rig Sites site","potentialAction":[{"@type":"SearchAction","target":{"@type":"EntryPoint","urlTemplate":"https:\/\/www.gainanimalnutrition.com\/equine\/fr\/?s={search_term_string}"},"query-input":{"@type":"PropertyValueSpecification","valueRequired":true,"valueName":"search_term_string"}}],"inLanguage":"es"}]}},"_links":{"self":[{"href":"https:\/\/www.gainanimalnutrition.com\/equine\/es\/wp-json\/wp\/v2\/pages\/1574","targetHints":{"allow":["GET"]}}],"collection":[{"href":"https:\/\/www.gainanimalnutrition.com\/equine\/es\/wp-json\/wp\/v2\/pages"}],"about":[{"href":"https:\/\/www.gainanimalnutrition.com\/equine\/es\/wp-json\/wp\/v2\/types\/page"}],"author":[{"embeddable":true,"href":"https:\/\/www.gainanimalnutrition.com\/equine\/es\/wp-json\/wp\/v2\/users\/3"}],"replies":[{"embeddable":true,"href":"https:\/\/www.gainanimalnutrition.com\/equine\/es\/wp-json\/wp\/v2\/comments?post=1574"}],"version-history":[{"count":0,"href":"https:\/\/www.gainanimalnutrition.com\/equine\/es\/wp-json\/wp\/v2\/pages\/1574\/revisions"}],"wp:attachment":[{"href":"https:\/\/www.gainanimalnutrition.com\/equine\/es\/wp-json\/wp\/v2\/media?parent=1574"}],"curies":[{"name":"wp","href":"https:\/\/api.w.org\/{rel}","templated":true}]}}