{"id":1710,"date":"2022-02-16T15:33:38","date_gmt":"2022-02-16T15:33:38","guid":{"rendered":"https:\/\/www.gainanimalnutrition.com\/equine\/ayuda-y-consejos\/"},"modified":"2022-05-13T11:33:39","modified_gmt":"2022-05-13T11:33:39","slug":"ayuda-y-consejos","status":"publish","type":"page","link":"https:\/\/www.gainanimalnutrition.com\/equine\/es\/ayuda-y-consejos\/","title":{"rendered":"Ayuda y consejos"},"content":{"rendered":"","protected":false},"excerpt":{"rendered":"","protected":false},"author":3,"featured_media":0,"parent":0,"menu_order":0,"comment_status":"closed","ping_status":"closed","template":"template-help-advice.php","meta":{"_acf_changed":false,"footnotes":""},"class_list":["post-1710","page","type-page","status-publish","hentry"],"acf":[],"yoast_head":"<!-- This site is optimized with the Yoast SEO plugin v27.2 - https:\/\/yoast.com\/product\/yoast-seo-wordpress\/ -->\n<title>Ayuda y consejos - GAIN Equine<\/title>\n<meta name=\"description\" content=\"GAIN Equine Nutrition fabrica una gama completa de nutrici\u00f3n equina para satisfacer las necesidades de todos los sectores de la industria. Carreras, cr\u00eda, ocio o competici\u00f3n, no importa: tenemos el producto ideal para asegurarse de que su caballo rinda al m\u00e1ximo.\" \/>\n<meta name=\"robots\" content=\"index, follow, max-snippet:-1, max-image-preview:large, max-video-preview:-1\" \/>\n<link rel=\"canonical\" href=\"https:\/\/www.gainanimalnutrition.com\/equine\/help-advice\/\" \/>\n<meta property=\"og:locale\" content=\"es_ES\" \/>\n<meta property=\"og:type\" content=\"article\" \/>\n<meta property=\"og:title\" content=\"Ayuda y consejos - GAIN Equine\" \/>\n<meta property=\"og:description\" content=\"GAIN Equine Nutrition fabrica una gama completa de nutrici\u00f3n equina para satisfacer las necesidades de todos los sectores de la industria. Carreras, cr\u00eda, ocio o competici\u00f3n, no importa: tenemos el producto ideal para asegurarse de que su caballo rinda al m\u00e1ximo.\" \/>\n<meta property=\"og:url\" content=\"https:\/\/www.gainanimalnutrition.com\/equine\/help-advice\/\" \/>\n<meta property=\"og:site_name\" content=\"GAIN Equine\" \/>\n<meta property=\"article:modified_time\" content=\"2022-05-13T11:33:39+00:00\" \/>\n<meta name=\"twitter:card\" content=\"summary_large_image\" \/>\n<script type=\"application\/ld+json\" class=\"yoast-schema-graph\">{\"@context\":\"https:\/\/schema.org\",\"@graph\":[{\"@type\":\"WebPage\",\"@id\":\"https:\/\/www.gainanimalnutrition.com\/equine\/help-advice\/\",\"url\":\"https:\/\/www.gainanimalnutrition.com\/equine\/help-advice\/\",\"name\":\"Ayuda y consejos - GAIN Equine\",\"isPartOf\":{\"@id\":\"https:\/\/www.gainanimalnutrition.com\/equine\/fr\/#website\"},\"datePublished\":\"2022-02-16T15:33:38+00:00\",\"dateModified\":\"2022-05-13T11:33:39+00:00\",\"description\":\"GAIN Equine Nutrition fabrica una gama completa de nutrici\u00f3n equina para satisfacer las necesidades de todos los sectores de la industria. Carreras, cr\u00eda, ocio o competici\u00f3n, no importa: tenemos el producto ideal para asegurarse de que su caballo rinda al m\u00e1ximo.\",\"breadcrumb\":{\"@id\":\"https:\/\/www.gainanimalnutrition.com\/equine\/help-advice\/#breadcrumb\"},\"inLanguage\":\"es\",\"potentialAction\":[{\"@type\":\"ReadAction\",\"target\":[\"https:\/\/www.gainanimalnutrition.com\/equine\/help-advice\/\"]}]},{\"@type\":\"BreadcrumbList\",\"@id\":\"https:\/\/www.gainanimalnutrition.com\/equine\/help-advice\/#breadcrumb\",\"itemListElement\":[{\"@type\":\"ListItem\",\"position\":1,\"name\":\"Home\",\"item\":\"https:\/\/www.gainanimalnutrition.com\/equine\/es\/\"},{\"@type\":\"ListItem\",\"position\":2,\"name\":\"Ayuda y consejos\"}]},{\"@type\":\"WebSite\",\"@id\":\"https:\/\/www.gainanimalnutrition.com\/equine\/fr\/#website\",\"url\":\"https:\/\/www.gainanimalnutrition.com\/equine\/fr\/\",\"name\":\"GAIN Equine\",\"description\":\"Just another Big Dog Starter Rig Sites site\",\"potentialAction\":[{\"@type\":\"SearchAction\",\"target\":{\"@type\":\"EntryPoint\",\"urlTemplate\":\"https:\/\/www.gainanimalnutrition.com\/equine\/fr\/?s={search_term_string}\"},\"query-input\":{\"@type\":\"PropertyValueSpecification\",\"valueRequired\":true,\"valueName\":\"search_term_string\"}}],\"inLanguage\":\"es\"}]}<\/script>\n<!-- \/ Yoast SEO plugin. -->","yoast_head_json":{"title":"Ayuda y consejos - GAIN Equine","description":"GAIN Equine Nutrition fabrica una gama completa de nutrici\u00f3n equina para satisfacer las necesidades de todos los sectores de la industria. Carreras, cr\u00eda, ocio o competici\u00f3n, no importa: tenemos el producto ideal para asegurarse de que su caballo rinda al m\u00e1ximo.","robots":{"index":"index","follow":"follow","max-snippet":"max-snippet:-1","max-image-preview":"max-image-preview:large","max-video-preview":"max-video-preview:-1"},"canonical":"https:\/\/www.gainanimalnutrition.com\/equine\/help-advice\/","og_locale":"es_ES","og_type":"article","og_title":"Ayuda y consejos - GAIN Equine","og_description":"GAIN Equine Nutrition fabrica una gama completa de nutrici\u00f3n equina para satisfacer las necesidades de todos los sectores de la industria. Carreras, cr\u00eda, ocio o competici\u00f3n, no importa: tenemos el producto ideal para asegurarse de que su caballo rinda al m\u00e1ximo.","og_url":"https:\/\/www.gainanimalnutrition.com\/equine\/help-advice\/","og_site_name":"GAIN Equine","article_modified_time":"2022-05-13T11:33:39+00:00","twitter_card":"summary_large_image","schema":{"@context":"https:\/\/schema.org","@graph":[{"@type":"WebPage","@id":"https:\/\/www.gainanimalnutrition.com\/equine\/help-advice\/","url":"https:\/\/www.gainanimalnutrition.com\/equine\/help-advice\/","name":"Ayuda y consejos - GAIN Equine","isPartOf":{"@id":"https:\/\/www.gainanimalnutrition.com\/equine\/fr\/#website"},"datePublished":"2022-02-16T15:33:38+00:00","dateModified":"2022-05-13T11:33:39+00:00","description":"GAIN Equine Nutrition fabrica una gama completa de nutrici\u00f3n equina para satisfacer las necesidades de todos los sectores de la industria. Carreras, cr\u00eda, ocio o competici\u00f3n, no importa: tenemos el producto ideal para asegurarse de que su caballo rinda al m\u00e1ximo.","breadcrumb":{"@id":"https:\/\/www.gainanimalnutrition.com\/equine\/help-advice\/#breadcrumb"},"inLanguage":"es","potentialAction":[{"@type":"ReadAction","target":["https:\/\/www.gainanimalnutrition.com\/equine\/help-advice\/"]}]},{"@type":"BreadcrumbList","@id":"https:\/\/www.gainanimalnutrition.com\/equine\/help-advice\/#breadcrumb","itemListElement":[{"@type":"ListItem","position":1,"name":"Home","item":"https:\/\/www.gainanimalnutrition.com\/equine\/es\/"},{"@type":"ListItem","position":2,"name":"Ayuda y consejos"}]},{"@type":"WebSite","@id":"https:\/\/www.gainanimalnutrition.com\/equine\/fr\/#website","url":"https:\/\/www.gainanimalnutrition.com\/equine\/fr\/","name":"GAIN Equine","description":"Just another Big Dog Starter Rig Sites site","potentialAction":[{"@type":"SearchAction","target":{"@type":"EntryPoint","urlTemplate":"https:\/\/www.gainanimalnutrition.com\/equine\/fr\/?s={search_term_string}"},"query-input":{"@type":"PropertyValueSpecification","valueRequired":true,"valueName":"search_term_string"}}],"inLanguage":"es"}]}},"_links":{"self":[{"href":"https:\/\/www.gainanimalnutrition.com\/equine\/es\/wp-json\/wp\/v2\/pages\/1710","targetHints":{"allow":["GET"]}}],"collection":[{"href":"https:\/\/www.gainanimalnutrition.com\/equine\/es\/wp-json\/wp\/v2\/pages"}],"about":[{"href":"https:\/\/www.gainanimalnutrition.com\/equine\/es\/wp-json\/wp\/v2\/types\/page"}],"author":[{"embeddable":true,"href":"https:\/\/www.gainanimalnutrition.com\/equine\/es\/wp-json\/wp\/v2\/users\/3"}],"replies":[{"embeddable":true,"href":"https:\/\/www.gainanimalnutrition.com\/equine\/es\/wp-json\/wp\/v2\/comments?post=1710"}],"version-history":[{"count":0,"href":"https:\/\/www.gainanimalnutrition.com\/equine\/es\/wp-json\/wp\/v2\/pages\/1710\/revisions"}],"wp:attachment":[{"href":"https:\/\/www.gainanimalnutrition.com\/equine\/es\/wp-json\/wp\/v2\/media?parent=1710"}],"curies":[{"name":"wp","href":"https:\/\/api.w.org\/{rel}","templated":true}]}}