{"id":1666,"date":"2022-02-16T15:33:36","date_gmt":"2022-02-16T15:33:36","guid":{"rendered":"https:\/\/www.gainanimalnutrition.com\/equine\/products\/cool-n-easy-mix\/"},"modified":"2022-02-16T15:33:36","modified_gmt":"2022-02-16T15:33:36","slug":"cool-n-easy-mix","status":"publish","type":"product","link":"https:\/\/www.gainanimalnutrition.com\/equine\/es\/products\/cool-n-easy-mix\/","title":{"rendered":"Cool &#8216;n&#8217; Easy Mix"},"excerpt":{"rendered":"<p>Muesli sin avena bajo en prote\u00ednas.<\/p>\n","protected":false},"featured_media":2328,"menu_order":5,"template":"","product-category":[224],"animal-category":[230,228,227,232,229,225,226,231],"class_list":["post-1666","product","type-product","status-publish","has-post-thumbnail","hentry","product-category-deporte-y-ocio","animal-category-doma-preentrenamiento","animal-category-escuela-de-equitacion","animal-category-jubilado","animal-category-lesion","animal-category-poni-club-equitacion","animal-category-reposo-en-el-box","animal-category-reposo-en-prado","animal-category-trial"],"acf":[],"yoast_head":"<!-- This site is optimized with the Yoast SEO plugin v27.2 - https:\/\/yoast.com\/product\/yoast-seo-wordpress\/ -->\n<title>Cool &#039;n&#039; Easy Mix - GAIN Equine<\/title>\n<meta name=\"description\" content=\"Cool &#039;N&#039; Easy es un pienso para competici\u00f3n de valor energ\u00e9tico moderado, y uno de los piensos de GAIN m\u00e1s vendidos en Irlanda.\" \/>\n<meta name=\"robots\" content=\"index, follow, max-snippet:-1, max-image-preview:large, max-video-preview:-1\" \/>\n<link rel=\"canonical\" href=\"https:\/\/www.gainanimalnutrition.com\/equine\/products\/cool-n-easy-mix\/\" \/>\n<meta property=\"og:locale\" content=\"es_ES\" \/>\n<meta property=\"og:type\" content=\"article\" \/>\n<meta property=\"og:title\" content=\"Cool &#039;n&#039; Easy Mix - GAIN Equine\" \/>\n<meta property=\"og:description\" content=\"Cool &#039;N&#039; Easy es un pienso para competici\u00f3n de valor energ\u00e9tico moderado, y uno de los piensos de GAIN m\u00e1s vendidos en Irlanda.\" \/>\n<meta property=\"og:url\" content=\"https:\/\/www.gainanimalnutrition.com\/equine\/products\/cool-n-easy-mix\/\" \/>\n<meta property=\"og:site_name\" content=\"GAIN Equine\" \/>\n<meta property=\"og:image\" content=\"https:\/\/www.gainanimalnutrition.com\/equine\/wp-content\/uploads\/sites\/2\/2021\/11\/GAIN_Equine_Gain-Cool-N-Easy.png\" \/>\n\t<meta property=\"og:image:width\" content=\"582\" \/>\n\t<meta property=\"og:image:height\" content=\"800\" \/>\n\t<meta property=\"og:image:type\" content=\"image\/png\" \/>\n<meta name=\"twitter:card\" content=\"summary_large_image\" \/>\n<script type=\"application\/ld+json\" class=\"yoast-schema-graph\">{\"@context\":\"https:\/\/schema.org\",\"@graph\":[{\"@type\":\"WebPage\",\"@id\":\"https:\/\/www.gainanimalnutrition.com\/equine\/products\/cool-n-easy-mix\/\",\"url\":\"https:\/\/www.gainanimalnutrition.com\/equine\/products\/cool-n-easy-mix\/\",\"name\":\"Cool 'n' Easy Mix - GAIN Equine\",\"isPartOf\":{\"@id\":\"https:\/\/www.gainanimalnutrition.com\/equine\/fr\/#website\"},\"primaryImageOfPage\":{\"@id\":\"https:\/\/www.gainanimalnutrition.com\/equine\/products\/cool-n-easy-mix\/#primaryimage\"},\"image\":{\"@id\":\"https:\/\/www.gainanimalnutrition.com\/equine\/products\/cool-n-easy-mix\/#primaryimage\"},\"thumbnailUrl\":\"https:\/\/www.gainanimalnutrition.com\/equine\/wp-content\/uploads\/sites\/2\/2021\/11\/GAIN_Equine_Gain-Cool-N-Easy.png\",\"datePublished\":\"2022-02-16T15:33:36+00:00\",\"description\":\"Cool 'N' Easy es un pienso para competici\u00f3n de valor energ\u00e9tico moderado, y uno de los piensos de GAIN m\u00e1s vendidos en Irlanda.\",\"breadcrumb\":{\"@id\":\"https:\/\/www.gainanimalnutrition.com\/equine\/products\/cool-n-easy-mix\/#breadcrumb\"},\"inLanguage\":\"es\",\"potentialAction\":[{\"@type\":\"ReadAction\",\"target\":[\"https:\/\/www.gainanimalnutrition.com\/equine\/products\/cool-n-easy-mix\/\"]}]},{\"@type\":\"ImageObject\",\"inLanguage\":\"es\",\"@id\":\"https:\/\/www.gainanimalnutrition.com\/equine\/products\/cool-n-easy-mix\/#primaryimage\",\"url\":\"https:\/\/www.gainanimalnutrition.com\/equine\/wp-content\/uploads\/sites\/2\/2021\/11\/GAIN_Equine_Gain-Cool-N-Easy.png\",\"contentUrl\":\"https:\/\/www.gainanimalnutrition.com\/equine\/wp-content\/uploads\/sites\/2\/2021\/11\/GAIN_Equine_Gain-Cool-N-Easy.png\",\"width\":582,\"height\":800,\"caption\":\"Cool-N-Easy\"},{\"@type\":\"BreadcrumbList\",\"@id\":\"https:\/\/www.gainanimalnutrition.com\/equine\/products\/cool-n-easy-mix\/#breadcrumb\",\"itemListElement\":[{\"@type\":\"ListItem\",\"position\":1,\"name\":\"Home\",\"item\":\"https:\/\/www.gainanimalnutrition.com\/equine\/es\/\"},{\"@type\":\"ListItem\",\"position\":2,\"name\":\"Products\",\"item\":\"https:\/\/www.gainanimalnutrition.com\/equine\/products\/\"},{\"@type\":\"ListItem\",\"position\":3,\"name\":\"Cool &#8216;n&#8217; Easy Mix\"}]},{\"@type\":\"WebSite\",\"@id\":\"https:\/\/www.gainanimalnutrition.com\/equine\/fr\/#website\",\"url\":\"https:\/\/www.gainanimalnutrition.com\/equine\/fr\/\",\"name\":\"GAIN Equine\",\"description\":\"Just another Big Dog Starter Rig Sites site\",\"potentialAction\":[{\"@type\":\"SearchAction\",\"target\":{\"@type\":\"EntryPoint\",\"urlTemplate\":\"https:\/\/www.gainanimalnutrition.com\/equine\/fr\/?s={search_term_string}\"},\"query-input\":{\"@type\":\"PropertyValueSpecification\",\"valueRequired\":true,\"valueName\":\"search_term_string\"}}],\"inLanguage\":\"es\"}]}<\/script>\n<!-- \/ Yoast SEO plugin. -->","yoast_head_json":{"title":"Cool 'n' Easy Mix - GAIN Equine","description":"Cool 'N' Easy es un pienso para competici\u00f3n de valor energ\u00e9tico moderado, y uno de los piensos de GAIN m\u00e1s vendidos en Irlanda.","robots":{"index":"index","follow":"follow","max-snippet":"max-snippet:-1","max-image-preview":"max-image-preview:large","max-video-preview":"max-video-preview:-1"},"canonical":"https:\/\/www.gainanimalnutrition.com\/equine\/products\/cool-n-easy-mix\/","og_locale":"es_ES","og_type":"article","og_title":"Cool 'n' Easy Mix - GAIN Equine","og_description":"Cool 'N' Easy es un pienso para competici\u00f3n de valor energ\u00e9tico moderado, y uno de los piensos de GAIN m\u00e1s vendidos en Irlanda.","og_url":"https:\/\/www.gainanimalnutrition.com\/equine\/products\/cool-n-easy-mix\/","og_site_name":"GAIN Equine","og_image":[{"width":582,"height":800,"url":"https:\/\/www.gainanimalnutrition.com\/equine\/wp-content\/uploads\/sites\/2\/2021\/11\/GAIN_Equine_Gain-Cool-N-Easy.png","type":"image\/png"}],"twitter_card":"summary_large_image","schema":{"@context":"https:\/\/schema.org","@graph":[{"@type":"WebPage","@id":"https:\/\/www.gainanimalnutrition.com\/equine\/products\/cool-n-easy-mix\/","url":"https:\/\/www.gainanimalnutrition.com\/equine\/products\/cool-n-easy-mix\/","name":"Cool 'n' Easy Mix - GAIN Equine","isPartOf":{"@id":"https:\/\/www.gainanimalnutrition.com\/equine\/fr\/#website"},"primaryImageOfPage":{"@id":"https:\/\/www.gainanimalnutrition.com\/equine\/products\/cool-n-easy-mix\/#primaryimage"},"image":{"@id":"https:\/\/www.gainanimalnutrition.com\/equine\/products\/cool-n-easy-mix\/#primaryimage"},"thumbnailUrl":"https:\/\/www.gainanimalnutrition.com\/equine\/wp-content\/uploads\/sites\/2\/2021\/11\/GAIN_Equine_Gain-Cool-N-Easy.png","datePublished":"2022-02-16T15:33:36+00:00","description":"Cool 'N' Easy es un pienso para competici\u00f3n de valor energ\u00e9tico moderado, y uno de los piensos de GAIN m\u00e1s vendidos en Irlanda.","breadcrumb":{"@id":"https:\/\/www.gainanimalnutrition.com\/equine\/products\/cool-n-easy-mix\/#breadcrumb"},"inLanguage":"es","potentialAction":[{"@type":"ReadAction","target":["https:\/\/www.gainanimalnutrition.com\/equine\/products\/cool-n-easy-mix\/"]}]},{"@type":"ImageObject","inLanguage":"es","@id":"https:\/\/www.gainanimalnutrition.com\/equine\/products\/cool-n-easy-mix\/#primaryimage","url":"https:\/\/www.gainanimalnutrition.com\/equine\/wp-content\/uploads\/sites\/2\/2021\/11\/GAIN_Equine_Gain-Cool-N-Easy.png","contentUrl":"https:\/\/www.gainanimalnutrition.com\/equine\/wp-content\/uploads\/sites\/2\/2021\/11\/GAIN_Equine_Gain-Cool-N-Easy.png","width":582,"height":800,"caption":"Cool-N-Easy"},{"@type":"BreadcrumbList","@id":"https:\/\/www.gainanimalnutrition.com\/equine\/products\/cool-n-easy-mix\/#breadcrumb","itemListElement":[{"@type":"ListItem","position":1,"name":"Home","item":"https:\/\/www.gainanimalnutrition.com\/equine\/es\/"},{"@type":"ListItem","position":2,"name":"Products","item":"https:\/\/www.gainanimalnutrition.com\/equine\/products\/"},{"@type":"ListItem","position":3,"name":"Cool &#8216;n&#8217; Easy Mix"}]},{"@type":"WebSite","@id":"https:\/\/www.gainanimalnutrition.com\/equine\/fr\/#website","url":"https:\/\/www.gainanimalnutrition.com\/equine\/fr\/","name":"GAIN Equine","description":"Just another Big Dog Starter Rig Sites site","potentialAction":[{"@type":"SearchAction","target":{"@type":"EntryPoint","urlTemplate":"https:\/\/www.gainanimalnutrition.com\/equine\/fr\/?s={search_term_string}"},"query-input":{"@type":"PropertyValueSpecification","valueRequired":true,"valueName":"search_term_string"}}],"inLanguage":"es"}]}},"_links":{"self":[{"href":"https:\/\/www.gainanimalnutrition.com\/equine\/es\/wp-json\/wp\/v2\/product\/1666","targetHints":{"allow":["GET"]}}],"collection":[{"href":"https:\/\/www.gainanimalnutrition.com\/equine\/es\/wp-json\/wp\/v2\/product"}],"about":[{"href":"https:\/\/www.gainanimalnutrition.com\/equine\/es\/wp-json\/wp\/v2\/types\/product"}],"wp:featuredmedia":[{"embeddable":true,"href":"https:\/\/www.gainanimalnutrition.com\/equine\/es\/wp-json\/wp\/v2\/media\/2328"}],"wp:attachment":[{"href":"https:\/\/www.gainanimalnutrition.com\/equine\/es\/wp-json\/wp\/v2\/media?parent=1666"}],"wp:term":[{"taxonomy":"product-category","embeddable":true,"href":"https:\/\/www.gainanimalnutrition.com\/equine\/es\/wp-json\/wp\/v2\/product-category?post=1666"},{"taxonomy":"animal-category","embeddable":true,"href":"https:\/\/www.gainanimalnutrition.com\/equine\/es\/wp-json\/wp\/v2\/animal-category?post=1666"}],"curies":[{"name":"wp","href":"https:\/\/api.w.org\/{rel}","templated":true}]}}