{"id":1711,"date":"2022-02-16T15:33:38","date_gmt":"2022-02-16T15:33:38","guid":{"rendered":"https:\/\/www.gainanimalnutrition.com\/equine\/products\/easy-go-cubes\/"},"modified":"2022-02-16T15:33:38","modified_gmt":"2022-02-16T15:33:38","slug":"easy-go-cubes","status":"publish","type":"product","link":"https:\/\/www.gainanimalnutrition.com\/equine\/es\/products\/easy-go-cubes\/","title":{"rendered":"Easy Go Cubes"},"excerpt":{"rendered":"<p>Liberaci\u00f3n controlada de la energ\u00eda gracias a su f\u00f3rmula sin avena y baja en almid\u00f3n.<\/p>\n","protected":false},"featured_media":2323,"menu_order":2,"template":"","product-category":[224],"animal-category":[243,230,248,221,227,232,215,225,226,245,231],"class_list":["post-1711","product","type-product","status-publish","has-post-thumbnail","hentry","product-category-deporte-y-ocio","animal-category-bajo-en-almidon","animal-category-doma-preentrenamiento","animal-category-doma-clasica","animal-category-hunter","animal-category-jubilado","animal-category-lesion","animal-category-preentrenamiento","animal-category-reposo-en-el-box","animal-category-reposo-en-prado","animal-category-salto-ecuestre","animal-category-trial"],"acf":[],"yoast_head":"<!-- This site is optimized with the Yoast SEO plugin v27.2 - https:\/\/yoast.com\/product\/yoast-seo-wordpress\/ -->\n<title>Easy Go Cubes - GAIN Equine<\/title>\n<meta name=\"description\" content=\"Easy Go Cubes es un producto similar a Cool \u2018N\u2019 Easy Mix: ofrece un valor energ\u00e9tico medio y no contiene avena.\" \/>\n<meta name=\"robots\" content=\"index, follow, max-snippet:-1, max-image-preview:large, max-video-preview:-1\" \/>\n<link rel=\"canonical\" href=\"https:\/\/www.gainanimalnutrition.com\/equine\/products\/easy-go-cubes\/\" \/>\n<meta property=\"og:locale\" content=\"es_ES\" \/>\n<meta property=\"og:type\" content=\"article\" \/>\n<meta property=\"og:title\" content=\"Easy Go Cubes - GAIN Equine\" \/>\n<meta property=\"og:description\" content=\"Easy Go Cubes es un producto similar a Cool \u2018N\u2019 Easy Mix: ofrece un valor energ\u00e9tico medio y no contiene avena.\" \/>\n<meta property=\"og:url\" content=\"https:\/\/www.gainanimalnutrition.com\/equine\/products\/easy-go-cubes\/\" \/>\n<meta property=\"og:site_name\" content=\"GAIN Equine\" \/>\n<meta property=\"og:image\" content=\"https:\/\/www.gainanimalnutrition.com\/equine\/wp-content\/uploads\/sites\/2\/2021\/11\/GAIN_Equine_Gain-Easy-Go-Cubes.png\" \/>\n\t<meta property=\"og:image:width\" content=\"582\" \/>\n\t<meta property=\"og:image:height\" content=\"800\" \/>\n\t<meta property=\"og:image:type\" content=\"image\/png\" \/>\n<meta name=\"twitter:card\" content=\"summary_large_image\" \/>\n<script type=\"application\/ld+json\" class=\"yoast-schema-graph\">{\"@context\":\"https:\/\/schema.org\",\"@graph\":[{\"@type\":\"WebPage\",\"@id\":\"https:\/\/www.gainanimalnutrition.com\/equine\/products\/easy-go-cubes\/\",\"url\":\"https:\/\/www.gainanimalnutrition.com\/equine\/products\/easy-go-cubes\/\",\"name\":\"Easy Go Cubes - GAIN Equine\",\"isPartOf\":{\"@id\":\"https:\/\/www.gainanimalnutrition.com\/equine\/fr\/#website\"},\"primaryImageOfPage\":{\"@id\":\"https:\/\/www.gainanimalnutrition.com\/equine\/products\/easy-go-cubes\/#primaryimage\"},\"image\":{\"@id\":\"https:\/\/www.gainanimalnutrition.com\/equine\/products\/easy-go-cubes\/#primaryimage\"},\"thumbnailUrl\":\"https:\/\/www.gainanimalnutrition.com\/equine\/wp-content\/uploads\/sites\/2\/2021\/11\/GAIN_Equine_Gain-Easy-Go-Cubes.png\",\"datePublished\":\"2022-02-16T15:33:38+00:00\",\"description\":\"Easy Go Cubes es un producto similar a Cool \u2018N\u2019 Easy Mix: ofrece un valor energ\u00e9tico medio y no contiene avena.\",\"breadcrumb\":{\"@id\":\"https:\/\/www.gainanimalnutrition.com\/equine\/products\/easy-go-cubes\/#breadcrumb\"},\"inLanguage\":\"es\",\"potentialAction\":[{\"@type\":\"ReadAction\",\"target\":[\"https:\/\/www.gainanimalnutrition.com\/equine\/products\/easy-go-cubes\/\"]}]},{\"@type\":\"ImageObject\",\"inLanguage\":\"es\",\"@id\":\"https:\/\/www.gainanimalnutrition.com\/equine\/products\/easy-go-cubes\/#primaryimage\",\"url\":\"https:\/\/www.gainanimalnutrition.com\/equine\/wp-content\/uploads\/sites\/2\/2021\/11\/GAIN_Equine_Gain-Easy-Go-Cubes.png\",\"contentUrl\":\"https:\/\/www.gainanimalnutrition.com\/equine\/wp-content\/uploads\/sites\/2\/2021\/11\/GAIN_Equine_Gain-Easy-Go-Cubes.png\",\"width\":582,\"height\":800,\"caption\":\"Easy Go Cubes\"},{\"@type\":\"BreadcrumbList\",\"@id\":\"https:\/\/www.gainanimalnutrition.com\/equine\/products\/easy-go-cubes\/#breadcrumb\",\"itemListElement\":[{\"@type\":\"ListItem\",\"position\":1,\"name\":\"Home\",\"item\":\"https:\/\/www.gainanimalnutrition.com\/equine\/es\/\"},{\"@type\":\"ListItem\",\"position\":2,\"name\":\"Products\",\"item\":\"https:\/\/www.gainanimalnutrition.com\/equine\/products\/\"},{\"@type\":\"ListItem\",\"position\":3,\"name\":\"Easy Go Cubes\"}]},{\"@type\":\"WebSite\",\"@id\":\"https:\/\/www.gainanimalnutrition.com\/equine\/fr\/#website\",\"url\":\"https:\/\/www.gainanimalnutrition.com\/equine\/fr\/\",\"name\":\"GAIN Equine\",\"description\":\"Just another Big Dog Starter Rig Sites site\",\"potentialAction\":[{\"@type\":\"SearchAction\",\"target\":{\"@type\":\"EntryPoint\",\"urlTemplate\":\"https:\/\/www.gainanimalnutrition.com\/equine\/fr\/?s={search_term_string}\"},\"query-input\":{\"@type\":\"PropertyValueSpecification\",\"valueRequired\":true,\"valueName\":\"search_term_string\"}}],\"inLanguage\":\"es\"}]}<\/script>\n<!-- \/ Yoast SEO plugin. -->","yoast_head_json":{"title":"Easy Go Cubes - GAIN Equine","description":"Easy Go Cubes es un producto similar a Cool \u2018N\u2019 Easy Mix: ofrece un valor energ\u00e9tico medio y no contiene avena.","robots":{"index":"index","follow":"follow","max-snippet":"max-snippet:-1","max-image-preview":"max-image-preview:large","max-video-preview":"max-video-preview:-1"},"canonical":"https:\/\/www.gainanimalnutrition.com\/equine\/products\/easy-go-cubes\/","og_locale":"es_ES","og_type":"article","og_title":"Easy Go Cubes - GAIN Equine","og_description":"Easy Go Cubes es un producto similar a Cool \u2018N\u2019 Easy Mix: ofrece un valor energ\u00e9tico medio y no contiene avena.","og_url":"https:\/\/www.gainanimalnutrition.com\/equine\/products\/easy-go-cubes\/","og_site_name":"GAIN Equine","og_image":[{"width":582,"height":800,"url":"https:\/\/www.gainanimalnutrition.com\/equine\/wp-content\/uploads\/sites\/2\/2021\/11\/GAIN_Equine_Gain-Easy-Go-Cubes.png","type":"image\/png"}],"twitter_card":"summary_large_image","schema":{"@context":"https:\/\/schema.org","@graph":[{"@type":"WebPage","@id":"https:\/\/www.gainanimalnutrition.com\/equine\/products\/easy-go-cubes\/","url":"https:\/\/www.gainanimalnutrition.com\/equine\/products\/easy-go-cubes\/","name":"Easy Go Cubes - GAIN Equine","isPartOf":{"@id":"https:\/\/www.gainanimalnutrition.com\/equine\/fr\/#website"},"primaryImageOfPage":{"@id":"https:\/\/www.gainanimalnutrition.com\/equine\/products\/easy-go-cubes\/#primaryimage"},"image":{"@id":"https:\/\/www.gainanimalnutrition.com\/equine\/products\/easy-go-cubes\/#primaryimage"},"thumbnailUrl":"https:\/\/www.gainanimalnutrition.com\/equine\/wp-content\/uploads\/sites\/2\/2021\/11\/GAIN_Equine_Gain-Easy-Go-Cubes.png","datePublished":"2022-02-16T15:33:38+00:00","description":"Easy Go Cubes es un producto similar a Cool \u2018N\u2019 Easy Mix: ofrece un valor energ\u00e9tico medio y no contiene avena.","breadcrumb":{"@id":"https:\/\/www.gainanimalnutrition.com\/equine\/products\/easy-go-cubes\/#breadcrumb"},"inLanguage":"es","potentialAction":[{"@type":"ReadAction","target":["https:\/\/www.gainanimalnutrition.com\/equine\/products\/easy-go-cubes\/"]}]},{"@type":"ImageObject","inLanguage":"es","@id":"https:\/\/www.gainanimalnutrition.com\/equine\/products\/easy-go-cubes\/#primaryimage","url":"https:\/\/www.gainanimalnutrition.com\/equine\/wp-content\/uploads\/sites\/2\/2021\/11\/GAIN_Equine_Gain-Easy-Go-Cubes.png","contentUrl":"https:\/\/www.gainanimalnutrition.com\/equine\/wp-content\/uploads\/sites\/2\/2021\/11\/GAIN_Equine_Gain-Easy-Go-Cubes.png","width":582,"height":800,"caption":"Easy Go Cubes"},{"@type":"BreadcrumbList","@id":"https:\/\/www.gainanimalnutrition.com\/equine\/products\/easy-go-cubes\/#breadcrumb","itemListElement":[{"@type":"ListItem","position":1,"name":"Home","item":"https:\/\/www.gainanimalnutrition.com\/equine\/es\/"},{"@type":"ListItem","position":2,"name":"Products","item":"https:\/\/www.gainanimalnutrition.com\/equine\/products\/"},{"@type":"ListItem","position":3,"name":"Easy Go Cubes"}]},{"@type":"WebSite","@id":"https:\/\/www.gainanimalnutrition.com\/equine\/fr\/#website","url":"https:\/\/www.gainanimalnutrition.com\/equine\/fr\/","name":"GAIN Equine","description":"Just another Big Dog Starter Rig Sites site","potentialAction":[{"@type":"SearchAction","target":{"@type":"EntryPoint","urlTemplate":"https:\/\/www.gainanimalnutrition.com\/equine\/fr\/?s={search_term_string}"},"query-input":{"@type":"PropertyValueSpecification","valueRequired":true,"valueName":"search_term_string"}}],"inLanguage":"es"}]}},"_links":{"self":[{"href":"https:\/\/www.gainanimalnutrition.com\/equine\/es\/wp-json\/wp\/v2\/product\/1711","targetHints":{"allow":["GET"]}}],"collection":[{"href":"https:\/\/www.gainanimalnutrition.com\/equine\/es\/wp-json\/wp\/v2\/product"}],"about":[{"href":"https:\/\/www.gainanimalnutrition.com\/equine\/es\/wp-json\/wp\/v2\/types\/product"}],"wp:featuredmedia":[{"embeddable":true,"href":"https:\/\/www.gainanimalnutrition.com\/equine\/es\/wp-json\/wp\/v2\/media\/2323"}],"wp:attachment":[{"href":"https:\/\/www.gainanimalnutrition.com\/equine\/es\/wp-json\/wp\/v2\/media?parent=1711"}],"wp:term":[{"taxonomy":"product-category","embeddable":true,"href":"https:\/\/www.gainanimalnutrition.com\/equine\/es\/wp-json\/wp\/v2\/product-category?post=1711"},{"taxonomy":"animal-category","embeddable":true,"href":"https:\/\/www.gainanimalnutrition.com\/equine\/es\/wp-json\/wp\/v2\/animal-category?post=1711"}],"curies":[{"name":"wp","href":"https:\/\/api.w.org\/{rel}","templated":true}]}}