{"id":1763,"date":"2022-02-16T15:33:41","date_gmt":"2022-02-16T15:33:41","guid":{"rendered":"https:\/\/www.gainanimalnutrition.com\/equine\/products\/12-competition-mix\/"},"modified":"2022-02-16T15:33:41","modified_gmt":"2022-02-16T15:33:41","slug":"12-competition-mix","status":"publish","type":"product","link":"https:\/\/www.gainanimalnutrition.com\/equine\/es\/products\/12-competition-mix\/","title":{"rendered":"12% Competition Mix"},"excerpt":{"rendered":"<p>Energ\u00eda controlada sin avena: \u00a1el pienso de los campeones!<\/p>\n","protected":false},"featured_media":2313,"menu_order":4,"template":"","product-category":[224],"animal-category":[247,246,248,241,240,229,245,223],"class_list":["post-1763","product","type-product","status-publish","has-post-thumbnail","hentry","product-category-deporte-y-ocio","animal-category-concurso-de-tres-dias","animal-category-concurso-de-un-dia","animal-category-doma-clasica","animal-category-polo-es","animal-category-polocrosse-es","animal-category-poni-club-equitacion","animal-category-salto-ecuestre","animal-category-salto-ecuestre-en-grandes-premios"],"acf":[],"yoast_head":"<!-- This site is optimized with the Yoast SEO plugin v27.2 - https:\/\/yoast.com\/product\/yoast-seo-wordpress\/ -->\n<title>12% Competition Mix - GAIN Equine<\/title>\n<meta name=\"description\" content=\"12% Competition Mix es un producto apto para caballos en distintas circunstancias, desde los empleados para el ocio hasta los de competici\u00f3n, as\u00ed como para el preentrenamiento de caballos de carreras o para la alimentaci\u00f3n de caballos que se est\u00e9n preparando para la competici\u00f3n durante el invierno. Tambi\u00e9n puede usarse como dieta de mantenimiento para yeguas de cr\u00eda (fuera del pico de lactancia y de los \u00faltimos tres meses de embarazo, en los que necesitar\u00e1n un producto superior; para m\u00e1s informaci\u00f3n, consulte el apartado sobre nuestra gama Stud).\" \/>\n<meta name=\"robots\" content=\"index, follow, max-snippet:-1, max-image-preview:large, max-video-preview:-1\" \/>\n<link rel=\"canonical\" href=\"https:\/\/www.gainanimalnutrition.com\/equine\/products\/12-competition-mix\/\" \/>\n<meta property=\"og:locale\" content=\"es_ES\" \/>\n<meta property=\"og:type\" content=\"article\" \/>\n<meta property=\"og:title\" content=\"12% Competition Mix - GAIN Equine\" \/>\n<meta property=\"og:description\" content=\"12% Competition Mix es un producto apto para caballos en distintas circunstancias, desde los empleados para el ocio hasta los de competici\u00f3n, as\u00ed como para el preentrenamiento de caballos de carreras o para la alimentaci\u00f3n de caballos que se est\u00e9n preparando para la competici\u00f3n durante el invierno. Tambi\u00e9n puede usarse como dieta de mantenimiento para yeguas de cr\u00eda (fuera del pico de lactancia y de los \u00faltimos tres meses de embarazo, en los que necesitar\u00e1n un producto superior; para m\u00e1s informaci\u00f3n, consulte el apartado sobre nuestra gama Stud).\" \/>\n<meta property=\"og:url\" content=\"https:\/\/www.gainanimalnutrition.com\/equine\/products\/12-competition-mix\/\" \/>\n<meta property=\"og:site_name\" content=\"GAIN Equine\" \/>\n<meta property=\"og:image\" content=\"https:\/\/www.gainanimalnutrition.com\/equine\/wp-content\/uploads\/sites\/2\/2021\/11\/GAIN_Equine_Gain-12-Competition-Mix.png\" \/>\n\t<meta property=\"og:image:width\" content=\"582\" \/>\n\t<meta property=\"og:image:height\" content=\"800\" \/>\n\t<meta property=\"og:image:type\" content=\"image\/png\" \/>\n<meta name=\"twitter:card\" content=\"summary_large_image\" \/>\n<script type=\"application\/ld+json\" class=\"yoast-schema-graph\">{\"@context\":\"https:\/\/schema.org\",\"@graph\":[{\"@type\":\"WebPage\",\"@id\":\"https:\/\/www.gainanimalnutrition.com\/equine\/products\/12-competition-mix\/\",\"url\":\"https:\/\/www.gainanimalnutrition.com\/equine\/products\/12-competition-mix\/\",\"name\":\"12% Competition Mix - GAIN Equine\",\"isPartOf\":{\"@id\":\"https:\/\/www.gainanimalnutrition.com\/equine\/fr\/#website\"},\"primaryImageOfPage\":{\"@id\":\"https:\/\/www.gainanimalnutrition.com\/equine\/products\/12-competition-mix\/#primaryimage\"},\"image\":{\"@id\":\"https:\/\/www.gainanimalnutrition.com\/equine\/products\/12-competition-mix\/#primaryimage\"},\"thumbnailUrl\":\"https:\/\/www.gainanimalnutrition.com\/equine\/wp-content\/uploads\/sites\/2\/2021\/11\/GAIN_Equine_Gain-12-Competition-Mix.png\",\"datePublished\":\"2022-02-16T15:33:41+00:00\",\"description\":\"12% Competition Mix es un producto apto para caballos en distintas circunstancias, desde los empleados para el ocio hasta los de competici\u00f3n, as\u00ed como para el preentrenamiento de caballos de carreras o para la alimentaci\u00f3n de caballos que se est\u00e9n preparando para la competici\u00f3n durante el invierno. Tambi\u00e9n puede usarse como dieta de mantenimiento para yeguas de cr\u00eda (fuera del pico de lactancia y de los \u00faltimos tres meses de embarazo, en los que necesitar\u00e1n un producto superior; para m\u00e1s informaci\u00f3n, consulte el apartado sobre nuestra gama Stud).\",\"breadcrumb\":{\"@id\":\"https:\/\/www.gainanimalnutrition.com\/equine\/products\/12-competition-mix\/#breadcrumb\"},\"inLanguage\":\"es\",\"potentialAction\":[{\"@type\":\"ReadAction\",\"target\":[\"https:\/\/www.gainanimalnutrition.com\/equine\/products\/12-competition-mix\/\"]}]},{\"@type\":\"ImageObject\",\"inLanguage\":\"es\",\"@id\":\"https:\/\/www.gainanimalnutrition.com\/equine\/products\/12-competition-mix\/#primaryimage\",\"url\":\"https:\/\/www.gainanimalnutrition.com\/equine\/wp-content\/uploads\/sites\/2\/2021\/11\/GAIN_Equine_Gain-12-Competition-Mix.png\",\"contentUrl\":\"https:\/\/www.gainanimalnutrition.com\/equine\/wp-content\/uploads\/sites\/2\/2021\/11\/GAIN_Equine_Gain-12-Competition-Mix.png\",\"width\":582,\"height\":800,\"caption\":\"12% Competition Mix GAIN product\"},{\"@type\":\"BreadcrumbList\",\"@id\":\"https:\/\/www.gainanimalnutrition.com\/equine\/products\/12-competition-mix\/#breadcrumb\",\"itemListElement\":[{\"@type\":\"ListItem\",\"position\":1,\"name\":\"Home\",\"item\":\"https:\/\/www.gainanimalnutrition.com\/equine\/es\/\"},{\"@type\":\"ListItem\",\"position\":2,\"name\":\"Products\",\"item\":\"https:\/\/www.gainanimalnutrition.com\/equine\/products\/\"},{\"@type\":\"ListItem\",\"position\":3,\"name\":\"12% Competition Mix\"}]},{\"@type\":\"WebSite\",\"@id\":\"https:\/\/www.gainanimalnutrition.com\/equine\/fr\/#website\",\"url\":\"https:\/\/www.gainanimalnutrition.com\/equine\/fr\/\",\"name\":\"GAIN Equine\",\"description\":\"Just another Big Dog Starter Rig Sites site\",\"potentialAction\":[{\"@type\":\"SearchAction\",\"target\":{\"@type\":\"EntryPoint\",\"urlTemplate\":\"https:\/\/www.gainanimalnutrition.com\/equine\/fr\/?s={search_term_string}\"},\"query-input\":{\"@type\":\"PropertyValueSpecification\",\"valueRequired\":true,\"valueName\":\"search_term_string\"}}],\"inLanguage\":\"es\"}]}<\/script>\n<!-- \/ Yoast SEO plugin. -->","yoast_head_json":{"title":"12% Competition Mix - GAIN Equine","description":"12% Competition Mix es un producto apto para caballos en distintas circunstancias, desde los empleados para el ocio hasta los de competici\u00f3n, as\u00ed como para el preentrenamiento de caballos de carreras o para la alimentaci\u00f3n de caballos que se est\u00e9n preparando para la competici\u00f3n durante el invierno. Tambi\u00e9n puede usarse como dieta de mantenimiento para yeguas de cr\u00eda (fuera del pico de lactancia y de los \u00faltimos tres meses de embarazo, en los que necesitar\u00e1n un producto superior; para m\u00e1s informaci\u00f3n, consulte el apartado sobre nuestra gama Stud).","robots":{"index":"index","follow":"follow","max-snippet":"max-snippet:-1","max-image-preview":"max-image-preview:large","max-video-preview":"max-video-preview:-1"},"canonical":"https:\/\/www.gainanimalnutrition.com\/equine\/products\/12-competition-mix\/","og_locale":"es_ES","og_type":"article","og_title":"12% Competition Mix - GAIN Equine","og_description":"12% Competition Mix es un producto apto para caballos en distintas circunstancias, desde los empleados para el ocio hasta los de competici\u00f3n, as\u00ed como para el preentrenamiento de caballos de carreras o para la alimentaci\u00f3n de caballos que se est\u00e9n preparando para la competici\u00f3n durante el invierno. Tambi\u00e9n puede usarse como dieta de mantenimiento para yeguas de cr\u00eda (fuera del pico de lactancia y de los \u00faltimos tres meses de embarazo, en los que necesitar\u00e1n un producto superior; para m\u00e1s informaci\u00f3n, consulte el apartado sobre nuestra gama Stud).","og_url":"https:\/\/www.gainanimalnutrition.com\/equine\/products\/12-competition-mix\/","og_site_name":"GAIN Equine","og_image":[{"width":582,"height":800,"url":"https:\/\/www.gainanimalnutrition.com\/equine\/wp-content\/uploads\/sites\/2\/2021\/11\/GAIN_Equine_Gain-12-Competition-Mix.png","type":"image\/png"}],"twitter_card":"summary_large_image","schema":{"@context":"https:\/\/schema.org","@graph":[{"@type":"WebPage","@id":"https:\/\/www.gainanimalnutrition.com\/equine\/products\/12-competition-mix\/","url":"https:\/\/www.gainanimalnutrition.com\/equine\/products\/12-competition-mix\/","name":"12% Competition Mix - GAIN Equine","isPartOf":{"@id":"https:\/\/www.gainanimalnutrition.com\/equine\/fr\/#website"},"primaryImageOfPage":{"@id":"https:\/\/www.gainanimalnutrition.com\/equine\/products\/12-competition-mix\/#primaryimage"},"image":{"@id":"https:\/\/www.gainanimalnutrition.com\/equine\/products\/12-competition-mix\/#primaryimage"},"thumbnailUrl":"https:\/\/www.gainanimalnutrition.com\/equine\/wp-content\/uploads\/sites\/2\/2021\/11\/GAIN_Equine_Gain-12-Competition-Mix.png","datePublished":"2022-02-16T15:33:41+00:00","description":"12% Competition Mix es un producto apto para caballos en distintas circunstancias, desde los empleados para el ocio hasta los de competici\u00f3n, as\u00ed como para el preentrenamiento de caballos de carreras o para la alimentaci\u00f3n de caballos que se est\u00e9n preparando para la competici\u00f3n durante el invierno. Tambi\u00e9n puede usarse como dieta de mantenimiento para yeguas de cr\u00eda (fuera del pico de lactancia y de los \u00faltimos tres meses de embarazo, en los que necesitar\u00e1n un producto superior; para m\u00e1s informaci\u00f3n, consulte el apartado sobre nuestra gama Stud).","breadcrumb":{"@id":"https:\/\/www.gainanimalnutrition.com\/equine\/products\/12-competition-mix\/#breadcrumb"},"inLanguage":"es","potentialAction":[{"@type":"ReadAction","target":["https:\/\/www.gainanimalnutrition.com\/equine\/products\/12-competition-mix\/"]}]},{"@type":"ImageObject","inLanguage":"es","@id":"https:\/\/www.gainanimalnutrition.com\/equine\/products\/12-competition-mix\/#primaryimage","url":"https:\/\/www.gainanimalnutrition.com\/equine\/wp-content\/uploads\/sites\/2\/2021\/11\/GAIN_Equine_Gain-12-Competition-Mix.png","contentUrl":"https:\/\/www.gainanimalnutrition.com\/equine\/wp-content\/uploads\/sites\/2\/2021\/11\/GAIN_Equine_Gain-12-Competition-Mix.png","width":582,"height":800,"caption":"12% Competition Mix GAIN product"},{"@type":"BreadcrumbList","@id":"https:\/\/www.gainanimalnutrition.com\/equine\/products\/12-competition-mix\/#breadcrumb","itemListElement":[{"@type":"ListItem","position":1,"name":"Home","item":"https:\/\/www.gainanimalnutrition.com\/equine\/es\/"},{"@type":"ListItem","position":2,"name":"Products","item":"https:\/\/www.gainanimalnutrition.com\/equine\/products\/"},{"@type":"ListItem","position":3,"name":"12% Competition Mix"}]},{"@type":"WebSite","@id":"https:\/\/www.gainanimalnutrition.com\/equine\/fr\/#website","url":"https:\/\/www.gainanimalnutrition.com\/equine\/fr\/","name":"GAIN Equine","description":"Just another Big Dog Starter Rig Sites site","potentialAction":[{"@type":"SearchAction","target":{"@type":"EntryPoint","urlTemplate":"https:\/\/www.gainanimalnutrition.com\/equine\/fr\/?s={search_term_string}"},"query-input":{"@type":"PropertyValueSpecification","valueRequired":true,"valueName":"search_term_string"}}],"inLanguage":"es"}]}},"_links":{"self":[{"href":"https:\/\/www.gainanimalnutrition.com\/equine\/es\/wp-json\/wp\/v2\/product\/1763","targetHints":{"allow":["GET"]}}],"collection":[{"href":"https:\/\/www.gainanimalnutrition.com\/equine\/es\/wp-json\/wp\/v2\/product"}],"about":[{"href":"https:\/\/www.gainanimalnutrition.com\/equine\/es\/wp-json\/wp\/v2\/types\/product"}],"wp:featuredmedia":[{"embeddable":true,"href":"https:\/\/www.gainanimalnutrition.com\/equine\/es\/wp-json\/wp\/v2\/media\/2313"}],"wp:attachment":[{"href":"https:\/\/www.gainanimalnutrition.com\/equine\/es\/wp-json\/wp\/v2\/media?parent=1763"}],"wp:term":[{"taxonomy":"product-category","embeddable":true,"href":"https:\/\/www.gainanimalnutrition.com\/equine\/es\/wp-json\/wp\/v2\/product-category?post=1763"},{"taxonomy":"animal-category","embeddable":true,"href":"https:\/\/www.gainanimalnutrition.com\/equine\/es\/wp-json\/wp\/v2\/animal-category?post=1763"}],"curies":[{"name":"wp","href":"https:\/\/api.w.org\/{rel}","templated":true}]}}