{"id":1913,"date":"2022-02-25T11:30:17","date_gmt":"2022-02-25T11:30:17","guid":{"rendered":"https:\/\/www.gainanimalnutrition.com\/equine\/products\/sustain-plus-mix\/"},"modified":"2024-04-02T14:36:34","modified_gmt":"2024-04-02T14:36:34","slug":"sustain-plus-mix","status":"publish","type":"product","link":"https:\/\/www.gainanimalnutrition.com\/equine\/es\/products\/sustain-plus-mix\/","title":{"rendered":"Sustain-Plus Mix"},"excerpt":{"rendered":"<p>Potente f\u00f3rmula baja en prote\u00ednas para un aporte de energ\u00eda sostenido.<\/p>\n","protected":false},"featured_media":2363,"menu_order":16,"template":"","product-category":[244],"animal-category":[],"class_list":["post-1913","product","type-product","status-publish","has-post-thumbnail","hentry","product-category-gama-especializada"],"acf":[],"yoast_head":"<!-- This site is optimized with the Yoast SEO plugin v27.2 - https:\/\/yoast.com\/product\/yoast-seo-wordpress\/ -->\n<title>Sustain-Plus Mix - GAIN Equine<\/title>\n<meta name=\"description\" content=\"Potente f\u00f3rmula baja en prote\u00ednas, apta para caballos destinados a carreras, concurso completo, salto ecuestre, resistencia o trotones.\" \/>\n<meta name=\"robots\" content=\"index, follow, max-snippet:-1, max-image-preview:large, max-video-preview:-1\" \/>\n<link rel=\"canonical\" href=\"https:\/\/www.gainanimalnutrition.com\/equine\/products\/sustain-plus-mix\/\" \/>\n<meta property=\"og:locale\" content=\"es_ES\" \/>\n<meta property=\"og:type\" content=\"article\" \/>\n<meta property=\"og:title\" content=\"Sustain-Plus Mix - GAIN Equine\" \/>\n<meta property=\"og:description\" content=\"Potente f\u00f3rmula baja en prote\u00ednas, apta para caballos destinados a carreras, concurso completo, salto ecuestre, resistencia o trotones.\" \/>\n<meta property=\"og:url\" content=\"https:\/\/www.gainanimalnutrition.com\/equine\/products\/sustain-plus-mix\/\" \/>\n<meta property=\"og:site_name\" content=\"GAIN Equine\" \/>\n<meta property=\"article:modified_time\" content=\"2024-04-02T14:36:34+00:00\" \/>\n<meta property=\"og:image\" content=\"https:\/\/www.gainanimalnutrition.com\/equine\/wp-content\/uploads\/sites\/2\/2021\/10\/GAIN_Equine_Gain-Sustain-Plus-Mix.png\" \/>\n\t<meta property=\"og:image:width\" content=\"582\" \/>\n\t<meta property=\"og:image:height\" content=\"800\" \/>\n\t<meta property=\"og:image:type\" content=\"image\/png\" \/>\n<meta name=\"twitter:card\" content=\"summary_large_image\" \/>\n<script type=\"application\/ld+json\" class=\"yoast-schema-graph\">{\"@context\":\"https:\/\/schema.org\",\"@graph\":[{\"@type\":\"WebPage\",\"@id\":\"https:\/\/www.gainanimalnutrition.com\/equine\/products\/sustain-plus-mix\/\",\"url\":\"https:\/\/www.gainanimalnutrition.com\/equine\/products\/sustain-plus-mix\/\",\"name\":\"Sustain-Plus Mix - GAIN Equine\",\"isPartOf\":{\"@id\":\"https:\/\/www.gainanimalnutrition.com\/equine\/fr\/#website\"},\"primaryImageOfPage\":{\"@id\":\"https:\/\/www.gainanimalnutrition.com\/equine\/products\/sustain-plus-mix\/#primaryimage\"},\"image\":{\"@id\":\"https:\/\/www.gainanimalnutrition.com\/equine\/products\/sustain-plus-mix\/#primaryimage\"},\"thumbnailUrl\":\"https:\/\/www.gainanimalnutrition.com\/equine\/wp-content\/uploads\/sites\/2\/2021\/10\/GAIN_Equine_Gain-Sustain-Plus-Mix.png\",\"datePublished\":\"2022-02-25T11:30:17+00:00\",\"dateModified\":\"2024-04-02T14:36:34+00:00\",\"description\":\"Potente f\u00f3rmula baja en prote\u00ednas, apta para caballos destinados a carreras, concurso completo, salto ecuestre, resistencia o trotones.\",\"breadcrumb\":{\"@id\":\"https:\/\/www.gainanimalnutrition.com\/equine\/products\/sustain-plus-mix\/#breadcrumb\"},\"inLanguage\":\"es\",\"potentialAction\":[{\"@type\":\"ReadAction\",\"target\":[\"https:\/\/www.gainanimalnutrition.com\/equine\/products\/sustain-plus-mix\/\"]}]},{\"@type\":\"ImageObject\",\"inLanguage\":\"es\",\"@id\":\"https:\/\/www.gainanimalnutrition.com\/equine\/products\/sustain-plus-mix\/#primaryimage\",\"url\":\"https:\/\/www.gainanimalnutrition.com\/equine\/wp-content\/uploads\/sites\/2\/2021\/10\/GAIN_Equine_Gain-Sustain-Plus-Mix.png\",\"contentUrl\":\"https:\/\/www.gainanimalnutrition.com\/equine\/wp-content\/uploads\/sites\/2\/2021\/10\/GAIN_Equine_Gain-Sustain-Plus-Mix.png\",\"width\":582,\"height\":800,\"caption\":\"Sustain Plus Mix\"},{\"@type\":\"BreadcrumbList\",\"@id\":\"https:\/\/www.gainanimalnutrition.com\/equine\/products\/sustain-plus-mix\/#breadcrumb\",\"itemListElement\":[{\"@type\":\"ListItem\",\"position\":1,\"name\":\"Home\",\"item\":\"https:\/\/www.gainanimalnutrition.com\/equine\/es\/\"},{\"@type\":\"ListItem\",\"position\":2,\"name\":\"Products\",\"item\":\"https:\/\/www.gainanimalnutrition.com\/equine\/products\/\"},{\"@type\":\"ListItem\",\"position\":3,\"name\":\"Sustain-Plus Mix\"}]},{\"@type\":\"WebSite\",\"@id\":\"https:\/\/www.gainanimalnutrition.com\/equine\/fr\/#website\",\"url\":\"https:\/\/www.gainanimalnutrition.com\/equine\/fr\/\",\"name\":\"GAIN Equine\",\"description\":\"Just another Big Dog Starter Rig Sites site\",\"potentialAction\":[{\"@type\":\"SearchAction\",\"target\":{\"@type\":\"EntryPoint\",\"urlTemplate\":\"https:\/\/www.gainanimalnutrition.com\/equine\/fr\/?s={search_term_string}\"},\"query-input\":{\"@type\":\"PropertyValueSpecification\",\"valueRequired\":true,\"valueName\":\"search_term_string\"}}],\"inLanguage\":\"es\"}]}<\/script>\n<!-- \/ Yoast SEO plugin. -->","yoast_head_json":{"title":"Sustain-Plus Mix - GAIN Equine","description":"Potente f\u00f3rmula baja en prote\u00ednas, apta para caballos destinados a carreras, concurso completo, salto ecuestre, resistencia o trotones.","robots":{"index":"index","follow":"follow","max-snippet":"max-snippet:-1","max-image-preview":"max-image-preview:large","max-video-preview":"max-video-preview:-1"},"canonical":"https:\/\/www.gainanimalnutrition.com\/equine\/products\/sustain-plus-mix\/","og_locale":"es_ES","og_type":"article","og_title":"Sustain-Plus Mix - GAIN Equine","og_description":"Potente f\u00f3rmula baja en prote\u00ednas, apta para caballos destinados a carreras, concurso completo, salto ecuestre, resistencia o trotones.","og_url":"https:\/\/www.gainanimalnutrition.com\/equine\/products\/sustain-plus-mix\/","og_site_name":"GAIN Equine","article_modified_time":"2024-04-02T14:36:34+00:00","og_image":[{"width":582,"height":800,"url":"https:\/\/www.gainanimalnutrition.com\/equine\/wp-content\/uploads\/sites\/2\/2021\/10\/GAIN_Equine_Gain-Sustain-Plus-Mix.png","type":"image\/png"}],"twitter_card":"summary_large_image","schema":{"@context":"https:\/\/schema.org","@graph":[{"@type":"WebPage","@id":"https:\/\/www.gainanimalnutrition.com\/equine\/products\/sustain-plus-mix\/","url":"https:\/\/www.gainanimalnutrition.com\/equine\/products\/sustain-plus-mix\/","name":"Sustain-Plus Mix - GAIN Equine","isPartOf":{"@id":"https:\/\/www.gainanimalnutrition.com\/equine\/fr\/#website"},"primaryImageOfPage":{"@id":"https:\/\/www.gainanimalnutrition.com\/equine\/products\/sustain-plus-mix\/#primaryimage"},"image":{"@id":"https:\/\/www.gainanimalnutrition.com\/equine\/products\/sustain-plus-mix\/#primaryimage"},"thumbnailUrl":"https:\/\/www.gainanimalnutrition.com\/equine\/wp-content\/uploads\/sites\/2\/2021\/10\/GAIN_Equine_Gain-Sustain-Plus-Mix.png","datePublished":"2022-02-25T11:30:17+00:00","dateModified":"2024-04-02T14:36:34+00:00","description":"Potente f\u00f3rmula baja en prote\u00ednas, apta para caballos destinados a carreras, concurso completo, salto ecuestre, resistencia o trotones.","breadcrumb":{"@id":"https:\/\/www.gainanimalnutrition.com\/equine\/products\/sustain-plus-mix\/#breadcrumb"},"inLanguage":"es","potentialAction":[{"@type":"ReadAction","target":["https:\/\/www.gainanimalnutrition.com\/equine\/products\/sustain-plus-mix\/"]}]},{"@type":"ImageObject","inLanguage":"es","@id":"https:\/\/www.gainanimalnutrition.com\/equine\/products\/sustain-plus-mix\/#primaryimage","url":"https:\/\/www.gainanimalnutrition.com\/equine\/wp-content\/uploads\/sites\/2\/2021\/10\/GAIN_Equine_Gain-Sustain-Plus-Mix.png","contentUrl":"https:\/\/www.gainanimalnutrition.com\/equine\/wp-content\/uploads\/sites\/2\/2021\/10\/GAIN_Equine_Gain-Sustain-Plus-Mix.png","width":582,"height":800,"caption":"Sustain Plus Mix"},{"@type":"BreadcrumbList","@id":"https:\/\/www.gainanimalnutrition.com\/equine\/products\/sustain-plus-mix\/#breadcrumb","itemListElement":[{"@type":"ListItem","position":1,"name":"Home","item":"https:\/\/www.gainanimalnutrition.com\/equine\/es\/"},{"@type":"ListItem","position":2,"name":"Products","item":"https:\/\/www.gainanimalnutrition.com\/equine\/products\/"},{"@type":"ListItem","position":3,"name":"Sustain-Plus Mix"}]},{"@type":"WebSite","@id":"https:\/\/www.gainanimalnutrition.com\/equine\/fr\/#website","url":"https:\/\/www.gainanimalnutrition.com\/equine\/fr\/","name":"GAIN Equine","description":"Just another Big Dog Starter Rig Sites site","potentialAction":[{"@type":"SearchAction","target":{"@type":"EntryPoint","urlTemplate":"https:\/\/www.gainanimalnutrition.com\/equine\/fr\/?s={search_term_string}"},"query-input":{"@type":"PropertyValueSpecification","valueRequired":true,"valueName":"search_term_string"}}],"inLanguage":"es"}]}},"_links":{"self":[{"href":"https:\/\/www.gainanimalnutrition.com\/equine\/es\/wp-json\/wp\/v2\/product\/1913","targetHints":{"allow":["GET"]}}],"collection":[{"href":"https:\/\/www.gainanimalnutrition.com\/equine\/es\/wp-json\/wp\/v2\/product"}],"about":[{"href":"https:\/\/www.gainanimalnutrition.com\/equine\/es\/wp-json\/wp\/v2\/types\/product"}],"wp:featuredmedia":[{"embeddable":true,"href":"https:\/\/www.gainanimalnutrition.com\/equine\/es\/wp-json\/wp\/v2\/media\/2363"}],"wp:attachment":[{"href":"https:\/\/www.gainanimalnutrition.com\/equine\/es\/wp-json\/wp\/v2\/media?parent=1913"}],"wp:term":[{"taxonomy":"product-category","embeddable":true,"href":"https:\/\/www.gainanimalnutrition.com\/equine\/es\/wp-json\/wp\/v2\/product-category?post=1913"},{"taxonomy":"animal-category","embeddable":true,"href":"https:\/\/www.gainanimalnutrition.com\/equine\/es\/wp-json\/wp\/v2\/animal-category?post=1913"}],"curies":[{"name":"wp","href":"https:\/\/api.w.org\/{rel}","templated":true}]}}