{"id":1244,"date":"2021-12-03T10:50:09","date_gmt":"2021-12-03T10:50:09","guid":{"rendered":"https:\/\/www.gainanimalnutrition.com\/equine\/products\/easy-go-cubes\/"},"modified":"2021-12-14T17:09:22","modified_gmt":"2021-12-14T17:09:22","slug":"easy-go-cubes","status":"publish","type":"product","link":"https:\/\/www.gainanimalnutrition.com\/equine\/fr\/products\/easy-go-cubes\/","title":{"rendered":"Easy Go Cubes"},"excerpt":{"rendered":"<p>Recette \u00e0 faible teneur en amidon et sans avoine, \u00e0 lib\u00e9ration d\u2019\u00e9nergie contr\u00f4l\u00e9e.<\/p>\n","protected":false},"featured_media":2321,"menu_order":2,"template":"","product-category":[149],"animal-category":[166,148,164,163,165,146,87,101,160,161,162],"class_list":["post-1244","product","type-product","status-publish","has-post-thumbnail","hentry","product-category-sport-et-loisir","animal-category-blessures","animal-category-chasse","animal-category-cso","animal-category-debourrage-pre-entrainement","animal-category-dressage-fr","animal-category-epreuves-de-chasse-a-courre","animal-category-pre-entrainement","animal-category-regime-pauvre-en-amidon","animal-category-repos-en-box","animal-category-repos-en-enclos","animal-category-retraite"],"acf":[],"yoast_head":"<!-- This site is optimized with the Yoast SEO plugin v27.2 - https:\/\/yoast.com\/product\/yoast-seo-wordpress\/ -->\n<title>Easy Go Cubes - GAIN Equine<\/title>\n<meta name=\"description\" content=\"Les granul\u00e9s Easy\u00a0Go\u00a0Cubes sont similaires au m\u00e9lange Cool\u00a0\u2018N\u2019\u00a0Easy\u00a0Mix de par leur teneur mod\u00e9r\u00e9e en \u00e9nergie et leur formulation sans avoine.\" \/>\n<meta name=\"robots\" content=\"index, follow, max-snippet:-1, max-image-preview:large, max-video-preview:-1\" \/>\n<link rel=\"canonical\" href=\"https:\/\/www.gainanimalnutrition.com\/equine\/products\/easy-go-cubes\/\" \/>\n<meta property=\"og:locale\" content=\"fr_FR\" \/>\n<meta property=\"og:type\" content=\"article\" \/>\n<meta property=\"og:title\" content=\"Easy Go Cubes - GAIN Equine\" \/>\n<meta property=\"og:description\" content=\"Les granul\u00e9s Easy\u00a0Go\u00a0Cubes sont similaires au m\u00e9lange Cool\u00a0\u2018N\u2019\u00a0Easy\u00a0Mix de par leur teneur mod\u00e9r\u00e9e en \u00e9nergie et leur formulation sans avoine.\" \/>\n<meta property=\"og:url\" content=\"https:\/\/www.gainanimalnutrition.com\/equine\/products\/easy-go-cubes\/\" \/>\n<meta property=\"og:site_name\" content=\"GAIN Equine\" \/>\n<meta property=\"article:modified_time\" content=\"2021-12-14T17:09:22+00:00\" \/>\n<meta property=\"og:image\" content=\"https:\/\/www.gainanimalnutrition.com\/equine\/wp-content\/uploads\/sites\/2\/2021\/11\/GAIN_Equine_Gain-Easy-Go-Cubes.png\" \/>\n\t<meta property=\"og:image:width\" content=\"582\" \/>\n\t<meta property=\"og:image:height\" content=\"800\" \/>\n\t<meta property=\"og:image:type\" content=\"image\/png\" \/>\n<meta name=\"twitter:card\" content=\"summary_large_image\" \/>\n<script type=\"application\/ld+json\" class=\"yoast-schema-graph\">{\"@context\":\"https:\/\/schema.org\",\"@graph\":[{\"@type\":\"WebPage\",\"@id\":\"https:\/\/www.gainanimalnutrition.com\/equine\/products\/easy-go-cubes\/\",\"url\":\"https:\/\/www.gainanimalnutrition.com\/equine\/products\/easy-go-cubes\/\",\"name\":\"Easy Go Cubes - GAIN Equine\",\"isPartOf\":{\"@id\":\"https:\/\/www.gainanimalnutrition.com\/equine\/fr\/#website\"},\"primaryImageOfPage\":{\"@id\":\"https:\/\/www.gainanimalnutrition.com\/equine\/products\/easy-go-cubes\/#primaryimage\"},\"image\":{\"@id\":\"https:\/\/www.gainanimalnutrition.com\/equine\/products\/easy-go-cubes\/#primaryimage\"},\"thumbnailUrl\":\"https:\/\/www.gainanimalnutrition.com\/equine\/wp-content\/uploads\/sites\/2\/2021\/11\/GAIN_Equine_Gain-Easy-Go-Cubes.png\",\"datePublished\":\"2021-12-03T10:50:09+00:00\",\"dateModified\":\"2021-12-14T17:09:22+00:00\",\"description\":\"Les granul\u00e9s Easy\u00a0Go\u00a0Cubes sont similaires au m\u00e9lange Cool\u00a0\u2018N\u2019\u00a0Easy\u00a0Mix de par leur teneur mod\u00e9r\u00e9e en \u00e9nergie et leur formulation sans avoine.\",\"breadcrumb\":{\"@id\":\"https:\/\/www.gainanimalnutrition.com\/equine\/products\/easy-go-cubes\/#breadcrumb\"},\"inLanguage\":\"fr-FR\",\"potentialAction\":[{\"@type\":\"ReadAction\",\"target\":[\"https:\/\/www.gainanimalnutrition.com\/equine\/products\/easy-go-cubes\/\"]}]},{\"@type\":\"ImageObject\",\"inLanguage\":\"fr-FR\",\"@id\":\"https:\/\/www.gainanimalnutrition.com\/equine\/products\/easy-go-cubes\/#primaryimage\",\"url\":\"https:\/\/www.gainanimalnutrition.com\/equine\/wp-content\/uploads\/sites\/2\/2021\/11\/GAIN_Equine_Gain-Easy-Go-Cubes.png\",\"contentUrl\":\"https:\/\/www.gainanimalnutrition.com\/equine\/wp-content\/uploads\/sites\/2\/2021\/11\/GAIN_Equine_Gain-Easy-Go-Cubes.png\",\"width\":582,\"height\":800,\"caption\":\"Easy Go Cubes\"},{\"@type\":\"BreadcrumbList\",\"@id\":\"https:\/\/www.gainanimalnutrition.com\/equine\/products\/easy-go-cubes\/#breadcrumb\",\"itemListElement\":[{\"@type\":\"ListItem\",\"position\":1,\"name\":\"Home\",\"item\":\"https:\/\/www.gainanimalnutrition.com\/equine\/fr\/\"},{\"@type\":\"ListItem\",\"position\":2,\"name\":\"Products\",\"item\":\"https:\/\/www.gainanimalnutrition.com\/equine\/products\/\"},{\"@type\":\"ListItem\",\"position\":3,\"name\":\"Easy Go Cubes\"}]},{\"@type\":\"WebSite\",\"@id\":\"https:\/\/www.gainanimalnutrition.com\/equine\/fr\/#website\",\"url\":\"https:\/\/www.gainanimalnutrition.com\/equine\/fr\/\",\"name\":\"GAIN Equine\",\"description\":\"Just another Big Dog Starter Rig Sites site\",\"potentialAction\":[{\"@type\":\"SearchAction\",\"target\":{\"@type\":\"EntryPoint\",\"urlTemplate\":\"https:\/\/www.gainanimalnutrition.com\/equine\/fr\/?s={search_term_string}\"},\"query-input\":{\"@type\":\"PropertyValueSpecification\",\"valueRequired\":true,\"valueName\":\"search_term_string\"}}],\"inLanguage\":\"fr-FR\"}]}<\/script>\n<!-- \/ Yoast SEO plugin. -->","yoast_head_json":{"title":"Easy Go Cubes - GAIN Equine","description":"Les granul\u00e9s Easy\u00a0Go\u00a0Cubes sont similaires au m\u00e9lange Cool\u00a0\u2018N\u2019\u00a0Easy\u00a0Mix de par leur teneur mod\u00e9r\u00e9e en \u00e9nergie et leur formulation sans avoine.","robots":{"index":"index","follow":"follow","max-snippet":"max-snippet:-1","max-image-preview":"max-image-preview:large","max-video-preview":"max-video-preview:-1"},"canonical":"https:\/\/www.gainanimalnutrition.com\/equine\/products\/easy-go-cubes\/","og_locale":"fr_FR","og_type":"article","og_title":"Easy Go Cubes - GAIN Equine","og_description":"Les granul\u00e9s Easy\u00a0Go\u00a0Cubes sont similaires au m\u00e9lange Cool\u00a0\u2018N\u2019\u00a0Easy\u00a0Mix de par leur teneur mod\u00e9r\u00e9e en \u00e9nergie et leur formulation sans avoine.","og_url":"https:\/\/www.gainanimalnutrition.com\/equine\/products\/easy-go-cubes\/","og_site_name":"GAIN Equine","article_modified_time":"2021-12-14T17:09:22+00:00","og_image":[{"width":582,"height":800,"url":"https:\/\/www.gainanimalnutrition.com\/equine\/wp-content\/uploads\/sites\/2\/2021\/11\/GAIN_Equine_Gain-Easy-Go-Cubes.png","type":"image\/png"}],"twitter_card":"summary_large_image","schema":{"@context":"https:\/\/schema.org","@graph":[{"@type":"WebPage","@id":"https:\/\/www.gainanimalnutrition.com\/equine\/products\/easy-go-cubes\/","url":"https:\/\/www.gainanimalnutrition.com\/equine\/products\/easy-go-cubes\/","name":"Easy Go Cubes - GAIN Equine","isPartOf":{"@id":"https:\/\/www.gainanimalnutrition.com\/equine\/fr\/#website"},"primaryImageOfPage":{"@id":"https:\/\/www.gainanimalnutrition.com\/equine\/products\/easy-go-cubes\/#primaryimage"},"image":{"@id":"https:\/\/www.gainanimalnutrition.com\/equine\/products\/easy-go-cubes\/#primaryimage"},"thumbnailUrl":"https:\/\/www.gainanimalnutrition.com\/equine\/wp-content\/uploads\/sites\/2\/2021\/11\/GAIN_Equine_Gain-Easy-Go-Cubes.png","datePublished":"2021-12-03T10:50:09+00:00","dateModified":"2021-12-14T17:09:22+00:00","description":"Les granul\u00e9s Easy\u00a0Go\u00a0Cubes sont similaires au m\u00e9lange Cool\u00a0\u2018N\u2019\u00a0Easy\u00a0Mix de par leur teneur mod\u00e9r\u00e9e en \u00e9nergie et leur formulation sans avoine.","breadcrumb":{"@id":"https:\/\/www.gainanimalnutrition.com\/equine\/products\/easy-go-cubes\/#breadcrumb"},"inLanguage":"fr-FR","potentialAction":[{"@type":"ReadAction","target":["https:\/\/www.gainanimalnutrition.com\/equine\/products\/easy-go-cubes\/"]}]},{"@type":"ImageObject","inLanguage":"fr-FR","@id":"https:\/\/www.gainanimalnutrition.com\/equine\/products\/easy-go-cubes\/#primaryimage","url":"https:\/\/www.gainanimalnutrition.com\/equine\/wp-content\/uploads\/sites\/2\/2021\/11\/GAIN_Equine_Gain-Easy-Go-Cubes.png","contentUrl":"https:\/\/www.gainanimalnutrition.com\/equine\/wp-content\/uploads\/sites\/2\/2021\/11\/GAIN_Equine_Gain-Easy-Go-Cubes.png","width":582,"height":800,"caption":"Easy Go Cubes"},{"@type":"BreadcrumbList","@id":"https:\/\/www.gainanimalnutrition.com\/equine\/products\/easy-go-cubes\/#breadcrumb","itemListElement":[{"@type":"ListItem","position":1,"name":"Home","item":"https:\/\/www.gainanimalnutrition.com\/equine\/fr\/"},{"@type":"ListItem","position":2,"name":"Products","item":"https:\/\/www.gainanimalnutrition.com\/equine\/products\/"},{"@type":"ListItem","position":3,"name":"Easy Go Cubes"}]},{"@type":"WebSite","@id":"https:\/\/www.gainanimalnutrition.com\/equine\/fr\/#website","url":"https:\/\/www.gainanimalnutrition.com\/equine\/fr\/","name":"GAIN Equine","description":"Just another Big Dog Starter Rig Sites site","potentialAction":[{"@type":"SearchAction","target":{"@type":"EntryPoint","urlTemplate":"https:\/\/www.gainanimalnutrition.com\/equine\/fr\/?s={search_term_string}"},"query-input":{"@type":"PropertyValueSpecification","valueRequired":true,"valueName":"search_term_string"}}],"inLanguage":"fr-FR"}]}},"_links":{"self":[{"href":"https:\/\/www.gainanimalnutrition.com\/equine\/fr\/wp-json\/wp\/v2\/product\/1244","targetHints":{"allow":["GET"]}}],"collection":[{"href":"https:\/\/www.gainanimalnutrition.com\/equine\/fr\/wp-json\/wp\/v2\/product"}],"about":[{"href":"https:\/\/www.gainanimalnutrition.com\/equine\/fr\/wp-json\/wp\/v2\/types\/product"}],"wp:featuredmedia":[{"embeddable":true,"href":"https:\/\/www.gainanimalnutrition.com\/equine\/fr\/wp-json\/wp\/v2\/media\/2321"}],"wp:attachment":[{"href":"https:\/\/www.gainanimalnutrition.com\/equine\/fr\/wp-json\/wp\/v2\/media?parent=1244"}],"wp:term":[{"taxonomy":"product-category","embeddable":true,"href":"https:\/\/www.gainanimalnutrition.com\/equine\/fr\/wp-json\/wp\/v2\/product-category?post=1244"},{"taxonomy":"animal-category","embeddable":true,"href":"https:\/\/www.gainanimalnutrition.com\/equine\/fr\/wp-json\/wp\/v2\/animal-category?post=1244"}],"curies":[{"name":"wp","href":"https:\/\/api.w.org\/{rel}","templated":true}]}}