{"id":1259,"date":"2021-12-03T10:50:14","date_gmt":"2021-12-03T10:50:14","guid":{"rendered":"https:\/\/www.gainanimalnutrition.com\/equine\/products\/sport-10-mix\/"},"modified":"2021-12-14T17:09:27","modified_gmt":"2021-12-14T17:09:27","slug":"sport-10-mix","status":"publish","type":"product","link":"https:\/\/www.gainanimalnutrition.com\/equine\/fr\/products\/sport-10-mix\/","title":{"rendered":"Sport 10 Mix"},"excerpt":{"rendered":"<p>M\u00e9lange de performance haut de gamme, \u00e0 faible teneur en prot\u00e9ines et sans avoine.<\/p>\n","protected":false},"featured_media":2316,"menu_order":3,"template":"","product-category":[149],"animal-category":[],"class_list":["post-1259","product","type-product","status-publish","has-post-thumbnail","hentry","product-category-sport-et-loisir"],"acf":[],"yoast_head":"<!-- This site is optimized with the Yoast SEO plugin v27.2 - https:\/\/yoast.com\/product\/yoast-seo-wordpress\/ -->\n<title>Sport 10 Mix - GAIN Equine<\/title>\n<meta name=\"description\" content=\"Sport\u00a010\u00a0Mix est un m\u00e9lange haut de gamme, \u00e0 faible teneur en prot\u00e9ines et sans avoine, adapt\u00e9 aux chevaux de haute performance, de concours complet, de saut d&#039;obstacles et de course de trot.\" \/>\n<meta name=\"robots\" content=\"index, follow, max-snippet:-1, max-image-preview:large, max-video-preview:-1\" \/>\n<link rel=\"canonical\" href=\"https:\/\/www.gainanimalnutrition.com\/equine\/products\/sport-10-mix\/\" \/>\n<meta property=\"og:locale\" content=\"fr_FR\" \/>\n<meta property=\"og:type\" content=\"article\" \/>\n<meta property=\"og:title\" content=\"Sport 10 Mix - GAIN Equine\" \/>\n<meta property=\"og:description\" content=\"Sport\u00a010\u00a0Mix est un m\u00e9lange haut de gamme, \u00e0 faible teneur en prot\u00e9ines et sans avoine, adapt\u00e9 aux chevaux de haute performance, de concours complet, de saut d&#039;obstacles et de course de trot.\" \/>\n<meta property=\"og:url\" content=\"https:\/\/www.gainanimalnutrition.com\/equine\/products\/sport-10-mix\/\" \/>\n<meta property=\"og:site_name\" content=\"GAIN Equine\" \/>\n<meta property=\"article:modified_time\" content=\"2021-12-14T17:09:27+00:00\" \/>\n<meta property=\"og:image\" content=\"https:\/\/www.gainanimalnutrition.com\/equine\/wp-content\/uploads\/sites\/2\/2021\/11\/GAIN_Equine_Gain-Sport-10-Mix.png\" \/>\n\t<meta property=\"og:image:width\" content=\"582\" \/>\n\t<meta property=\"og:image:height\" content=\"800\" \/>\n\t<meta property=\"og:image:type\" content=\"image\/png\" \/>\n<meta name=\"twitter:card\" content=\"summary_large_image\" \/>\n<script type=\"application\/ld+json\" class=\"yoast-schema-graph\">{\"@context\":\"https:\/\/schema.org\",\"@graph\":[{\"@type\":\"WebPage\",\"@id\":\"https:\/\/www.gainanimalnutrition.com\/equine\/products\/sport-10-mix\/\",\"url\":\"https:\/\/www.gainanimalnutrition.com\/equine\/products\/sport-10-mix\/\",\"name\":\"Sport 10 Mix - GAIN Equine\",\"isPartOf\":{\"@id\":\"https:\/\/www.gainanimalnutrition.com\/equine\/fr\/#website\"},\"primaryImageOfPage\":{\"@id\":\"https:\/\/www.gainanimalnutrition.com\/equine\/products\/sport-10-mix\/#primaryimage\"},\"image\":{\"@id\":\"https:\/\/www.gainanimalnutrition.com\/equine\/products\/sport-10-mix\/#primaryimage\"},\"thumbnailUrl\":\"https:\/\/www.gainanimalnutrition.com\/equine\/wp-content\/uploads\/sites\/2\/2021\/11\/GAIN_Equine_Gain-Sport-10-Mix.png\",\"datePublished\":\"2021-12-03T10:50:14+00:00\",\"dateModified\":\"2021-12-14T17:09:27+00:00\",\"description\":\"Sport\u00a010\u00a0Mix est un m\u00e9lange haut de gamme, \u00e0 faible teneur en prot\u00e9ines et sans avoine, adapt\u00e9 aux chevaux de haute performance, de concours complet, de saut d'obstacles et de course de trot.\",\"breadcrumb\":{\"@id\":\"https:\/\/www.gainanimalnutrition.com\/equine\/products\/sport-10-mix\/#breadcrumb\"},\"inLanguage\":\"fr-FR\",\"potentialAction\":[{\"@type\":\"ReadAction\",\"target\":[\"https:\/\/www.gainanimalnutrition.com\/equine\/products\/sport-10-mix\/\"]}]},{\"@type\":\"ImageObject\",\"inLanguage\":\"fr-FR\",\"@id\":\"https:\/\/www.gainanimalnutrition.com\/equine\/products\/sport-10-mix\/#primaryimage\",\"url\":\"https:\/\/www.gainanimalnutrition.com\/equine\/wp-content\/uploads\/sites\/2\/2021\/11\/GAIN_Equine_Gain-Sport-10-Mix.png\",\"contentUrl\":\"https:\/\/www.gainanimalnutrition.com\/equine\/wp-content\/uploads\/sites\/2\/2021\/11\/GAIN_Equine_Gain-Sport-10-Mix.png\",\"width\":582,\"height\":800,\"caption\":\"Sport 10 Mix\"},{\"@type\":\"BreadcrumbList\",\"@id\":\"https:\/\/www.gainanimalnutrition.com\/equine\/products\/sport-10-mix\/#breadcrumb\",\"itemListElement\":[{\"@type\":\"ListItem\",\"position\":1,\"name\":\"Home\",\"item\":\"https:\/\/www.gainanimalnutrition.com\/equine\/fr\/\"},{\"@type\":\"ListItem\",\"position\":2,\"name\":\"Products\",\"item\":\"https:\/\/www.gainanimalnutrition.com\/equine\/products\/\"},{\"@type\":\"ListItem\",\"position\":3,\"name\":\"Sport 10 Mix\"}]},{\"@type\":\"WebSite\",\"@id\":\"https:\/\/www.gainanimalnutrition.com\/equine\/fr\/#website\",\"url\":\"https:\/\/www.gainanimalnutrition.com\/equine\/fr\/\",\"name\":\"GAIN Equine\",\"description\":\"Just another Big Dog Starter Rig Sites site\",\"potentialAction\":[{\"@type\":\"SearchAction\",\"target\":{\"@type\":\"EntryPoint\",\"urlTemplate\":\"https:\/\/www.gainanimalnutrition.com\/equine\/fr\/?s={search_term_string}\"},\"query-input\":{\"@type\":\"PropertyValueSpecification\",\"valueRequired\":true,\"valueName\":\"search_term_string\"}}],\"inLanguage\":\"fr-FR\"}]}<\/script>\n<!-- \/ Yoast SEO plugin. -->","yoast_head_json":{"title":"Sport 10 Mix - GAIN Equine","description":"Sport\u00a010\u00a0Mix est un m\u00e9lange haut de gamme, \u00e0 faible teneur en prot\u00e9ines et sans avoine, adapt\u00e9 aux chevaux de haute performance, de concours complet, de saut d'obstacles et de course de trot.","robots":{"index":"index","follow":"follow","max-snippet":"max-snippet:-1","max-image-preview":"max-image-preview:large","max-video-preview":"max-video-preview:-1"},"canonical":"https:\/\/www.gainanimalnutrition.com\/equine\/products\/sport-10-mix\/","og_locale":"fr_FR","og_type":"article","og_title":"Sport 10 Mix - GAIN Equine","og_description":"Sport\u00a010\u00a0Mix est un m\u00e9lange haut de gamme, \u00e0 faible teneur en prot\u00e9ines et sans avoine, adapt\u00e9 aux chevaux de haute performance, de concours complet, de saut d'obstacles et de course de trot.","og_url":"https:\/\/www.gainanimalnutrition.com\/equine\/products\/sport-10-mix\/","og_site_name":"GAIN Equine","article_modified_time":"2021-12-14T17:09:27+00:00","og_image":[{"width":582,"height":800,"url":"https:\/\/www.gainanimalnutrition.com\/equine\/wp-content\/uploads\/sites\/2\/2021\/11\/GAIN_Equine_Gain-Sport-10-Mix.png","type":"image\/png"}],"twitter_card":"summary_large_image","schema":{"@context":"https:\/\/schema.org","@graph":[{"@type":"WebPage","@id":"https:\/\/www.gainanimalnutrition.com\/equine\/products\/sport-10-mix\/","url":"https:\/\/www.gainanimalnutrition.com\/equine\/products\/sport-10-mix\/","name":"Sport 10 Mix - GAIN Equine","isPartOf":{"@id":"https:\/\/www.gainanimalnutrition.com\/equine\/fr\/#website"},"primaryImageOfPage":{"@id":"https:\/\/www.gainanimalnutrition.com\/equine\/products\/sport-10-mix\/#primaryimage"},"image":{"@id":"https:\/\/www.gainanimalnutrition.com\/equine\/products\/sport-10-mix\/#primaryimage"},"thumbnailUrl":"https:\/\/www.gainanimalnutrition.com\/equine\/wp-content\/uploads\/sites\/2\/2021\/11\/GAIN_Equine_Gain-Sport-10-Mix.png","datePublished":"2021-12-03T10:50:14+00:00","dateModified":"2021-12-14T17:09:27+00:00","description":"Sport\u00a010\u00a0Mix est un m\u00e9lange haut de gamme, \u00e0 faible teneur en prot\u00e9ines et sans avoine, adapt\u00e9 aux chevaux de haute performance, de concours complet, de saut d'obstacles et de course de trot.","breadcrumb":{"@id":"https:\/\/www.gainanimalnutrition.com\/equine\/products\/sport-10-mix\/#breadcrumb"},"inLanguage":"fr-FR","potentialAction":[{"@type":"ReadAction","target":["https:\/\/www.gainanimalnutrition.com\/equine\/products\/sport-10-mix\/"]}]},{"@type":"ImageObject","inLanguage":"fr-FR","@id":"https:\/\/www.gainanimalnutrition.com\/equine\/products\/sport-10-mix\/#primaryimage","url":"https:\/\/www.gainanimalnutrition.com\/equine\/wp-content\/uploads\/sites\/2\/2021\/11\/GAIN_Equine_Gain-Sport-10-Mix.png","contentUrl":"https:\/\/www.gainanimalnutrition.com\/equine\/wp-content\/uploads\/sites\/2\/2021\/11\/GAIN_Equine_Gain-Sport-10-Mix.png","width":582,"height":800,"caption":"Sport 10 Mix"},{"@type":"BreadcrumbList","@id":"https:\/\/www.gainanimalnutrition.com\/equine\/products\/sport-10-mix\/#breadcrumb","itemListElement":[{"@type":"ListItem","position":1,"name":"Home","item":"https:\/\/www.gainanimalnutrition.com\/equine\/fr\/"},{"@type":"ListItem","position":2,"name":"Products","item":"https:\/\/www.gainanimalnutrition.com\/equine\/products\/"},{"@type":"ListItem","position":3,"name":"Sport 10 Mix"}]},{"@type":"WebSite","@id":"https:\/\/www.gainanimalnutrition.com\/equine\/fr\/#website","url":"https:\/\/www.gainanimalnutrition.com\/equine\/fr\/","name":"GAIN Equine","description":"Just another Big Dog Starter Rig Sites site","potentialAction":[{"@type":"SearchAction","target":{"@type":"EntryPoint","urlTemplate":"https:\/\/www.gainanimalnutrition.com\/equine\/fr\/?s={search_term_string}"},"query-input":{"@type":"PropertyValueSpecification","valueRequired":true,"valueName":"search_term_string"}}],"inLanguage":"fr-FR"}]}},"_links":{"self":[{"href":"https:\/\/www.gainanimalnutrition.com\/equine\/fr\/wp-json\/wp\/v2\/product\/1259","targetHints":{"allow":["GET"]}}],"collection":[{"href":"https:\/\/www.gainanimalnutrition.com\/equine\/fr\/wp-json\/wp\/v2\/product"}],"about":[{"href":"https:\/\/www.gainanimalnutrition.com\/equine\/fr\/wp-json\/wp\/v2\/types\/product"}],"wp:featuredmedia":[{"embeddable":true,"href":"https:\/\/www.gainanimalnutrition.com\/equine\/fr\/wp-json\/wp\/v2\/media\/2316"}],"wp:attachment":[{"href":"https:\/\/www.gainanimalnutrition.com\/equine\/fr\/wp-json\/wp\/v2\/media?parent=1259"}],"wp:term":[{"taxonomy":"product-category","embeddable":true,"href":"https:\/\/www.gainanimalnutrition.com\/equine\/fr\/wp-json\/wp\/v2\/product-category?post=1259"},{"taxonomy":"animal-category","embeddable":true,"href":"https:\/\/www.gainanimalnutrition.com\/equine\/fr\/wp-json\/wp\/v2\/animal-category?post=1259"}],"curies":[{"name":"wp","href":"https:\/\/api.w.org\/{rel}","templated":true}]}}