{"id":1268,"date":"2021-12-03T10:50:17","date_gmt":"2021-12-03T10:50:17","guid":{"rendered":"https:\/\/www.gainanimalnutrition.com\/equine\/products\/freedom-cubes\/"},"modified":"2021-12-14T17:09:29","modified_gmt":"2021-12-14T17:09:29","slug":"freedom-cubes","status":"publish","type":"product","link":"https:\/\/www.gainanimalnutrition.com\/equine\/fr\/products\/freedom-cubes\/","title":{"rendered":"Freedom Cubes"},"excerpt":{"rendered":"<p>Des granul\u00e9s riches en huiles et en fibres, adapt\u00e9s aux chevaux n\u00e9cessitant un r\u00e9gime faible en amidon.<\/p>\n","protected":false},"featured_media":2296,"menu_order":22,"template":"","product-category":[102],"animal-category":[97,94,164,183,100,159,172,99,98,135,101,92,134],"class_list":["post-1268","product","type-product","status-publish","has-post-thumbnail","hentry","product-category-specialisee","animal-category-concours-de-modeles-et-allures","animal-category-course","animal-category-cso","animal-category-dressage-de-haut-niveau","animal-category-endurance-fr","animal-category-evenements-dune-journee","animal-category-evenements-de-trois-jours","animal-category-polo-fr","animal-category-polocrosse","animal-category-preparation-a-la-vente","animal-category-regime-pauvre-en-amidon","animal-category-trot","animal-category-yearlings-jeunes-animaux"],"acf":[],"yoast_head":"<!-- This site is optimized with the Yoast SEO plugin v27.2 - https:\/\/yoast.com\/product\/yoast-seo-wordpress\/ -->\n<title>Freedom Cubes - GAIN Equine<\/title>\n<meta name=\"description\" content=\"Des granul\u00e9s riches en huiles et en fibres, adapt\u00e9s aux chevaux n\u00e9cessitant un r\u00e9gime faible en amidon.\" \/>\n<meta name=\"robots\" content=\"index, follow, max-snippet:-1, max-image-preview:large, max-video-preview:-1\" \/>\n<link rel=\"canonical\" href=\"https:\/\/www.gainanimalnutrition.com\/equine\/fr\/products\/freedom-cubes\/\" \/>\n<meta property=\"og:locale\" content=\"fr_FR\" \/>\n<meta property=\"og:type\" content=\"article\" \/>\n<meta property=\"og:title\" content=\"Freedom Cubes - GAIN Equine\" \/>\n<meta property=\"og:description\" content=\"Des granul\u00e9s riches en huiles et en fibres, adapt\u00e9s aux chevaux n\u00e9cessitant un r\u00e9gime faible en amidon.\" \/>\n<meta property=\"og:url\" content=\"https:\/\/www.gainanimalnutrition.com\/equine\/fr\/products\/freedom-cubes\/\" \/>\n<meta property=\"og:site_name\" content=\"GAIN Equine\" \/>\n<meta property=\"article:modified_time\" content=\"2021-12-14T17:09:29+00:00\" \/>\n<meta property=\"og:image\" content=\"https:\/\/www.gainanimalnutrition.com\/equine\/wp-content\/uploads\/sites\/2\/2021\/11\/GAIN_Equine_Gain-Freedom-Cubes.png\" \/>\n\t<meta property=\"og:image:width\" content=\"582\" \/>\n\t<meta property=\"og:image:height\" content=\"800\" \/>\n\t<meta property=\"og:image:type\" content=\"image\/png\" \/>\n<meta name=\"twitter:card\" content=\"summary_large_image\" \/>\n<script type=\"application\/ld+json\" class=\"yoast-schema-graph\">{\"@context\":\"https:\/\/schema.org\",\"@graph\":[{\"@type\":\"WebPage\",\"@id\":\"https:\/\/www.gainanimalnutrition.com\/equine\/fr\/products\/freedom-cubes\/\",\"url\":\"https:\/\/www.gainanimalnutrition.com\/equine\/fr\/products\/freedom-cubes\/\",\"name\":\"Freedom Cubes - GAIN Equine\",\"isPartOf\":{\"@id\":\"https:\/\/www.gainanimalnutrition.com\/equine\/fr\/#website\"},\"primaryImageOfPage\":{\"@id\":\"https:\/\/www.gainanimalnutrition.com\/equine\/fr\/products\/freedom-cubes\/#primaryimage\"},\"image\":{\"@id\":\"https:\/\/www.gainanimalnutrition.com\/equine\/fr\/products\/freedom-cubes\/#primaryimage\"},\"thumbnailUrl\":\"https:\/\/www.gainanimalnutrition.com\/equine\/wp-content\/uploads\/sites\/2\/2021\/11\/GAIN_Equine_Gain-Freedom-Cubes.png\",\"datePublished\":\"2021-12-03T10:50:17+00:00\",\"dateModified\":\"2021-12-14T17:09:29+00:00\",\"description\":\"Des granul\u00e9s riches en huiles et en fibres, adapt\u00e9s aux chevaux n\u00e9cessitant un r\u00e9gime faible en amidon.\",\"breadcrumb\":{\"@id\":\"https:\/\/www.gainanimalnutrition.com\/equine\/fr\/products\/freedom-cubes\/#breadcrumb\"},\"inLanguage\":\"fr-FR\",\"potentialAction\":[{\"@type\":\"ReadAction\",\"target\":[\"https:\/\/www.gainanimalnutrition.com\/equine\/fr\/products\/freedom-cubes\/\"]}]},{\"@type\":\"ImageObject\",\"inLanguage\":\"fr-FR\",\"@id\":\"https:\/\/www.gainanimalnutrition.com\/equine\/fr\/products\/freedom-cubes\/#primaryimage\",\"url\":\"https:\/\/www.gainanimalnutrition.com\/equine\/wp-content\/uploads\/sites\/2\/2021\/11\/GAIN_Equine_Gain-Freedom-Cubes.png\",\"contentUrl\":\"https:\/\/www.gainanimalnutrition.com\/equine\/wp-content\/uploads\/sites\/2\/2021\/11\/GAIN_Equine_Gain-Freedom-Cubes.png\",\"width\":582,\"height\":800,\"caption\":\"Freedom Cubes\"},{\"@type\":\"BreadcrumbList\",\"@id\":\"https:\/\/www.gainanimalnutrition.com\/equine\/fr\/products\/freedom-cubes\/#breadcrumb\",\"itemListElement\":[{\"@type\":\"ListItem\",\"position\":1,\"name\":\"Home\",\"item\":\"https:\/\/www.gainanimalnutrition.com\/equine\/fr\/\"},{\"@type\":\"ListItem\",\"position\":2,\"name\":\"Products\",\"item\":\"https:\/\/www.gainanimalnutrition.com\/equine\/products\/\"},{\"@type\":\"ListItem\",\"position\":3,\"name\":\"Freedom Cubes\"}]},{\"@type\":\"WebSite\",\"@id\":\"https:\/\/www.gainanimalnutrition.com\/equine\/fr\/#website\",\"url\":\"https:\/\/www.gainanimalnutrition.com\/equine\/fr\/\",\"name\":\"GAIN Equine\",\"description\":\"Just another Big Dog Starter Rig Sites site\",\"potentialAction\":[{\"@type\":\"SearchAction\",\"target\":{\"@type\":\"EntryPoint\",\"urlTemplate\":\"https:\/\/www.gainanimalnutrition.com\/equine\/fr\/?s={search_term_string}\"},\"query-input\":{\"@type\":\"PropertyValueSpecification\",\"valueRequired\":true,\"valueName\":\"search_term_string\"}}],\"inLanguage\":\"fr-FR\"}]}<\/script>\n<!-- \/ Yoast SEO plugin. -->","yoast_head_json":{"title":"Freedom Cubes - GAIN Equine","description":"Des granul\u00e9s riches en huiles et en fibres, adapt\u00e9s aux chevaux n\u00e9cessitant un r\u00e9gime faible en amidon.","robots":{"index":"index","follow":"follow","max-snippet":"max-snippet:-1","max-image-preview":"max-image-preview:large","max-video-preview":"max-video-preview:-1"},"canonical":"https:\/\/www.gainanimalnutrition.com\/equine\/fr\/products\/freedom-cubes\/","og_locale":"fr_FR","og_type":"article","og_title":"Freedom Cubes - GAIN Equine","og_description":"Des granul\u00e9s riches en huiles et en fibres, adapt\u00e9s aux chevaux n\u00e9cessitant un r\u00e9gime faible en amidon.","og_url":"https:\/\/www.gainanimalnutrition.com\/equine\/fr\/products\/freedom-cubes\/","og_site_name":"GAIN Equine","article_modified_time":"2021-12-14T17:09:29+00:00","og_image":[{"width":582,"height":800,"url":"https:\/\/www.gainanimalnutrition.com\/equine\/wp-content\/uploads\/sites\/2\/2021\/11\/GAIN_Equine_Gain-Freedom-Cubes.png","type":"image\/png"}],"twitter_card":"summary_large_image","schema":{"@context":"https:\/\/schema.org","@graph":[{"@type":"WebPage","@id":"https:\/\/www.gainanimalnutrition.com\/equine\/fr\/products\/freedom-cubes\/","url":"https:\/\/www.gainanimalnutrition.com\/equine\/fr\/products\/freedom-cubes\/","name":"Freedom Cubes - GAIN Equine","isPartOf":{"@id":"https:\/\/www.gainanimalnutrition.com\/equine\/fr\/#website"},"primaryImageOfPage":{"@id":"https:\/\/www.gainanimalnutrition.com\/equine\/fr\/products\/freedom-cubes\/#primaryimage"},"image":{"@id":"https:\/\/www.gainanimalnutrition.com\/equine\/fr\/products\/freedom-cubes\/#primaryimage"},"thumbnailUrl":"https:\/\/www.gainanimalnutrition.com\/equine\/wp-content\/uploads\/sites\/2\/2021\/11\/GAIN_Equine_Gain-Freedom-Cubes.png","datePublished":"2021-12-03T10:50:17+00:00","dateModified":"2021-12-14T17:09:29+00:00","description":"Des granul\u00e9s riches en huiles et en fibres, adapt\u00e9s aux chevaux n\u00e9cessitant un r\u00e9gime faible en amidon.","breadcrumb":{"@id":"https:\/\/www.gainanimalnutrition.com\/equine\/fr\/products\/freedom-cubes\/#breadcrumb"},"inLanguage":"fr-FR","potentialAction":[{"@type":"ReadAction","target":["https:\/\/www.gainanimalnutrition.com\/equine\/fr\/products\/freedom-cubes\/"]}]},{"@type":"ImageObject","inLanguage":"fr-FR","@id":"https:\/\/www.gainanimalnutrition.com\/equine\/fr\/products\/freedom-cubes\/#primaryimage","url":"https:\/\/www.gainanimalnutrition.com\/equine\/wp-content\/uploads\/sites\/2\/2021\/11\/GAIN_Equine_Gain-Freedom-Cubes.png","contentUrl":"https:\/\/www.gainanimalnutrition.com\/equine\/wp-content\/uploads\/sites\/2\/2021\/11\/GAIN_Equine_Gain-Freedom-Cubes.png","width":582,"height":800,"caption":"Freedom Cubes"},{"@type":"BreadcrumbList","@id":"https:\/\/www.gainanimalnutrition.com\/equine\/fr\/products\/freedom-cubes\/#breadcrumb","itemListElement":[{"@type":"ListItem","position":1,"name":"Home","item":"https:\/\/www.gainanimalnutrition.com\/equine\/fr\/"},{"@type":"ListItem","position":2,"name":"Products","item":"https:\/\/www.gainanimalnutrition.com\/equine\/products\/"},{"@type":"ListItem","position":3,"name":"Freedom Cubes"}]},{"@type":"WebSite","@id":"https:\/\/www.gainanimalnutrition.com\/equine\/fr\/#website","url":"https:\/\/www.gainanimalnutrition.com\/equine\/fr\/","name":"GAIN Equine","description":"Just another Big Dog Starter Rig Sites site","potentialAction":[{"@type":"SearchAction","target":{"@type":"EntryPoint","urlTemplate":"https:\/\/www.gainanimalnutrition.com\/equine\/fr\/?s={search_term_string}"},"query-input":{"@type":"PropertyValueSpecification","valueRequired":true,"valueName":"search_term_string"}}],"inLanguage":"fr-FR"}]}},"_links":{"self":[{"href":"https:\/\/www.gainanimalnutrition.com\/equine\/fr\/wp-json\/wp\/v2\/product\/1268","targetHints":{"allow":["GET"]}}],"collection":[{"href":"https:\/\/www.gainanimalnutrition.com\/equine\/fr\/wp-json\/wp\/v2\/product"}],"about":[{"href":"https:\/\/www.gainanimalnutrition.com\/equine\/fr\/wp-json\/wp\/v2\/types\/product"}],"wp:featuredmedia":[{"embeddable":true,"href":"https:\/\/www.gainanimalnutrition.com\/equine\/fr\/wp-json\/wp\/v2\/media\/2296"}],"wp:attachment":[{"href":"https:\/\/www.gainanimalnutrition.com\/equine\/fr\/wp-json\/wp\/v2\/media?parent=1268"}],"wp:term":[{"taxonomy":"product-category","embeddable":true,"href":"https:\/\/www.gainanimalnutrition.com\/equine\/fr\/wp-json\/wp\/v2\/product-category?post=1268"},{"taxonomy":"animal-category","embeddable":true,"href":"https:\/\/www.gainanimalnutrition.com\/equine\/fr\/wp-json\/wp\/v2\/animal-category?post=1268"}],"curies":[{"name":"wp","href":"https:\/\/api.w.org\/{rel}","templated":true}]}}