{"id":1277,"date":"2021-12-03T10:50:19","date_gmt":"2021-12-03T10:50:19","guid":{"rendered":"https:\/\/www.gainanimalnutrition.com\/equine\/products\/cereal-balancer-pellets\/"},"modified":"2021-12-14T17:09:32","modified_gmt":"2021-12-14T17:09:32","slug":"cereal-balancer-pellets","status":"publish","type":"product","link":"https:\/\/www.gainanimalnutrition.com\/equine\/fr\/products\/cereal-balancer-pellets\/","title":{"rendered":"Cereal Balancer Pellets"},"excerpt":{"rendered":"<p>Un aliment concentr\u00e9 \u00e9quilibr\u00e9, riche en prot\u00e9ines de qualit\u00e9, en compl\u00e9ment d&rsquo;une alimentation \u00e0 base de c\u00e9r\u00e9ales.<\/p>\n","protected":false},"featured_media":2266,"menu_order":19,"template":"","product-category":[102],"animal-category":[],"class_list":["post-1277","product","type-product","status-publish","has-post-thumbnail","hentry","product-category-specialisee"],"acf":[],"yoast_head":"<!-- This site is optimized with the Yoast SEO plugin v27.2 - https:\/\/yoast.com\/product\/yoast-seo-wordpress\/ -->\n<title>Cereal Balancer Pellets - GAIN Equine<\/title>\n<meta name=\"description\" content=\"Les granul\u00e9s Cereal\u00a0Balancer\u00a0Pellets sont un correcteur haut de gamme con\u00e7u pour \u00eatre m\u00e9lang\u00e9 \u00e0 de l&#039;avoine ou \u00e0 d&#039;autres c\u00e9r\u00e9ales pour cr\u00e9er un aliment complet.\" \/>\n<meta name=\"robots\" content=\"index, follow, max-snippet:-1, max-image-preview:large, max-video-preview:-1\" \/>\n<link rel=\"canonical\" href=\"https:\/\/www.gainanimalnutrition.com\/equine\/fr\/products\/cereal-balancer-pellets\/\" \/>\n<meta property=\"og:locale\" content=\"fr_FR\" \/>\n<meta property=\"og:type\" content=\"article\" \/>\n<meta property=\"og:title\" content=\"Cereal Balancer Pellets - GAIN Equine\" \/>\n<meta property=\"og:description\" content=\"Les granul\u00e9s Cereal\u00a0Balancer\u00a0Pellets sont un correcteur haut de gamme con\u00e7u pour \u00eatre m\u00e9lang\u00e9 \u00e0 de l&#039;avoine ou \u00e0 d&#039;autres c\u00e9r\u00e9ales pour cr\u00e9er un aliment complet.\" \/>\n<meta property=\"og:url\" content=\"https:\/\/www.gainanimalnutrition.com\/equine\/fr\/products\/cereal-balancer-pellets\/\" \/>\n<meta property=\"og:site_name\" content=\"GAIN Equine\" \/>\n<meta property=\"article:modified_time\" content=\"2021-12-14T17:09:32+00:00\" \/>\n<meta property=\"og:image\" content=\"https:\/\/www.gainanimalnutrition.com\/equine\/wp-content\/uploads\/sites\/2\/2021\/11\/GAIN_Equine_Gain-Cereal-Balancer-Pellets.png\" \/>\n\t<meta property=\"og:image:width\" content=\"582\" \/>\n\t<meta property=\"og:image:height\" content=\"800\" \/>\n\t<meta property=\"og:image:type\" content=\"image\/png\" \/>\n<meta name=\"twitter:card\" content=\"summary_large_image\" \/>\n<script type=\"application\/ld+json\" class=\"yoast-schema-graph\">{\"@context\":\"https:\/\/schema.org\",\"@graph\":[{\"@type\":\"WebPage\",\"@id\":\"https:\/\/www.gainanimalnutrition.com\/equine\/fr\/products\/cereal-balancer-pellets\/\",\"url\":\"https:\/\/www.gainanimalnutrition.com\/equine\/fr\/products\/cereal-balancer-pellets\/\",\"name\":\"Cereal Balancer Pellets - GAIN Equine\",\"isPartOf\":{\"@id\":\"https:\/\/www.gainanimalnutrition.com\/equine\/fr\/#website\"},\"primaryImageOfPage\":{\"@id\":\"https:\/\/www.gainanimalnutrition.com\/equine\/fr\/products\/cereal-balancer-pellets\/#primaryimage\"},\"image\":{\"@id\":\"https:\/\/www.gainanimalnutrition.com\/equine\/fr\/products\/cereal-balancer-pellets\/#primaryimage\"},\"thumbnailUrl\":\"https:\/\/www.gainanimalnutrition.com\/equine\/wp-content\/uploads\/sites\/2\/2021\/11\/GAIN_Equine_Gain-Cereal-Balancer-Pellets.png\",\"datePublished\":\"2021-12-03T10:50:19+00:00\",\"dateModified\":\"2021-12-14T17:09:32+00:00\",\"description\":\"Les granul\u00e9s Cereal\u00a0Balancer\u00a0Pellets sont un correcteur haut de gamme con\u00e7u pour \u00eatre m\u00e9lang\u00e9 \u00e0 de l'avoine ou \u00e0 d'autres c\u00e9r\u00e9ales pour cr\u00e9er un aliment complet.\",\"breadcrumb\":{\"@id\":\"https:\/\/www.gainanimalnutrition.com\/equine\/fr\/products\/cereal-balancer-pellets\/#breadcrumb\"},\"inLanguage\":\"fr-FR\",\"potentialAction\":[{\"@type\":\"ReadAction\",\"target\":[\"https:\/\/www.gainanimalnutrition.com\/equine\/fr\/products\/cereal-balancer-pellets\/\"]}]},{\"@type\":\"ImageObject\",\"inLanguage\":\"fr-FR\",\"@id\":\"https:\/\/www.gainanimalnutrition.com\/equine\/fr\/products\/cereal-balancer-pellets\/#primaryimage\",\"url\":\"https:\/\/www.gainanimalnutrition.com\/equine\/wp-content\/uploads\/sites\/2\/2021\/11\/GAIN_Equine_Gain-Cereal-Balancer-Pellets.png\",\"contentUrl\":\"https:\/\/www.gainanimalnutrition.com\/equine\/wp-content\/uploads\/sites\/2\/2021\/11\/GAIN_Equine_Gain-Cereal-Balancer-Pellets.png\",\"width\":582,\"height\":800,\"caption\":\"Cereal Balancer Pellets\"},{\"@type\":\"BreadcrumbList\",\"@id\":\"https:\/\/www.gainanimalnutrition.com\/equine\/fr\/products\/cereal-balancer-pellets\/#breadcrumb\",\"itemListElement\":[{\"@type\":\"ListItem\",\"position\":1,\"name\":\"Home\",\"item\":\"https:\/\/www.gainanimalnutrition.com\/equine\/fr\/\"},{\"@type\":\"ListItem\",\"position\":2,\"name\":\"Products\",\"item\":\"https:\/\/www.gainanimalnutrition.com\/equine\/products\/\"},{\"@type\":\"ListItem\",\"position\":3,\"name\":\"Cereal Balancer Pellets\"}]},{\"@type\":\"WebSite\",\"@id\":\"https:\/\/www.gainanimalnutrition.com\/equine\/fr\/#website\",\"url\":\"https:\/\/www.gainanimalnutrition.com\/equine\/fr\/\",\"name\":\"GAIN Equine\",\"description\":\"Just another Big Dog Starter Rig Sites site\",\"potentialAction\":[{\"@type\":\"SearchAction\",\"target\":{\"@type\":\"EntryPoint\",\"urlTemplate\":\"https:\/\/www.gainanimalnutrition.com\/equine\/fr\/?s={search_term_string}\"},\"query-input\":{\"@type\":\"PropertyValueSpecification\",\"valueRequired\":true,\"valueName\":\"search_term_string\"}}],\"inLanguage\":\"fr-FR\"}]}<\/script>\n<!-- \/ Yoast SEO plugin. -->","yoast_head_json":{"title":"Cereal Balancer Pellets - GAIN Equine","description":"Les granul\u00e9s Cereal\u00a0Balancer\u00a0Pellets sont un correcteur haut de gamme con\u00e7u pour \u00eatre m\u00e9lang\u00e9 \u00e0 de l'avoine ou \u00e0 d'autres c\u00e9r\u00e9ales pour cr\u00e9er un aliment complet.","robots":{"index":"index","follow":"follow","max-snippet":"max-snippet:-1","max-image-preview":"max-image-preview:large","max-video-preview":"max-video-preview:-1"},"canonical":"https:\/\/www.gainanimalnutrition.com\/equine\/fr\/products\/cereal-balancer-pellets\/","og_locale":"fr_FR","og_type":"article","og_title":"Cereal Balancer Pellets - GAIN Equine","og_description":"Les granul\u00e9s Cereal\u00a0Balancer\u00a0Pellets sont un correcteur haut de gamme con\u00e7u pour \u00eatre m\u00e9lang\u00e9 \u00e0 de l'avoine ou \u00e0 d'autres c\u00e9r\u00e9ales pour cr\u00e9er un aliment complet.","og_url":"https:\/\/www.gainanimalnutrition.com\/equine\/fr\/products\/cereal-balancer-pellets\/","og_site_name":"GAIN Equine","article_modified_time":"2021-12-14T17:09:32+00:00","og_image":[{"width":582,"height":800,"url":"https:\/\/www.gainanimalnutrition.com\/equine\/wp-content\/uploads\/sites\/2\/2021\/11\/GAIN_Equine_Gain-Cereal-Balancer-Pellets.png","type":"image\/png"}],"twitter_card":"summary_large_image","schema":{"@context":"https:\/\/schema.org","@graph":[{"@type":"WebPage","@id":"https:\/\/www.gainanimalnutrition.com\/equine\/fr\/products\/cereal-balancer-pellets\/","url":"https:\/\/www.gainanimalnutrition.com\/equine\/fr\/products\/cereal-balancer-pellets\/","name":"Cereal Balancer Pellets - GAIN Equine","isPartOf":{"@id":"https:\/\/www.gainanimalnutrition.com\/equine\/fr\/#website"},"primaryImageOfPage":{"@id":"https:\/\/www.gainanimalnutrition.com\/equine\/fr\/products\/cereal-balancer-pellets\/#primaryimage"},"image":{"@id":"https:\/\/www.gainanimalnutrition.com\/equine\/fr\/products\/cereal-balancer-pellets\/#primaryimage"},"thumbnailUrl":"https:\/\/www.gainanimalnutrition.com\/equine\/wp-content\/uploads\/sites\/2\/2021\/11\/GAIN_Equine_Gain-Cereal-Balancer-Pellets.png","datePublished":"2021-12-03T10:50:19+00:00","dateModified":"2021-12-14T17:09:32+00:00","description":"Les granul\u00e9s Cereal\u00a0Balancer\u00a0Pellets sont un correcteur haut de gamme con\u00e7u pour \u00eatre m\u00e9lang\u00e9 \u00e0 de l'avoine ou \u00e0 d'autres c\u00e9r\u00e9ales pour cr\u00e9er un aliment complet.","breadcrumb":{"@id":"https:\/\/www.gainanimalnutrition.com\/equine\/fr\/products\/cereal-balancer-pellets\/#breadcrumb"},"inLanguage":"fr-FR","potentialAction":[{"@type":"ReadAction","target":["https:\/\/www.gainanimalnutrition.com\/equine\/fr\/products\/cereal-balancer-pellets\/"]}]},{"@type":"ImageObject","inLanguage":"fr-FR","@id":"https:\/\/www.gainanimalnutrition.com\/equine\/fr\/products\/cereal-balancer-pellets\/#primaryimage","url":"https:\/\/www.gainanimalnutrition.com\/equine\/wp-content\/uploads\/sites\/2\/2021\/11\/GAIN_Equine_Gain-Cereal-Balancer-Pellets.png","contentUrl":"https:\/\/www.gainanimalnutrition.com\/equine\/wp-content\/uploads\/sites\/2\/2021\/11\/GAIN_Equine_Gain-Cereal-Balancer-Pellets.png","width":582,"height":800,"caption":"Cereal Balancer Pellets"},{"@type":"BreadcrumbList","@id":"https:\/\/www.gainanimalnutrition.com\/equine\/fr\/products\/cereal-balancer-pellets\/#breadcrumb","itemListElement":[{"@type":"ListItem","position":1,"name":"Home","item":"https:\/\/www.gainanimalnutrition.com\/equine\/fr\/"},{"@type":"ListItem","position":2,"name":"Products","item":"https:\/\/www.gainanimalnutrition.com\/equine\/products\/"},{"@type":"ListItem","position":3,"name":"Cereal Balancer Pellets"}]},{"@type":"WebSite","@id":"https:\/\/www.gainanimalnutrition.com\/equine\/fr\/#website","url":"https:\/\/www.gainanimalnutrition.com\/equine\/fr\/","name":"GAIN Equine","description":"Just another Big Dog Starter Rig Sites site","potentialAction":[{"@type":"SearchAction","target":{"@type":"EntryPoint","urlTemplate":"https:\/\/www.gainanimalnutrition.com\/equine\/fr\/?s={search_term_string}"},"query-input":{"@type":"PropertyValueSpecification","valueRequired":true,"valueName":"search_term_string"}}],"inLanguage":"fr-FR"}]}},"_links":{"self":[{"href":"https:\/\/www.gainanimalnutrition.com\/equine\/fr\/wp-json\/wp\/v2\/product\/1277","targetHints":{"allow":["GET"]}}],"collection":[{"href":"https:\/\/www.gainanimalnutrition.com\/equine\/fr\/wp-json\/wp\/v2\/product"}],"about":[{"href":"https:\/\/www.gainanimalnutrition.com\/equine\/fr\/wp-json\/wp\/v2\/types\/product"}],"wp:featuredmedia":[{"embeddable":true,"href":"https:\/\/www.gainanimalnutrition.com\/equine\/fr\/wp-json\/wp\/v2\/media\/2266"}],"wp:attachment":[{"href":"https:\/\/www.gainanimalnutrition.com\/equine\/fr\/wp-json\/wp\/v2\/media?parent=1277"}],"wp:term":[{"taxonomy":"product-category","embeddable":true,"href":"https:\/\/www.gainanimalnutrition.com\/equine\/fr\/wp-json\/wp\/v2\/product-category?post=1277"},{"taxonomy":"animal-category","embeddable":true,"href":"https:\/\/www.gainanimalnutrition.com\/equine\/fr\/wp-json\/wp\/v2\/animal-category?post=1277"}],"curies":[{"name":"wp","href":"https:\/\/api.w.org\/{rel}","templated":true}]}}