{"id":1283,"date":"2021-12-03T10:50:21","date_gmt":"2021-12-03T10:50:21","guid":{"rendered":"https:\/\/www.gainanimalnutrition.com\/equine\/products\/elite-10-cubes\/"},"modified":"2021-12-14T17:09:33","modified_gmt":"2021-12-14T17:09:33","slug":"elite-10-cubes","status":"publish","type":"product","link":"https:\/\/www.gainanimalnutrition.com\/equine\/fr\/products\/elite-10-cubes\/","title":{"rendered":"Elite 10 Cubes"},"excerpt":{"rendered":"<p>Une recette \u00e0 faible teneur en prot\u00e9ines et sans avoine avec lib\u00e9ration d&rsquo;\u00e9nergie \u00e0 la fois rapide et lente.<\/p>\n","protected":false},"featured_media":2291,"menu_order":18,"template":"","product-category":[102],"animal-category":[100,147],"class_list":["post-1283","product","type-product","status-publish","has-post-thumbnail","hentry","product-category-specialisee","animal-category-endurance-fr","animal-category-reining-fr"],"acf":[],"yoast_head":"<!-- This site is optimized with the Yoast SEO plugin v27.2 - https:\/\/yoast.com\/product\/yoast-seo-wordpress\/ -->\n<title>Elite 10 Cubes - GAIN Equine<\/title>\n<meta name=\"description\" content=\"Une recette \u00e0 faible teneur en prot\u00e9ines et sans avoine avec lib\u00e9ration d&#039;\u00e9nergie \u00e0 la fois rapide et lente.\" \/>\n<meta name=\"robots\" content=\"index, follow, max-snippet:-1, max-image-preview:large, max-video-preview:-1\" \/>\n<link rel=\"canonical\" href=\"https:\/\/www.gainanimalnutrition.com\/equine\/products\/elite-10-cubes\/\" \/>\n<meta property=\"og:locale\" content=\"fr_FR\" \/>\n<meta property=\"og:type\" content=\"article\" \/>\n<meta property=\"og:title\" content=\"Elite 10 Cubes - GAIN Equine\" \/>\n<meta property=\"og:description\" content=\"Une recette \u00e0 faible teneur en prot\u00e9ines et sans avoine avec lib\u00e9ration d&#039;\u00e9nergie \u00e0 la fois rapide et lente.\" \/>\n<meta property=\"og:url\" content=\"https:\/\/www.gainanimalnutrition.com\/equine\/products\/elite-10-cubes\/\" \/>\n<meta property=\"og:site_name\" content=\"GAIN Equine\" \/>\n<meta property=\"article:modified_time\" content=\"2021-12-14T17:09:33+00:00\" \/>\n<meta property=\"og:image\" content=\"https:\/\/www.gainanimalnutrition.com\/equine\/wp-content\/uploads\/sites\/2\/2021\/11\/GAIN_Equine_Gain-Elite-10-Cubes.png\" \/>\n\t<meta property=\"og:image:width\" content=\"582\" \/>\n\t<meta property=\"og:image:height\" content=\"800\" \/>\n\t<meta property=\"og:image:type\" content=\"image\/png\" \/>\n<meta name=\"twitter:card\" content=\"summary_large_image\" \/>\n<script type=\"application\/ld+json\" class=\"yoast-schema-graph\">{\"@context\":\"https:\/\/schema.org\",\"@graph\":[{\"@type\":\"WebPage\",\"@id\":\"https:\/\/www.gainanimalnutrition.com\/equine\/products\/elite-10-cubes\/\",\"url\":\"https:\/\/www.gainanimalnutrition.com\/equine\/products\/elite-10-cubes\/\",\"name\":\"Elite 10 Cubes - GAIN Equine\",\"isPartOf\":{\"@id\":\"https:\/\/www.gainanimalnutrition.com\/equine\/fr\/#website\"},\"primaryImageOfPage\":{\"@id\":\"https:\/\/www.gainanimalnutrition.com\/equine\/products\/elite-10-cubes\/#primaryimage\"},\"image\":{\"@id\":\"https:\/\/www.gainanimalnutrition.com\/equine\/products\/elite-10-cubes\/#primaryimage\"},\"thumbnailUrl\":\"https:\/\/www.gainanimalnutrition.com\/equine\/wp-content\/uploads\/sites\/2\/2021\/11\/GAIN_Equine_Gain-Elite-10-Cubes.png\",\"datePublished\":\"2021-12-03T10:50:21+00:00\",\"dateModified\":\"2021-12-14T17:09:33+00:00\",\"description\":\"Une recette \u00e0 faible teneur en prot\u00e9ines et sans avoine avec lib\u00e9ration d'\u00e9nergie \u00e0 la fois rapide et lente.\",\"breadcrumb\":{\"@id\":\"https:\/\/www.gainanimalnutrition.com\/equine\/products\/elite-10-cubes\/#breadcrumb\"},\"inLanguage\":\"fr-FR\",\"potentialAction\":[{\"@type\":\"ReadAction\",\"target\":[\"https:\/\/www.gainanimalnutrition.com\/equine\/products\/elite-10-cubes\/\"]}]},{\"@type\":\"ImageObject\",\"inLanguage\":\"fr-FR\",\"@id\":\"https:\/\/www.gainanimalnutrition.com\/equine\/products\/elite-10-cubes\/#primaryimage\",\"url\":\"https:\/\/www.gainanimalnutrition.com\/equine\/wp-content\/uploads\/sites\/2\/2021\/11\/GAIN_Equine_Gain-Elite-10-Cubes.png\",\"contentUrl\":\"https:\/\/www.gainanimalnutrition.com\/equine\/wp-content\/uploads\/sites\/2\/2021\/11\/GAIN_Equine_Gain-Elite-10-Cubes.png\",\"width\":582,\"height\":800,\"caption\":\"Elite 10 Cubes\"},{\"@type\":\"BreadcrumbList\",\"@id\":\"https:\/\/www.gainanimalnutrition.com\/equine\/products\/elite-10-cubes\/#breadcrumb\",\"itemListElement\":[{\"@type\":\"ListItem\",\"position\":1,\"name\":\"Home\",\"item\":\"https:\/\/www.gainanimalnutrition.com\/equine\/fr\/\"},{\"@type\":\"ListItem\",\"position\":2,\"name\":\"Products\",\"item\":\"https:\/\/www.gainanimalnutrition.com\/equine\/products\/\"},{\"@type\":\"ListItem\",\"position\":3,\"name\":\"Elite 10 Cubes\"}]},{\"@type\":\"WebSite\",\"@id\":\"https:\/\/www.gainanimalnutrition.com\/equine\/fr\/#website\",\"url\":\"https:\/\/www.gainanimalnutrition.com\/equine\/fr\/\",\"name\":\"GAIN Equine\",\"description\":\"Just another Big Dog Starter Rig Sites site\",\"potentialAction\":[{\"@type\":\"SearchAction\",\"target\":{\"@type\":\"EntryPoint\",\"urlTemplate\":\"https:\/\/www.gainanimalnutrition.com\/equine\/fr\/?s={search_term_string}\"},\"query-input\":{\"@type\":\"PropertyValueSpecification\",\"valueRequired\":true,\"valueName\":\"search_term_string\"}}],\"inLanguage\":\"fr-FR\"}]}<\/script>\n<!-- \/ Yoast SEO plugin. -->","yoast_head_json":{"title":"Elite 10 Cubes - GAIN Equine","description":"Une recette \u00e0 faible teneur en prot\u00e9ines et sans avoine avec lib\u00e9ration d'\u00e9nergie \u00e0 la fois rapide et lente.","robots":{"index":"index","follow":"follow","max-snippet":"max-snippet:-1","max-image-preview":"max-image-preview:large","max-video-preview":"max-video-preview:-1"},"canonical":"https:\/\/www.gainanimalnutrition.com\/equine\/products\/elite-10-cubes\/","og_locale":"fr_FR","og_type":"article","og_title":"Elite 10 Cubes - GAIN Equine","og_description":"Une recette \u00e0 faible teneur en prot\u00e9ines et sans avoine avec lib\u00e9ration d'\u00e9nergie \u00e0 la fois rapide et lente.","og_url":"https:\/\/www.gainanimalnutrition.com\/equine\/products\/elite-10-cubes\/","og_site_name":"GAIN Equine","article_modified_time":"2021-12-14T17:09:33+00:00","og_image":[{"width":582,"height":800,"url":"https:\/\/www.gainanimalnutrition.com\/equine\/wp-content\/uploads\/sites\/2\/2021\/11\/GAIN_Equine_Gain-Elite-10-Cubes.png","type":"image\/png"}],"twitter_card":"summary_large_image","schema":{"@context":"https:\/\/schema.org","@graph":[{"@type":"WebPage","@id":"https:\/\/www.gainanimalnutrition.com\/equine\/products\/elite-10-cubes\/","url":"https:\/\/www.gainanimalnutrition.com\/equine\/products\/elite-10-cubes\/","name":"Elite 10 Cubes - GAIN Equine","isPartOf":{"@id":"https:\/\/www.gainanimalnutrition.com\/equine\/fr\/#website"},"primaryImageOfPage":{"@id":"https:\/\/www.gainanimalnutrition.com\/equine\/products\/elite-10-cubes\/#primaryimage"},"image":{"@id":"https:\/\/www.gainanimalnutrition.com\/equine\/products\/elite-10-cubes\/#primaryimage"},"thumbnailUrl":"https:\/\/www.gainanimalnutrition.com\/equine\/wp-content\/uploads\/sites\/2\/2021\/11\/GAIN_Equine_Gain-Elite-10-Cubes.png","datePublished":"2021-12-03T10:50:21+00:00","dateModified":"2021-12-14T17:09:33+00:00","description":"Une recette \u00e0 faible teneur en prot\u00e9ines et sans avoine avec lib\u00e9ration d'\u00e9nergie \u00e0 la fois rapide et lente.","breadcrumb":{"@id":"https:\/\/www.gainanimalnutrition.com\/equine\/products\/elite-10-cubes\/#breadcrumb"},"inLanguage":"fr-FR","potentialAction":[{"@type":"ReadAction","target":["https:\/\/www.gainanimalnutrition.com\/equine\/products\/elite-10-cubes\/"]}]},{"@type":"ImageObject","inLanguage":"fr-FR","@id":"https:\/\/www.gainanimalnutrition.com\/equine\/products\/elite-10-cubes\/#primaryimage","url":"https:\/\/www.gainanimalnutrition.com\/equine\/wp-content\/uploads\/sites\/2\/2021\/11\/GAIN_Equine_Gain-Elite-10-Cubes.png","contentUrl":"https:\/\/www.gainanimalnutrition.com\/equine\/wp-content\/uploads\/sites\/2\/2021\/11\/GAIN_Equine_Gain-Elite-10-Cubes.png","width":582,"height":800,"caption":"Elite 10 Cubes"},{"@type":"BreadcrumbList","@id":"https:\/\/www.gainanimalnutrition.com\/equine\/products\/elite-10-cubes\/#breadcrumb","itemListElement":[{"@type":"ListItem","position":1,"name":"Home","item":"https:\/\/www.gainanimalnutrition.com\/equine\/fr\/"},{"@type":"ListItem","position":2,"name":"Products","item":"https:\/\/www.gainanimalnutrition.com\/equine\/products\/"},{"@type":"ListItem","position":3,"name":"Elite 10 Cubes"}]},{"@type":"WebSite","@id":"https:\/\/www.gainanimalnutrition.com\/equine\/fr\/#website","url":"https:\/\/www.gainanimalnutrition.com\/equine\/fr\/","name":"GAIN Equine","description":"Just another Big Dog Starter Rig Sites site","potentialAction":[{"@type":"SearchAction","target":{"@type":"EntryPoint","urlTemplate":"https:\/\/www.gainanimalnutrition.com\/equine\/fr\/?s={search_term_string}"},"query-input":{"@type":"PropertyValueSpecification","valueRequired":true,"valueName":"search_term_string"}}],"inLanguage":"fr-FR"}]}},"_links":{"self":[{"href":"https:\/\/www.gainanimalnutrition.com\/equine\/fr\/wp-json\/wp\/v2\/product\/1283","targetHints":{"allow":["GET"]}}],"collection":[{"href":"https:\/\/www.gainanimalnutrition.com\/equine\/fr\/wp-json\/wp\/v2\/product"}],"about":[{"href":"https:\/\/www.gainanimalnutrition.com\/equine\/fr\/wp-json\/wp\/v2\/types\/product"}],"wp:featuredmedia":[{"embeddable":true,"href":"https:\/\/www.gainanimalnutrition.com\/equine\/fr\/wp-json\/wp\/v2\/media\/2291"}],"wp:attachment":[{"href":"https:\/\/www.gainanimalnutrition.com\/equine\/fr\/wp-json\/wp\/v2\/media?parent=1283"}],"wp:term":[{"taxonomy":"product-category","embeddable":true,"href":"https:\/\/www.gainanimalnutrition.com\/equine\/fr\/wp-json\/wp\/v2\/product-category?post=1283"},{"taxonomy":"animal-category","embeddable":true,"href":"https:\/\/www.gainanimalnutrition.com\/equine\/fr\/wp-json\/wp\/v2\/animal-category?post=1283"}],"curies":[{"name":"wp","href":"https:\/\/api.w.org\/{rel}","templated":true}]}}