{"id":1572,"date":"2022-01-28T15:05:43","date_gmt":"2022-01-28T15:05:43","guid":{"rendered":"https:\/\/www.gainanimalnutrition.com\/equine\/?page_id=1572"},"modified":"2022-01-28T15:25:50","modified_gmt":"2022-01-28T15:25:50","slug":"privacy-policy","status":"publish","type":"page","link":"https:\/\/www.gainanimalnutrition.com\/equine\/sv\/privacy-policy\/","title":{"rendered":"Privacy Policy"},"content":{"rendered":"\n<p>Detta dataskyddsmeddelande (\u201d<strong>Meddelande<\/strong>\u201d) beskriver hur bolaget Glanbia Co-Operative Society Limited (\u201d<strong>Bolaget<\/strong>\u201d) eller dess dotterbolag (inklusive Glanbia Ireland DAC, Glanbia Foods Ireland Limited och deras dotterbolag) (\u201d<strong>Glanbia<\/strong>\u201d, \u201d<strong>vi<\/strong>\u201d, \u201d<strong>oss<\/strong>\u201d), anv\u00e4nder personuppgifter som samlas in om dig i samband med ditt bes\u00f6k p\u00e5 www.gainanimalnutrition.com och ditt samr\u00f6re med oss.&nbsp;<\/p>\n\n\n\n<p>Glanbia kan komma att \u00e4ndra detta Meddelande med j\u00e4mna mellanrum genom att uppdatera denna sida. Du b\u00f6r d\u00e4rf\u00f6r kolla denna sida emellan\u00e5t f\u00f6r att f\u00f6rs\u00e4kra dig om att du samtycker till eventuella \u00e4ndringar som gjorts av Glanbia.<\/p>\n\n\n\n<p>Om du \u00e4r ledamot eller aktie\u00e4gare i Bolaget eller bedriver aff\u00e4rer med Bolaget eller dess dotterbolag (inklusive Glanbia Ireland DAC, Glanbia Foods Ireland Limited och deras dotterbolag), kommer f\u00f6ljande Meddelande reglera hur vi anv\u00e4nder och visar dina personuppgifter. Detta Meddelande ger ocks\u00e5 en sammanfattning av hur Glanbia anv\u00e4nder personuppgifter som samlas in p\u00e5 v\u00e5ra webbplatser som www.glanbiaconnect.comwww.glanbiaireland.com, www.glanbiairelandingredients.com, www.avonmore.ie och www.trulygrassfed.com (\u201d<strong>Glanbia-webbplatser<\/strong>\u201d).&nbsp;<\/p>\n\n\n\n<p>Glanbia ansvarar f\u00f6r dina personuppgifter i enlighet med detta Meddelande, och du kan st\u00e4lla fr\u00e5gor om detta Meddelande till:&nbsp;<\/p>\n\n\n\n<p>Fullst\u00e4ndigt namn p\u00e5 juridisk person: Glanbia Ireland DAC<\/p>\n\n\n\n<p>Adress: Glanbia House, Kilkenny, IrelandE-postadress: &nbsp;hello@glanbiaconnect.com<\/p>\n\n\n\n<p>Telefonnummer: 0818 321 321<\/p>\n\n\n\n<p>Glanbia g\u00f6r allt f\u00f6r att skydda dina r\u00e4ttigheter i enlighet med dataskyddslagarna och se till att dina personuppgifter \u00e4r s\u00e4kra. F\u00f6r att f\u00f6rebygga obeh\u00f6rig \u00e5tkomst eller offentligg\u00f6randen har vi vidtagit l\u00e4mpliga fysiska, elektroniska och administrations\u00e5tg\u00e4rder f\u00f6r att skydda och h\u00e5lla informationen vi samlar in och behandlar s\u00e4ker, i enlighet med dataskyddslagar. Syftet med detta Meddelande \u00e4r att informera dig om vad vi g\u00f6r med dina personuppgifter i samband med att du har kontakt med oss.&nbsp;<\/p>\n\n\n\n<p>1.\u200b<strong>DATA VI SAMLAR IN<\/strong><\/p>\n\n\n\n<p>Glanbia kan samla in eller generera f\u00f6ljande kategorier av personuppgifter om dig:<\/p>\n\n\n\n<p>\u2022\u200bIdentitetsuppgifter som namn, mellannamn, efternamn.<\/p>\n\n\n\n<p>\u2022\u200bIdentitetsuppgifter som f\u00f6delsedag, personnummer och, i vissa fall, certifierade kopior av identifikationsbevis som t.ex. pass eller r\u00e4kningar.<\/p>\n\n\n\n<p>\u2022\u200bKontaktuppgifter som adress, telefonnummer och e-postadress.<\/p>\n\n\n\n<p>\u2022\u200bEkonomisk information som dina bankkontouppgifter f\u00f6r att f\u00f6renkla utbetalningar fr\u00e5n Glanbia, dina kortuppgifter f\u00f6r att f\u00f6renkla dina betalningar till Glanbia och, d\u00e4r det \u00e4r till\u00e4mpligt, annan ekonomisk information som din kreditgr\u00e4ns, Bolagets utdelning och aktie\u00e4gande.&nbsp;<\/p>\n\n\n\n<p>\u2022\u200bUppgifter om ditt kund-\/aff\u00e4rskonto inklusive kund-\/aff\u00e4rsnummer, boskapsnummer och andra personuppgifter som har att g\u00f6ra med ditt kund-\/aff\u00e4rskonto.&nbsp;<\/p>\n\n\n\n<p>\u2022\u200bInformation om hur du efterf\u00f6ljer g\u00e4llande lagstiftning inom h\u00e4lsa och s\u00e4kerhet.&nbsp;<\/p>\n\n\n\n<p>\u2022\u200bTeknisk information som vi kan komma att samla in om din enhet n\u00e4r du bes\u00f6ker Glanbia-webbplatser. Detta kan inkludera din IP-adress, webbl\u00e4sartyp och webbl\u00e4sarversion, tidzonsinst\u00e4llning och plats, webbl\u00e4sarens plugin-typer och versioner, operativsystem och plattform.<\/p>\n\n\n\n<p>\u2022\u200bT\u00e4vlings- eller marknadsf\u00f6ringsinformation n\u00e4r du deltar i en t\u00e4vling eller kampanj som Glanbia organiserar.&nbsp;<\/p>\n\n\n\n<p>Vi kan ocks\u00e5 ta emot personuppgifter om dig (t.ex. om ditt boskap, hur h\u00e5llbar din g\u00e5rd \u00e4r och\/eller hur du efterf\u00f6ljer lagstiftningen) fr\u00e5n tredje part som t.ex.:&nbsp;<\/p>\n\n\n\n<p>\u2022\u200bStatliga&nbsp;och&nbsp;statligt&nbsp;\u00e4gda&nbsp;myndigheter&nbsp;som&nbsp;Bord Bia, Teagasc&nbsp;och&nbsp;Department of Agriculture,&nbsp;Food&nbsp;and the Marine.<\/p>\n\n\n\n<p>\u2022\u200bBranschintressenter&nbsp;som&nbsp;t.ex. the Irish Cattle Breeding Federation (ICBF).&nbsp;<\/p>\n\n\n\n<p>2.\u200b<strong>VAD VI G\u00d6R MED INFORMATIONEN VI SAMLAR IN<\/strong><\/p>\n\n\n\n<p>Vi anv\u00e4nder denna information f\u00f6r att ge dig omfattande service som en ledamot i Bolaget, eller f\u00f6r dina individuella aff\u00e4rer med Glanbia, samt f\u00f6r att f\u00f6rs\u00e4kra dig om att v\u00e5ra tj\u00e4nster hanteras p\u00e5 b\u00e4sta m\u00f6jliga s\u00e4tt. Vi anv\u00e4nder dina personuppgifter i m\u00e5nga olika syften, som t.ex.:&nbsp;<\/p>\n\n\n\n<p>\u2022\u200bf\u00f6r att kunna f\u00f6ra interna protokoll \u00f6ver k\u00f6p och kontrollera leveranserna.<\/p>\n\n\n\n<p>\u2022\u200bf\u00f6r att kunna utf\u00f6ra v\u00e5ra plikter som uppst\u00e5r i samband med dina intressen i Glanbia inklusive:<\/p>\n\n\n\n<p>\u2022\u200bavtal med mj\u00f6lkleverant\u00f6rer,<\/p>\n\n\n\n<p>\u2022\u200bavtal med spannm\u00e5lsleverant\u00f6rer,<\/p>\n\n\n\n<p>\u2022\u200bf\u00f6rs\u00e4ljning till kunder och kontohantering, och&nbsp;<\/p>\n\n\n\n<p>\u2022\u200bbehandling och underh\u00e5ll av uppgifter om aktie\u00e4gare\/ledam\u00f6ter.<\/p>\n\n\n\n<p>\u2022\u200bf\u00f6r att kunna meddela dig om \u00e4ndringar och uppdateringar g\u00e4llande v\u00e5ra produkter och tj\u00e4nster, eller annan relevant information.<\/p>\n\n\n\n<p>\u2022\u200bf\u00f6r att kunna kontakta dig via digitala verktyg (e-post eller SMS) med information som \u00e4r relevant f\u00f6r dig som ledamot inom Bolaget, leverant\u00f6r eller individuell handel med Glanbia.&nbsp;<\/p>\n\n\n\n<p>\u2022\u200bf\u00f6r att kunna anv\u00e4nda information som tillhandah\u00e5lls via v\u00e5ra digitala kanaler f\u00f6r att anpassa Glanbia-webbplatser enligt dina intressen.<\/p>\n\n\n\n<p>Vi behandlar i f\u00f6rsta hand dina personuppgifter baserat p\u00e5 v\u00e5ra ber\u00e4ttigade intressen men kan, i vissa fall, behandla dina personuppgifter baserat p\u00e5 andra r\u00e4ttsliga grunder n\u00e4r det \u00e4r l\u00e4mplig. &nbsp;V\u00e5ra r\u00e4ttsliga grunder f\u00f6r behandling av dina personuppgifter inkluderar:<\/p>\n\n\n\n<p>\u2022\u200b<strong>ber\u00e4ttigat intresse<\/strong>: vi behandlar dina personuppgifter enligt v\u00e5ra legitima aff\u00e4rsintressen, inklusive, men inte begr\u00e4nsat till att f\u00f6ra interna protokoll f\u00f6r att kunna ge dig st\u00f6d och bibeh\u00e5lla ditt f\u00f6rh\u00e5llande med Glanbia som leverant\u00f6r, kund eller aff\u00e4rspartner. Du har r\u00e4tt att n\u00e4r som helst inv\u00e4nda mot behandlingen av dina personuppgifter p\u00e5 denna grund, och information om hur du g\u00e5r till v\u00e4ga f\u00f6r att inv\u00e4nda finns i avsnitt 7 i detta Meddelande. N\u00e4r vi behandlar dina personuppgifter baserat p\u00e5 v\u00e5ra ber\u00e4ttigade intressen \u00f6verv\u00e4ger vi alltid den potentiella inverkan de kan ha p\u00e5 dig och dina dataskyddsr\u00e4ttigheter. Vi kommer inte att anv\u00e4nda dina personuppgifter i fall d\u00e4r inverkan p\u00e5 dig v\u00e4ger tyngre \u00e4n v\u00e5ra intressen (s\u00e5vida vi inte har ditt godk\u00e4nnande eller i fall d\u00e5 det kr\u00e4vs eller godk\u00e4nns av lagen).<\/p>\n\n\n\n<p>\u2022\u200b<strong>ing\u00e5ende eller genomf\u00f6rande av ett avtal<\/strong>: vi kan beh\u00f6va behandla dina personuppgifter f\u00f6r att ing\u00e5 och genomf\u00f6ra avtal med dig. T.ex. om du ing\u00e5r ett avtal som mj\u00f6lkleverant\u00f6r, spannm\u00e5lsleverant\u00f6r eller andra \u00f6verenskommelser med Glanbia. Om du inte tillhandah\u00e5ller dina personuppgifter i detta syfte kommer vi inte kunna ing\u00e5 avtal med dig.<\/p>\n\n\n\n<p>\u2022\u200b<strong>fullg\u00f6ra en r\u00e4ttslig f\u00f6rpliktelse<\/strong>: det kan h\u00e4nda att vi beh\u00f6ver behandla dina personuppgifter f\u00f6r att fullg\u00f6ra en r\u00e4ttslig f\u00f6rpliktelse enligt irl\u00e4ndsk eller europeisk lag.<\/p>\n\n\n\n<p>\u2022\u200b<strong>r\u00e4ttsliga anspr\u00e5k<\/strong>: det kan h\u00e4nda att vi beh\u00f6ver behandla dina personuppgifter f\u00f6r att etablera, utreda, utf\u00f6ra eller f\u00f6rsvara en r\u00e4ttslig f\u00f6rpliktelse.<\/p>\n\n\n\n<p>Under vissa begr\u00e4nsade omst\u00e4ndigheter kan vi komma att behandla dina personuppgifter baserat p\u00e5 ditt givna samtycke. T.ex. n\u00e4r vi skickar ut material fr\u00e5n s\u00e4ljkampanjer eller direkt marknadsf\u00f6ring g\u00f6r vi det baserat p\u00e5 ditt samtycke. Du kan \u00e5terta ditt samtycke n\u00e4r som helst genom att kontakta oss via kontaktuppgifterna som finns i avsnitt 7 i detta Meddelande. Vid direkt marknadsf\u00f6ring kommer vi att fr\u00e5ga dig om du vill sluta prenumerera eller avs\u00e4ga dig framtida marknadsf\u00f6ring vid varje utskick. Observera att processer som behandlats f\u00f6re ditt \u00e5tertagande kommer forts\u00e4tta vara giltiga.<\/p>\n\n\n\n<p>3.\u200b<strong>LAGRING AV DINA UPPGIFTER<\/strong><\/p>\n\n\n\n<p>Glanbia kommer lagra dina uppgifter s\u00e5 l\u00e4nge det kr\u00e4vs f\u00f6r att uppfylla syftena som beskrivs i detta Meddelande, f\u00f6r att uppfylla juridiska och reglerande krav och f\u00f6r aktie\u00e4gare\/ledam\u00f6ter. Vi lagrar ocks\u00e5 dina uppgifter f\u00f6r att underh\u00e5lla ett register \u00f6ver aff\u00e4rshistorik och f\u00f6r ledam\u00f6ternas f\u00f6rm\u00e5n, i minst 7 \u00e5r efter ditt samr\u00f6re med Glanbia.&nbsp;<\/p>\n\n\n\n<p>4.\u200b<strong>\u00c4NDRING AV BEHANDLINGSSYFTEN<\/strong><\/p>\n\n\n\n<p>Vi kommer endast att anv\u00e4nda dina personuppgifter f\u00f6r de syften vi samlade in dem, f\u00f6r ett juridiskt eller reglerande krav, eller ber\u00e4ttigade intressen att anv\u00e4nda dem som st\u00e4mmer \u00f6verens med det ursprungliga syftet. Om vi beh\u00f6ver anv\u00e4nda dina personuppgifter i orelaterade syften kommer vi att meddela dig och f\u00f6rklara den r\u00e4ttsliga grund som till\u00e5ter att vi g\u00f6r det. Observera att vi kan komma att behandla dina personuppgifter utan din vetskap eller ditt samtycke, i enlighet med reglerna ovan, d\u00e4r det kr\u00e4vs eller till\u00e5ts enligt lag.<\/p>\n\n\n\n<p>5.\u200b<strong>DELNING OCH UTL\u00c4MNANDE AV UPPGIFTER<\/strong><\/p>\n\n\n\n<p>Vi kan komma att l\u00e4mna ut n\u00e5gra eller alla dina personuppgifter till f\u00f6ljande parter:&nbsp;<\/p>\n\n\n\n<p>\u2022\u200bComputershare: Vi kan komma att l\u00e4mna ut dina personuppgifter f\u00f6r att m\u00f6jligg\u00f6ra att andelar i Glanbia plc ska kunna tilldelas dig i utbyte mot en del av dina bolagsandelar d\u00e4r Bolagets ledam\u00f6ter godk\u00e4nner en \u201davknoppning\u201d av andelar i Glanbia plc i utbyte mot bolagsandelar.&nbsp;<\/p>\n\n\n\n<p>\u2022\u200bRevenue Commissioners (den irl\u00e4ndska myndigheten Revenue): Enligt krav fr\u00e5n juridiska eller lagstadgade f\u00f6rpliktelser. &nbsp;Beroende p\u00e5 ditt specifika godk\u00e4nnande och att du tillhandah\u00e5ller ditt personnummer, kan vi komma att l\u00e4mna ut information om dina \u00f6verf\u00f6ringar av Bolagets andelar f\u00f6r att kunna betala relevanta st\u00e4mplingsavgifter \u00e5t dig.&nbsp;<\/p>\n\n\n\n<p>\u2022\u200bTillsynsorgan\/statliga myndigheter som Bord Bia och Department of Agriculture, Food and the Marine som \u00e4r involverade i servicekedjorna f\u00f6r mejeri, jordbruk och konsumentens livsmedel.<\/p>\n\n\n\n<p>\u2022\u200bExterna testlaboratorier som har underavtal med Glanbia, som t.ex. Teagasc, som ett till\u00e4gg till egna laboratorietj\u00e4nster och f\u00f6r att uppfylla r\u00e4ttsliga f\u00f6rpliktelser<\/p>\n\n\n\n<p>\u2022\u200bBranschintressenter&nbsp;som&nbsp;t.ex. the Irish Cattle Breeding Federation (ICBF).&nbsp;<\/p>\n\n\n\n<p>\u2022\u200bProfessionella&nbsp;r\u00e5dgivare&nbsp;som&nbsp;t.ex.&nbsp;advokater,&nbsp;banktj\u00e4nstem\u00e4n,&nbsp;finansiella&nbsp;r\u00e5dgivare,&nbsp;revisorer&nbsp;och&nbsp;f\u00f6rs\u00e4kringsgivare&nbsp;som&nbsp;tillhandah\u00e5ller&nbsp;oss&nbsp;banktj\u00e4nster,&nbsp;finansiella,&nbsp;juridiska,&nbsp;f\u00f6rs\u00e4krings-,&nbsp;r\u00e5dgivnings-och&nbsp;redovisningstj\u00e4nster.<\/p>\n\n\n\n<p>\u2022\u200bIT och tekniska serviceleverant\u00f6rer som tillhandah\u00e5ller IT-tj\u00e4nster och tekniska tj\u00e4nster \u00e5t Glanbia.<\/p>\n\n\n\n<p>\u2022\u200bServiceleverant\u00f6rer som t.ex. leverant\u00f6rer av betalningstj\u00e4nster, postutdelning och marknadsf\u00f6ring.<\/p>\n\n\n\n<p>\u2022\u200bTredje parter, till vilka vi kan v\u00e4lja att s\u00e4lja, \u00f6verf\u00f6ra eller sl\u00e5 samman delar av v\u00e5rt f\u00f6retag eller v\u00e5ra tillg\u00e5ngar.<\/p>\n\n\n\n<p>6.\u200b<strong>\u00d6VERF\u00d6RING AV DINA UPPGIFTER<\/strong><\/p>\n\n\n\n<p>Vi kan komma att \u00f6verf\u00f6ra dina personuppgifter utanf\u00f6r det Europeiska ekonomiska samarbetsomr\u00e5det (\u201d<strong>EES<\/strong>\u201d). Vissa mottagare, t.ex. vissa av v\u00e5ra tredjepartsleverant\u00f6rer, kan komma att behandla dina personuppgifter utanf\u00f6r EES i ett land som inte tillhandah\u00e5ller en l\u00e4mplig skyddsniv\u00e5 f\u00f6r dina personuppgifter. N\u00e4r s\u00e5dan \u00f6verf\u00f6ring sker har vi som policy att anv\u00e4nda ett l\u00e4mpligt \u00f6verf\u00f6ringskontrakt som t.ex. Europeiska kommissionens standardkontrakt. Om du vill ha mer information om s\u00e5dan \u00f6verf\u00f6ring kan du kontakta oss via uppgifterna i avsnitt 7 i detta Meddelande.<\/p>\n\n\n\n<p>7.\u200b<strong>KONTROLLERA DINA PERSONUPPGIFTER<\/strong><\/p>\n\n\n\n<p>Du har m\u00e5nga r\u00e4ttigheter n\u00e4r det g\u00e4ller dina personuppgifter, vilka du kan se nedan. Observera att dessa r\u00e4ttigheter kanske inte g\u00e4ller under vissa omst\u00e4ndigheter. Du har:<\/p>\n\n\n\n<p>\u2022\u200b<strong>r\u00e4tt till tillg\u00e5ng<\/strong>: du har r\u00e4tt att f\u00e5 en kopia p\u00e5 de personuppgifter vi har om dig. Vi tar endast ut en avgift f\u00f6r en s\u00e5dan f\u00f6rfr\u00e5gan om vi tycker att din f\u00f6rfr\u00e5gan \u00e4r uppenbart ogrundad eller orimlig.<\/p>\n\n\n\n<p>\u2022\u200b<strong>r\u00e4tt till r\u00e4ttelse<\/strong>: du kan beg\u00e4ra att vi r\u00e4ttar felaktiga personuppgifter vi har om dig.<\/p>\n\n\n\n<p>\u2022\u200b<strong>r\u00e4tt till radering<\/strong>: du kan beg\u00e4ra att vi raderar personuppgifter vi har om dig under vissa omst\u00e4ndigheter.&nbsp;<\/p>\n\n\n\n<p>\u2022\u200b<strong>r\u00e4tt till begr\u00e4nsning av behandling<\/strong>: du kan beg\u00e4ra att vi begr\u00e4nsar v\u00e5r behandling av dina personuppgifter under vissa omst\u00e4ndigheter.<\/p>\n\n\n\n<p>\u2022\u200b<strong>r\u00e4tt till dataportabilitet<\/strong>: du kan beg\u00e4ra att dina personuppgifter levereras till dig i ett strukturerat, allm\u00e4nt anv\u00e4nt, maskinl\u00e4sbart format och \u00f6verf\u00f6ra dina personuppgifter till en annan ansvarig under vissa omst\u00e4ndigheter d\u00e4r det \u00e4r tekniskt genomf\u00f6rbart.<\/p>\n\n\n\n<p>\u2022\u200b<strong>r\u00e4tt att inv\u00e4nda<\/strong>: du kan n\u00e4r som helst inv\u00e4nda mot var vi behandlar dina personuppgifter p\u00e5 r\u00e4ttslig grund f\u00f6r v\u00e5ra ber\u00e4ttigade intressen eller var vi behandlar dina personuppgifter f\u00f6r syften av direktmarknadsf\u00f6ring. Observera att Glanbia inte tar beslut enbart grundat p\u00e5 automatiserad behandling, inklusive profilering, vilka har r\u00e4ttsliga f\u00f6ljder f\u00f6r dig eller p\u00e5 liknande s\u00e4tt p\u00e5verkar dig.<\/p>\n\n\n\n<p>Du kan ut\u00f6va vilken som helst av dessa r\u00e4ttigheter genom att skicka in en f\u00f6rfr\u00e5gan:<\/p>\n\n\n\n<p>Fullst\u00e4ndigt namn p\u00e5 juridisk person: Glanbia Ireland DAC<\/p>\n\n\n\n<p>Adress: Glanbia House, Kilkenny, Ireland<\/p>\n\n\n\n<p>E-postadress: &nbsp;hello@glanbiaconnect.com<\/p>\n\n\n\n<p>Telefonnummer: 0818 321 321<\/p>\n\n\n\n<p>Vi kommer att informera dig om vilka \u00e5tg\u00e4rder som utf\u00f6rts p\u00e5 din f\u00f6rfr\u00e5gan i relation till dessa r\u00e4ttigheter utan on\u00f6digt dr\u00f6jsm\u00e5l och senast inom en m\u00e5nad fr\u00e5n att vi tog emot din f\u00f6rfr\u00e5gan. Vi kan ut\u00f6ka detta till 2 m\u00e5nader vid behov, vi kommer dock att informera dig om s\u00e5 skulle ske. Observera att vi kan komma att be dig identifiera dig n\u00e4r du vill ut\u00f6va n\u00e5gon av dina dataskyddsr\u00e4ttigheter. Du har ocks\u00e5 r\u00e4tt att framf\u00f6ra klagom\u00e5l till Dataskyddsmyndigheten. F\u00f6r mer information, se&nbsp;<a href=\"http:\/\/www.dataprotection.ie\/\">www.dataprotection.ie<\/a>.<\/p>\n","protected":false},"excerpt":{"rendered":"<p>Detta dataskyddsmeddelande (\u201dMeddelande\u201d) beskriver hur bolaget Glanbia Co-Operative Society Limited (\u201dBolaget\u201d) eller dess dotterbolag (inklusive Glanbia Ireland DAC, Glanbia Foods Ireland Limited och deras dotterbolag) (\u201dGlanbia\u201d, \u201dvi\u201d, \u201doss\u201d), anv\u00e4nder personuppgifter som samlas in om dig i samband med ditt bes\u00f6k p\u00e5 www.gainanimalnutrition.com och ditt samr\u00f6re med oss.&nbsp; Glanbia kan komma att \u00e4ndra detta Meddelande med [&hellip;]<\/p>\n","protected":false},"author":3,"featured_media":0,"parent":0,"menu_order":0,"comment_status":"closed","ping_status":"closed","template":"","meta":{"_acf_changed":false,"footnotes":""},"class_list":["post-1572","page","type-page","status-publish","hentry"],"acf":[],"yoast_head":"<!-- This site is optimized with the Yoast SEO plugin v27.2 - https:\/\/yoast.com\/product\/yoast-seo-wordpress\/ -->\n<title>Privacy Policy - GAIN Equine<\/title>\n<meta name=\"robots\" content=\"index, follow, max-snippet:-1, max-image-preview:large, max-video-preview:-1\" \/>\n<link rel=\"canonical\" href=\"https:\/\/www.gainanimalnutrition.com\/equine\/privacy-policy\/\" \/>\n<meta property=\"og:locale\" content=\"sv_SE\" \/>\n<meta property=\"og:type\" content=\"article\" \/>\n<meta property=\"og:title\" content=\"Privacy Policy - GAIN Equine\" \/>\n<meta property=\"og:description\" content=\"Detta dataskyddsmeddelande (\u201dMeddelande\u201d) beskriver hur bolaget Glanbia Co-Operative Society Limited (\u201dBolaget\u201d) eller dess dotterbolag (inklusive Glanbia Ireland DAC, Glanbia Foods Ireland Limited och deras dotterbolag) (\u201dGlanbia\u201d, \u201dvi\u201d, \u201doss\u201d), anv\u00e4nder personuppgifter som samlas in om dig i samband med ditt bes\u00f6k p\u00e5 www.gainanimalnutrition.com och ditt samr\u00f6re med oss.&nbsp; Glanbia kan komma att \u00e4ndra detta Meddelande med [&hellip;]\" \/>\n<meta property=\"og:url\" content=\"https:\/\/www.gainanimalnutrition.com\/equine\/privacy-policy\/\" \/>\n<meta property=\"og:site_name\" content=\"GAIN Equine\" \/>\n<meta property=\"article:modified_time\" content=\"2022-01-28T15:25:50+00:00\" \/>\n<meta name=\"twitter:card\" content=\"summary_large_image\" \/>\n<script type=\"application\/ld+json\" class=\"yoast-schema-graph\">{\"@context\":\"https:\/\/schema.org\",\"@graph\":[{\"@type\":\"WebPage\",\"@id\":\"https:\/\/www.gainanimalnutrition.com\/equine\/privacy-policy\/\",\"url\":\"https:\/\/www.gainanimalnutrition.com\/equine\/privacy-policy\/\",\"name\":\"Privacy Policy - GAIN Equine\",\"isPartOf\":{\"@id\":\"https:\/\/www.gainanimalnutrition.com\/equine\/fr\/#website\"},\"datePublished\":\"2022-01-28T15:05:43+00:00\",\"dateModified\":\"2022-01-28T15:25:50+00:00\",\"breadcrumb\":{\"@id\":\"https:\/\/www.gainanimalnutrition.com\/equine\/privacy-policy\/#breadcrumb\"},\"inLanguage\":\"sv-SE\",\"potentialAction\":[{\"@type\":\"ReadAction\",\"target\":[\"https:\/\/www.gainanimalnutrition.com\/equine\/privacy-policy\/\"]}]},{\"@type\":\"BreadcrumbList\",\"@id\":\"https:\/\/www.gainanimalnutrition.com\/equine\/privacy-policy\/#breadcrumb\",\"itemListElement\":[{\"@type\":\"ListItem\",\"position\":1,\"name\":\"Home\",\"item\":\"https:\/\/www.gainanimalnutrition.com\/equine\/\"},{\"@type\":\"ListItem\",\"position\":2,\"name\":\"Privacy Policy\"}]},{\"@type\":\"WebSite\",\"@id\":\"https:\/\/www.gainanimalnutrition.com\/equine\/fr\/#website\",\"url\":\"https:\/\/www.gainanimalnutrition.com\/equine\/fr\/\",\"name\":\"GAIN Equine\",\"description\":\"Just another Big Dog Starter Rig Sites site\",\"potentialAction\":[{\"@type\":\"SearchAction\",\"target\":{\"@type\":\"EntryPoint\",\"urlTemplate\":\"https:\/\/www.gainanimalnutrition.com\/equine\/fr\/?s={search_term_string}\"},\"query-input\":{\"@type\":\"PropertyValueSpecification\",\"valueRequired\":true,\"valueName\":\"search_term_string\"}}],\"inLanguage\":\"sv-SE\"}]}<\/script>\n<!-- \/ Yoast SEO plugin. -->","yoast_head_json":{"title":"Privacy Policy - GAIN Equine","robots":{"index":"index","follow":"follow","max-snippet":"max-snippet:-1","max-image-preview":"max-image-preview:large","max-video-preview":"max-video-preview:-1"},"canonical":"https:\/\/www.gainanimalnutrition.com\/equine\/privacy-policy\/","og_locale":"sv_SE","og_type":"article","og_title":"Privacy Policy - GAIN Equine","og_description":"Detta dataskyddsmeddelande (\u201dMeddelande\u201d) beskriver hur bolaget Glanbia Co-Operative Society Limited (\u201dBolaget\u201d) eller dess dotterbolag (inklusive Glanbia Ireland DAC, Glanbia Foods Ireland Limited och deras dotterbolag) (\u201dGlanbia\u201d, \u201dvi\u201d, \u201doss\u201d), anv\u00e4nder personuppgifter som samlas in om dig i samband med ditt bes\u00f6k p\u00e5 www.gainanimalnutrition.com och ditt samr\u00f6re med oss.&nbsp; Glanbia kan komma att \u00e4ndra detta Meddelande med [&hellip;]","og_url":"https:\/\/www.gainanimalnutrition.com\/equine\/privacy-policy\/","og_site_name":"GAIN Equine","article_modified_time":"2022-01-28T15:25:50+00:00","twitter_card":"summary_large_image","schema":{"@context":"https:\/\/schema.org","@graph":[{"@type":"WebPage","@id":"https:\/\/www.gainanimalnutrition.com\/equine\/privacy-policy\/","url":"https:\/\/www.gainanimalnutrition.com\/equine\/privacy-policy\/","name":"Privacy Policy - GAIN Equine","isPartOf":{"@id":"https:\/\/www.gainanimalnutrition.com\/equine\/fr\/#website"},"datePublished":"2022-01-28T15:05:43+00:00","dateModified":"2022-01-28T15:25:50+00:00","breadcrumb":{"@id":"https:\/\/www.gainanimalnutrition.com\/equine\/privacy-policy\/#breadcrumb"},"inLanguage":"sv-SE","potentialAction":[{"@type":"ReadAction","target":["https:\/\/www.gainanimalnutrition.com\/equine\/privacy-policy\/"]}]},{"@type":"BreadcrumbList","@id":"https:\/\/www.gainanimalnutrition.com\/equine\/privacy-policy\/#breadcrumb","itemListElement":[{"@type":"ListItem","position":1,"name":"Home","item":"https:\/\/www.gainanimalnutrition.com\/equine\/"},{"@type":"ListItem","position":2,"name":"Privacy Policy"}]},{"@type":"WebSite","@id":"https:\/\/www.gainanimalnutrition.com\/equine\/fr\/#website","url":"https:\/\/www.gainanimalnutrition.com\/equine\/fr\/","name":"GAIN Equine","description":"Just another Big Dog Starter Rig Sites site","potentialAction":[{"@type":"SearchAction","target":{"@type":"EntryPoint","urlTemplate":"https:\/\/www.gainanimalnutrition.com\/equine\/fr\/?s={search_term_string}"},"query-input":{"@type":"PropertyValueSpecification","valueRequired":true,"valueName":"search_term_string"}}],"inLanguage":"sv-SE"}]}},"_links":{"self":[{"href":"https:\/\/www.gainanimalnutrition.com\/equine\/sv\/wp-json\/wp\/v2\/pages\/1572","targetHints":{"allow":["GET"]}}],"collection":[{"href":"https:\/\/www.gainanimalnutrition.com\/equine\/sv\/wp-json\/wp\/v2\/pages"}],"about":[{"href":"https:\/\/www.gainanimalnutrition.com\/equine\/sv\/wp-json\/wp\/v2\/types\/page"}],"author":[{"embeddable":true,"href":"https:\/\/www.gainanimalnutrition.com\/equine\/sv\/wp-json\/wp\/v2\/users\/3"}],"replies":[{"embeddable":true,"href":"https:\/\/www.gainanimalnutrition.com\/equine\/sv\/wp-json\/wp\/v2\/comments?post=1572"}],"version-history":[{"count":0,"href":"https:\/\/www.gainanimalnutrition.com\/equine\/sv\/wp-json\/wp\/v2\/pages\/1572\/revisions"}],"wp:attachment":[{"href":"https:\/\/www.gainanimalnutrition.com\/equine\/sv\/wp-json\/wp\/v2\/media?parent=1572"}],"curies":[{"name":"wp","href":"https:\/\/api.w.org\/{rel}","templated":true}]}}