{"id":79,"date":"2021-10-14T13:18:14","date_gmt":"2021-10-14T13:18:14","guid":{"rendered":"https:\/\/www.gainanimalnutrition.com\/equine\/partnership-details\/"},"modified":"2022-05-13T11:07:35","modified_gmt":"2022-05-13T11:07:35","slug":"detaljer-om-partnerskap","status":"publish","type":"page","link":"https:\/\/www.gainanimalnutrition.com\/equine\/sv\/detaljer-om-partnerskap\/","title":{"rendered":"Samarbeten"},"content":{"rendered":"","protected":false},"excerpt":{"rendered":"","protected":false},"author":3,"featured_media":0,"parent":0,"menu_order":0,"comment_status":"closed","ping_status":"closed","template":"template-partnerships.php","meta":{"_acf_changed":false,"footnotes":""},"class_list":["post-79","page","type-page","status-publish","hentry"],"acf":[],"yoast_head":"<!-- This site is optimized with the Yoast SEO plugin v27.2 - https:\/\/yoast.com\/product\/yoast-seo-wordpress\/ -->\n<title>Samarbeten - GAIN Equine<\/title>\n<meta name=\"description\" content=\"Samarbeten spelar en viktig roll f\u00f6r GAIN Equine Nutritions framg\u00e5ngar. Ut\u00f6ver v\u00e5ra l\u00f6pande relationer med kunder och leverant\u00f6rer \u00e4r vi engagerade i att st\u00f6dja h\u00e4stbranschen genom ett antal andra viktiga samarbeten.\" \/>\n<meta name=\"robots\" content=\"index, follow, max-snippet:-1, max-image-preview:large, max-video-preview:-1\" \/>\n<link rel=\"canonical\" href=\"https:\/\/www.gainanimalnutrition.com\/equine\/partnerships\/\" \/>\n<meta property=\"og:locale\" content=\"sv_SE\" \/>\n<meta property=\"og:type\" content=\"article\" \/>\n<meta property=\"og:title\" content=\"Samarbeten - GAIN Equine\" \/>\n<meta property=\"og:description\" content=\"Samarbeten spelar en viktig roll f\u00f6r GAIN Equine Nutritions framg\u00e5ngar. Ut\u00f6ver v\u00e5ra l\u00f6pande relationer med kunder och leverant\u00f6rer \u00e4r vi engagerade i att st\u00f6dja h\u00e4stbranschen genom ett antal andra viktiga samarbeten.\" \/>\n<meta property=\"og:url\" content=\"https:\/\/www.gainanimalnutrition.com\/equine\/partnerships\/\" \/>\n<meta property=\"og:site_name\" content=\"GAIN Equine\" \/>\n<meta property=\"article:modified_time\" content=\"2022-05-13T11:07:35+00:00\" \/>\n<meta name=\"twitter:card\" content=\"summary_large_image\" \/>\n<script type=\"application\/ld+json\" class=\"yoast-schema-graph\">{\"@context\":\"https:\/\/schema.org\",\"@graph\":[{\"@type\":\"WebPage\",\"@id\":\"https:\/\/www.gainanimalnutrition.com\/equine\/partnerships\/\",\"url\":\"https:\/\/www.gainanimalnutrition.com\/equine\/partnerships\/\",\"name\":\"Samarbeten - GAIN Equine\",\"isPartOf\":{\"@id\":\"https:\/\/www.gainanimalnutrition.com\/equine\/fr\/#website\"},\"datePublished\":\"2021-10-14T13:18:14+00:00\",\"dateModified\":\"2022-05-13T11:07:35+00:00\",\"description\":\"Samarbeten spelar en viktig roll f\u00f6r GAIN Equine Nutritions framg\u00e5ngar. Ut\u00f6ver v\u00e5ra l\u00f6pande relationer med kunder och leverant\u00f6rer \u00e4r vi engagerade i att st\u00f6dja h\u00e4stbranschen genom ett antal andra viktiga samarbeten.\",\"breadcrumb\":{\"@id\":\"https:\/\/www.gainanimalnutrition.com\/equine\/partnerships\/#breadcrumb\"},\"inLanguage\":\"sv-SE\",\"potentialAction\":[{\"@type\":\"ReadAction\",\"target\":[\"https:\/\/www.gainanimalnutrition.com\/equine\/partnerships\/\"]}]},{\"@type\":\"BreadcrumbList\",\"@id\":\"https:\/\/www.gainanimalnutrition.com\/equine\/partnerships\/#breadcrumb\",\"itemListElement\":[{\"@type\":\"ListItem\",\"position\":1,\"name\":\"Home\",\"item\":\"https:\/\/www.gainanimalnutrition.com\/equine\/\"},{\"@type\":\"ListItem\",\"position\":2,\"name\":\"Samarbeten\"}]},{\"@type\":\"WebSite\",\"@id\":\"https:\/\/www.gainanimalnutrition.com\/equine\/fr\/#website\",\"url\":\"https:\/\/www.gainanimalnutrition.com\/equine\/fr\/\",\"name\":\"GAIN Equine\",\"description\":\"Just another Big Dog Starter Rig Sites site\",\"potentialAction\":[{\"@type\":\"SearchAction\",\"target\":{\"@type\":\"EntryPoint\",\"urlTemplate\":\"https:\/\/www.gainanimalnutrition.com\/equine\/fr\/?s={search_term_string}\"},\"query-input\":{\"@type\":\"PropertyValueSpecification\",\"valueRequired\":true,\"valueName\":\"search_term_string\"}}],\"inLanguage\":\"sv-SE\"}]}<\/script>\n<!-- \/ Yoast SEO plugin. -->","yoast_head_json":{"title":"Samarbeten - GAIN Equine","description":"Samarbeten spelar en viktig roll f\u00f6r GAIN Equine Nutritions framg\u00e5ngar. Ut\u00f6ver v\u00e5ra l\u00f6pande relationer med kunder och leverant\u00f6rer \u00e4r vi engagerade i att st\u00f6dja h\u00e4stbranschen genom ett antal andra viktiga samarbeten.","robots":{"index":"index","follow":"follow","max-snippet":"max-snippet:-1","max-image-preview":"max-image-preview:large","max-video-preview":"max-video-preview:-1"},"canonical":"https:\/\/www.gainanimalnutrition.com\/equine\/partnerships\/","og_locale":"sv_SE","og_type":"article","og_title":"Samarbeten - GAIN Equine","og_description":"Samarbeten spelar en viktig roll f\u00f6r GAIN Equine Nutritions framg\u00e5ngar. Ut\u00f6ver v\u00e5ra l\u00f6pande relationer med kunder och leverant\u00f6rer \u00e4r vi engagerade i att st\u00f6dja h\u00e4stbranschen genom ett antal andra viktiga samarbeten.","og_url":"https:\/\/www.gainanimalnutrition.com\/equine\/partnerships\/","og_site_name":"GAIN Equine","article_modified_time":"2022-05-13T11:07:35+00:00","twitter_card":"summary_large_image","schema":{"@context":"https:\/\/schema.org","@graph":[{"@type":"WebPage","@id":"https:\/\/www.gainanimalnutrition.com\/equine\/partnerships\/","url":"https:\/\/www.gainanimalnutrition.com\/equine\/partnerships\/","name":"Samarbeten - GAIN Equine","isPartOf":{"@id":"https:\/\/www.gainanimalnutrition.com\/equine\/fr\/#website"},"datePublished":"2021-10-14T13:18:14+00:00","dateModified":"2022-05-13T11:07:35+00:00","description":"Samarbeten spelar en viktig roll f\u00f6r GAIN Equine Nutritions framg\u00e5ngar. Ut\u00f6ver v\u00e5ra l\u00f6pande relationer med kunder och leverant\u00f6rer \u00e4r vi engagerade i att st\u00f6dja h\u00e4stbranschen genom ett antal andra viktiga samarbeten.","breadcrumb":{"@id":"https:\/\/www.gainanimalnutrition.com\/equine\/partnerships\/#breadcrumb"},"inLanguage":"sv-SE","potentialAction":[{"@type":"ReadAction","target":["https:\/\/www.gainanimalnutrition.com\/equine\/partnerships\/"]}]},{"@type":"BreadcrumbList","@id":"https:\/\/www.gainanimalnutrition.com\/equine\/partnerships\/#breadcrumb","itemListElement":[{"@type":"ListItem","position":1,"name":"Home","item":"https:\/\/www.gainanimalnutrition.com\/equine\/"},{"@type":"ListItem","position":2,"name":"Samarbeten"}]},{"@type":"WebSite","@id":"https:\/\/www.gainanimalnutrition.com\/equine\/fr\/#website","url":"https:\/\/www.gainanimalnutrition.com\/equine\/fr\/","name":"GAIN Equine","description":"Just another Big Dog Starter Rig Sites site","potentialAction":[{"@type":"SearchAction","target":{"@type":"EntryPoint","urlTemplate":"https:\/\/www.gainanimalnutrition.com\/equine\/fr\/?s={search_term_string}"},"query-input":{"@type":"PropertyValueSpecification","valueRequired":true,"valueName":"search_term_string"}}],"inLanguage":"sv-SE"}]}},"_links":{"self":[{"href":"https:\/\/www.gainanimalnutrition.com\/equine\/sv\/wp-json\/wp\/v2\/pages\/79","targetHints":{"allow":["GET"]}}],"collection":[{"href":"https:\/\/www.gainanimalnutrition.com\/equine\/sv\/wp-json\/wp\/v2\/pages"}],"about":[{"href":"https:\/\/www.gainanimalnutrition.com\/equine\/sv\/wp-json\/wp\/v2\/types\/page"}],"author":[{"embeddable":true,"href":"https:\/\/www.gainanimalnutrition.com\/equine\/sv\/wp-json\/wp\/v2\/users\/3"}],"replies":[{"embeddable":true,"href":"https:\/\/www.gainanimalnutrition.com\/equine\/sv\/wp-json\/wp\/v2\/comments?post=79"}],"version-history":[{"count":0,"href":"https:\/\/www.gainanimalnutrition.com\/equine\/sv\/wp-json\/wp\/v2\/pages\/79\/revisions"}],"wp:attachment":[{"href":"https:\/\/www.gainanimalnutrition.com\/equine\/sv\/wp-json\/wp\/v2\/media?parent=79"}],"curies":[{"name":"wp","href":"https:\/\/api.w.org\/{rel}","templated":true}]}}