{"id":1214,"date":"2021-12-03T10:49:57","date_gmt":"2021-12-03T10:49:57","guid":{"rendered":"https:\/\/www.gainanimalnutrition.com\/equine\/products\/stud-mix\/"},"modified":"2021-12-14T17:09:12","modified_gmt":"2021-12-14T17:09:12","slug":"stud-mix","status":"publish","type":"product","link":"https:\/\/www.gainanimalnutrition.com\/equine\/sv\/products\/stud-mix\/","title":{"rendered":"Stud Mix"},"excerpt":{"rendered":"<p>S\u00e4rskilt framtagen sammans\u00e4ttning f\u00f6r alla avelsdjur.<\/p>\n","protected":false},"featured_media":2379,"menu_order":13,"template":"","product-category":[89],"animal-category":[85,83,88],"class_list":["post-1214","product","type-product","status-publish","has-post-thumbnail","hentry","product-category-avel","animal-category-digivande-ston","animal-category-draktiga-ston","animal-category-hingstar"],"acf":[],"yoast_head":"<!-- This site is optimized with the Yoast SEO plugin v27.2 - https:\/\/yoast.com\/product\/yoast-seo-wordpress\/ -->\n<title>Stud Mix - GAIN Equine<\/title>\n<meta name=\"description\" content=\"Detta foder liknar Stud Cubes och Stud Mix passar f\u00f6r alla typer av avelsdjur, fr\u00e5n avelsston under dr\u00e4ktighet eller digivning till hingstar, f\u00f6l, avvanda f\u00f6l och fjol\u00e5rsf\u00f6l.\" \/>\n<meta name=\"robots\" content=\"index, follow, max-snippet:-1, max-image-preview:large, max-video-preview:-1\" \/>\n<link rel=\"canonical\" href=\"https:\/\/www.gainanimalnutrition.com\/equine\/products\/stud-mix\/\" \/>\n<meta property=\"og:locale\" content=\"sv_SE\" \/>\n<meta property=\"og:type\" content=\"article\" \/>\n<meta property=\"og:title\" content=\"Stud Mix - GAIN Equine\" \/>\n<meta property=\"og:description\" content=\"Detta foder liknar Stud Cubes och Stud Mix passar f\u00f6r alla typer av avelsdjur, fr\u00e5n avelsston under dr\u00e4ktighet eller digivning till hingstar, f\u00f6l, avvanda f\u00f6l och fjol\u00e5rsf\u00f6l.\" \/>\n<meta property=\"og:url\" content=\"https:\/\/www.gainanimalnutrition.com\/equine\/products\/stud-mix\/\" \/>\n<meta property=\"og:site_name\" content=\"GAIN Equine\" \/>\n<meta property=\"article:modified_time\" content=\"2021-12-14T17:09:12+00:00\" \/>\n<meta property=\"og:image\" content=\"https:\/\/www.gainanimalnutrition.com\/equine\/wp-content\/uploads\/sites\/2\/2021\/10\/GAIN_Equine_Gain-Stud-Mix.png\" \/>\n\t<meta property=\"og:image:width\" content=\"582\" \/>\n\t<meta property=\"og:image:height\" content=\"800\" \/>\n\t<meta property=\"og:image:type\" content=\"image\/png\" \/>\n<meta name=\"twitter:card\" content=\"summary_large_image\" \/>\n<script type=\"application\/ld+json\" class=\"yoast-schema-graph\">{\"@context\":\"https:\/\/schema.org\",\"@graph\":[{\"@type\":\"WebPage\",\"@id\":\"https:\/\/www.gainanimalnutrition.com\/equine\/products\/stud-mix\/\",\"url\":\"https:\/\/www.gainanimalnutrition.com\/equine\/products\/stud-mix\/\",\"name\":\"Stud Mix - GAIN Equine\",\"isPartOf\":{\"@id\":\"https:\/\/www.gainanimalnutrition.com\/equine\/fr\/#website\"},\"primaryImageOfPage\":{\"@id\":\"https:\/\/www.gainanimalnutrition.com\/equine\/products\/stud-mix\/#primaryimage\"},\"image\":{\"@id\":\"https:\/\/www.gainanimalnutrition.com\/equine\/products\/stud-mix\/#primaryimage\"},\"thumbnailUrl\":\"https:\/\/www.gainanimalnutrition.com\/equine\/wp-content\/uploads\/sites\/2\/2021\/10\/GAIN_Equine_Gain-Stud-Mix.png\",\"datePublished\":\"2021-12-03T10:49:57+00:00\",\"dateModified\":\"2021-12-14T17:09:12+00:00\",\"description\":\"Detta foder liknar Stud Cubes och Stud Mix passar f\u00f6r alla typer av avelsdjur, fr\u00e5n avelsston under dr\u00e4ktighet eller digivning till hingstar, f\u00f6l, avvanda f\u00f6l och fjol\u00e5rsf\u00f6l.\",\"breadcrumb\":{\"@id\":\"https:\/\/www.gainanimalnutrition.com\/equine\/products\/stud-mix\/#breadcrumb\"},\"inLanguage\":\"sv-SE\",\"potentialAction\":[{\"@type\":\"ReadAction\",\"target\":[\"https:\/\/www.gainanimalnutrition.com\/equine\/products\/stud-mix\/\"]}]},{\"@type\":\"ImageObject\",\"inLanguage\":\"sv-SE\",\"@id\":\"https:\/\/www.gainanimalnutrition.com\/equine\/products\/stud-mix\/#primaryimage\",\"url\":\"https:\/\/www.gainanimalnutrition.com\/equine\/wp-content\/uploads\/sites\/2\/2021\/10\/GAIN_Equine_Gain-Stud-Mix.png\",\"contentUrl\":\"https:\/\/www.gainanimalnutrition.com\/equine\/wp-content\/uploads\/sites\/2\/2021\/10\/GAIN_Equine_Gain-Stud-Mix.png\",\"width\":582,\"height\":800,\"caption\":\"Stud Mix\"},{\"@type\":\"BreadcrumbList\",\"@id\":\"https:\/\/www.gainanimalnutrition.com\/equine\/products\/stud-mix\/#breadcrumb\",\"itemListElement\":[{\"@type\":\"ListItem\",\"position\":1,\"name\":\"Home\",\"item\":\"https:\/\/www.gainanimalnutrition.com\/equine\/\"},{\"@type\":\"ListItem\",\"position\":2,\"name\":\"Products\",\"item\":\"https:\/\/www.gainanimalnutrition.com\/equine\/products\/\"},{\"@type\":\"ListItem\",\"position\":3,\"name\":\"Stud Mix\"}]},{\"@type\":\"WebSite\",\"@id\":\"https:\/\/www.gainanimalnutrition.com\/equine\/fr\/#website\",\"url\":\"https:\/\/www.gainanimalnutrition.com\/equine\/fr\/\",\"name\":\"GAIN Equine\",\"description\":\"Just another Big Dog Starter Rig Sites site\",\"potentialAction\":[{\"@type\":\"SearchAction\",\"target\":{\"@type\":\"EntryPoint\",\"urlTemplate\":\"https:\/\/www.gainanimalnutrition.com\/equine\/fr\/?s={search_term_string}\"},\"query-input\":{\"@type\":\"PropertyValueSpecification\",\"valueRequired\":true,\"valueName\":\"search_term_string\"}}],\"inLanguage\":\"sv-SE\"}]}<\/script>\n<!-- \/ Yoast SEO plugin. -->","yoast_head_json":{"title":"Stud Mix - GAIN Equine","description":"Detta foder liknar Stud Cubes och Stud Mix passar f\u00f6r alla typer av avelsdjur, fr\u00e5n avelsston under dr\u00e4ktighet eller digivning till hingstar, f\u00f6l, avvanda f\u00f6l och fjol\u00e5rsf\u00f6l.","robots":{"index":"index","follow":"follow","max-snippet":"max-snippet:-1","max-image-preview":"max-image-preview:large","max-video-preview":"max-video-preview:-1"},"canonical":"https:\/\/www.gainanimalnutrition.com\/equine\/products\/stud-mix\/","og_locale":"sv_SE","og_type":"article","og_title":"Stud Mix - GAIN Equine","og_description":"Detta foder liknar Stud Cubes och Stud Mix passar f\u00f6r alla typer av avelsdjur, fr\u00e5n avelsston under dr\u00e4ktighet eller digivning till hingstar, f\u00f6l, avvanda f\u00f6l och fjol\u00e5rsf\u00f6l.","og_url":"https:\/\/www.gainanimalnutrition.com\/equine\/products\/stud-mix\/","og_site_name":"GAIN Equine","article_modified_time":"2021-12-14T17:09:12+00:00","og_image":[{"width":582,"height":800,"url":"https:\/\/www.gainanimalnutrition.com\/equine\/wp-content\/uploads\/sites\/2\/2021\/10\/GAIN_Equine_Gain-Stud-Mix.png","type":"image\/png"}],"twitter_card":"summary_large_image","schema":{"@context":"https:\/\/schema.org","@graph":[{"@type":"WebPage","@id":"https:\/\/www.gainanimalnutrition.com\/equine\/products\/stud-mix\/","url":"https:\/\/www.gainanimalnutrition.com\/equine\/products\/stud-mix\/","name":"Stud Mix - GAIN Equine","isPartOf":{"@id":"https:\/\/www.gainanimalnutrition.com\/equine\/fr\/#website"},"primaryImageOfPage":{"@id":"https:\/\/www.gainanimalnutrition.com\/equine\/products\/stud-mix\/#primaryimage"},"image":{"@id":"https:\/\/www.gainanimalnutrition.com\/equine\/products\/stud-mix\/#primaryimage"},"thumbnailUrl":"https:\/\/www.gainanimalnutrition.com\/equine\/wp-content\/uploads\/sites\/2\/2021\/10\/GAIN_Equine_Gain-Stud-Mix.png","datePublished":"2021-12-03T10:49:57+00:00","dateModified":"2021-12-14T17:09:12+00:00","description":"Detta foder liknar Stud Cubes och Stud Mix passar f\u00f6r alla typer av avelsdjur, fr\u00e5n avelsston under dr\u00e4ktighet eller digivning till hingstar, f\u00f6l, avvanda f\u00f6l och fjol\u00e5rsf\u00f6l.","breadcrumb":{"@id":"https:\/\/www.gainanimalnutrition.com\/equine\/products\/stud-mix\/#breadcrumb"},"inLanguage":"sv-SE","potentialAction":[{"@type":"ReadAction","target":["https:\/\/www.gainanimalnutrition.com\/equine\/products\/stud-mix\/"]}]},{"@type":"ImageObject","inLanguage":"sv-SE","@id":"https:\/\/www.gainanimalnutrition.com\/equine\/products\/stud-mix\/#primaryimage","url":"https:\/\/www.gainanimalnutrition.com\/equine\/wp-content\/uploads\/sites\/2\/2021\/10\/GAIN_Equine_Gain-Stud-Mix.png","contentUrl":"https:\/\/www.gainanimalnutrition.com\/equine\/wp-content\/uploads\/sites\/2\/2021\/10\/GAIN_Equine_Gain-Stud-Mix.png","width":582,"height":800,"caption":"Stud Mix"},{"@type":"BreadcrumbList","@id":"https:\/\/www.gainanimalnutrition.com\/equine\/products\/stud-mix\/#breadcrumb","itemListElement":[{"@type":"ListItem","position":1,"name":"Home","item":"https:\/\/www.gainanimalnutrition.com\/equine\/"},{"@type":"ListItem","position":2,"name":"Products","item":"https:\/\/www.gainanimalnutrition.com\/equine\/products\/"},{"@type":"ListItem","position":3,"name":"Stud Mix"}]},{"@type":"WebSite","@id":"https:\/\/www.gainanimalnutrition.com\/equine\/fr\/#website","url":"https:\/\/www.gainanimalnutrition.com\/equine\/fr\/","name":"GAIN Equine","description":"Just another Big Dog Starter Rig Sites site","potentialAction":[{"@type":"SearchAction","target":{"@type":"EntryPoint","urlTemplate":"https:\/\/www.gainanimalnutrition.com\/equine\/fr\/?s={search_term_string}"},"query-input":{"@type":"PropertyValueSpecification","valueRequired":true,"valueName":"search_term_string"}}],"inLanguage":"sv-SE"}]}},"_links":{"self":[{"href":"https:\/\/www.gainanimalnutrition.com\/equine\/sv\/wp-json\/wp\/v2\/product\/1214","targetHints":{"allow":["GET"]}}],"collection":[{"href":"https:\/\/www.gainanimalnutrition.com\/equine\/sv\/wp-json\/wp\/v2\/product"}],"about":[{"href":"https:\/\/www.gainanimalnutrition.com\/equine\/sv\/wp-json\/wp\/v2\/types\/product"}],"wp:featuredmedia":[{"embeddable":true,"href":"https:\/\/www.gainanimalnutrition.com\/equine\/sv\/wp-json\/wp\/v2\/media\/2379"}],"wp:attachment":[{"href":"https:\/\/www.gainanimalnutrition.com\/equine\/sv\/wp-json\/wp\/v2\/media?parent=1214"}],"wp:term":[{"taxonomy":"product-category","embeddable":true,"href":"https:\/\/www.gainanimalnutrition.com\/equine\/sv\/wp-json\/wp\/v2\/product-category?post=1214"},{"taxonomy":"animal-category","embeddable":true,"href":"https:\/\/www.gainanimalnutrition.com\/equine\/sv\/wp-json\/wp\/v2\/animal-category?post=1214"}],"curies":[{"name":"wp","href":"https:\/\/api.w.org\/{rel}","templated":true}]}}