{"id":1229,"date":"2021-12-03T10:50:02","date_gmt":"2021-12-03T10:50:02","guid":{"rendered":"https:\/\/www.gainanimalnutrition.com\/equine\/products\/stud-care-32-balancer\/"},"modified":"2021-12-14T17:09:17","modified_gmt":"2021-12-14T17:09:17","slug":"stud-care-32-balancer","status":"publish","type":"product","link":"https:\/\/www.gainanimalnutrition.com\/equine\/sv\/products\/stud-care-32-balancer\/","title":{"rendered":"Stud Care 32 Balancer"},"excerpt":{"rendered":"<p>F\u00f6rstklassigt balanseringsfoder med l\u00e5g st\u00e4rkelsehalt, koncentrerad n\u00e4ring f\u00f6r optimal utveckling.<\/p>\n","protected":false},"featured_media":2374,"menu_order":11,"template":"","product-category":[89],"animal-category":[85,83,142,88],"class_list":["post-1229","product","type-product","status-publish","has-post-thumbnail","hentry","product-category-avel","animal-category-digivande-ston","animal-category-draktiga-ston","animal-category-fol-avvanjning","animal-category-hingstar"],"acf":[],"yoast_head":"<!-- This site is optimized with the Yoast SEO plugin v27.2 - https:\/\/yoast.com\/product\/yoast-seo-wordpress\/ -->\n<title>Stud Care 32 Balancer - GAIN Equine<\/title>\n<meta name=\"description\" content=\"Stud-Care 32 Balancer \u00e4r ett h\u00f6gklassigt balanseringsfoder i pelletsform f\u00f6r hingstar som kan ges i mycket sm\u00e5 fodergivor.\" \/>\n<meta name=\"robots\" content=\"index, follow, max-snippet:-1, max-image-preview:large, max-video-preview:-1\" \/>\n<link rel=\"canonical\" href=\"https:\/\/www.gainanimalnutrition.com\/equine\/products\/stud-care-32-balancer\/\" \/>\n<meta property=\"og:locale\" content=\"sv_SE\" \/>\n<meta property=\"og:type\" content=\"article\" \/>\n<meta property=\"og:title\" content=\"Stud Care 32 Balancer - GAIN Equine\" \/>\n<meta property=\"og:description\" content=\"Stud-Care 32 Balancer \u00e4r ett h\u00f6gklassigt balanseringsfoder i pelletsform f\u00f6r hingstar som kan ges i mycket sm\u00e5 fodergivor.\" \/>\n<meta property=\"og:url\" content=\"https:\/\/www.gainanimalnutrition.com\/equine\/products\/stud-care-32-balancer\/\" \/>\n<meta property=\"og:site_name\" content=\"GAIN Equine\" \/>\n<meta property=\"article:modified_time\" content=\"2021-12-14T17:09:17+00:00\" \/>\n<meta property=\"og:image\" content=\"https:\/\/www.gainanimalnutrition.com\/equine\/wp-content\/uploads\/sites\/2\/2021\/10\/GAIN_Equine_Gain-Stud-Care-32-Balancer.png\" \/>\n\t<meta property=\"og:image:width\" content=\"582\" \/>\n\t<meta property=\"og:image:height\" content=\"800\" \/>\n\t<meta property=\"og:image:type\" content=\"image\/png\" \/>\n<meta name=\"twitter:card\" content=\"summary_large_image\" \/>\n<script type=\"application\/ld+json\" class=\"yoast-schema-graph\">{\"@context\":\"https:\/\/schema.org\",\"@graph\":[{\"@type\":\"WebPage\",\"@id\":\"https:\/\/www.gainanimalnutrition.com\/equine\/products\/stud-care-32-balancer\/\",\"url\":\"https:\/\/www.gainanimalnutrition.com\/equine\/products\/stud-care-32-balancer\/\",\"name\":\"Stud Care 32 Balancer - GAIN Equine\",\"isPartOf\":{\"@id\":\"https:\/\/www.gainanimalnutrition.com\/equine\/fr\/#website\"},\"primaryImageOfPage\":{\"@id\":\"https:\/\/www.gainanimalnutrition.com\/equine\/products\/stud-care-32-balancer\/#primaryimage\"},\"image\":{\"@id\":\"https:\/\/www.gainanimalnutrition.com\/equine\/products\/stud-care-32-balancer\/#primaryimage\"},\"thumbnailUrl\":\"https:\/\/www.gainanimalnutrition.com\/equine\/wp-content\/uploads\/sites\/2\/2021\/10\/GAIN_Equine_Gain-Stud-Care-32-Balancer.png\",\"datePublished\":\"2021-12-03T10:50:02+00:00\",\"dateModified\":\"2021-12-14T17:09:17+00:00\",\"description\":\"Stud-Care 32 Balancer \u00e4r ett h\u00f6gklassigt balanseringsfoder i pelletsform f\u00f6r hingstar som kan ges i mycket sm\u00e5 fodergivor.\",\"breadcrumb\":{\"@id\":\"https:\/\/www.gainanimalnutrition.com\/equine\/products\/stud-care-32-balancer\/#breadcrumb\"},\"inLanguage\":\"sv-SE\",\"potentialAction\":[{\"@type\":\"ReadAction\",\"target\":[\"https:\/\/www.gainanimalnutrition.com\/equine\/products\/stud-care-32-balancer\/\"]}]},{\"@type\":\"ImageObject\",\"inLanguage\":\"sv-SE\",\"@id\":\"https:\/\/www.gainanimalnutrition.com\/equine\/products\/stud-care-32-balancer\/#primaryimage\",\"url\":\"https:\/\/www.gainanimalnutrition.com\/equine\/wp-content\/uploads\/sites\/2\/2021\/10\/GAIN_Equine_Gain-Stud-Care-32-Balancer.png\",\"contentUrl\":\"https:\/\/www.gainanimalnutrition.com\/equine\/wp-content\/uploads\/sites\/2\/2021\/10\/GAIN_Equine_Gain-Stud-Care-32-Balancer.png\",\"width\":582,\"height\":800,\"caption\":\"Stud Care 32 Balancer\"},{\"@type\":\"BreadcrumbList\",\"@id\":\"https:\/\/www.gainanimalnutrition.com\/equine\/products\/stud-care-32-balancer\/#breadcrumb\",\"itemListElement\":[{\"@type\":\"ListItem\",\"position\":1,\"name\":\"Home\",\"item\":\"https:\/\/www.gainanimalnutrition.com\/equine\/\"},{\"@type\":\"ListItem\",\"position\":2,\"name\":\"Products\",\"item\":\"https:\/\/www.gainanimalnutrition.com\/equine\/products\/\"},{\"@type\":\"ListItem\",\"position\":3,\"name\":\"Stud Care 32 Balancer\"}]},{\"@type\":\"WebSite\",\"@id\":\"https:\/\/www.gainanimalnutrition.com\/equine\/fr\/#website\",\"url\":\"https:\/\/www.gainanimalnutrition.com\/equine\/fr\/\",\"name\":\"GAIN Equine\",\"description\":\"Just another Big Dog Starter Rig Sites site\",\"potentialAction\":[{\"@type\":\"SearchAction\",\"target\":{\"@type\":\"EntryPoint\",\"urlTemplate\":\"https:\/\/www.gainanimalnutrition.com\/equine\/fr\/?s={search_term_string}\"},\"query-input\":{\"@type\":\"PropertyValueSpecification\",\"valueRequired\":true,\"valueName\":\"search_term_string\"}}],\"inLanguage\":\"sv-SE\"}]}<\/script>\n<!-- \/ Yoast SEO plugin. -->","yoast_head_json":{"title":"Stud Care 32 Balancer - GAIN Equine","description":"Stud-Care 32 Balancer \u00e4r ett h\u00f6gklassigt balanseringsfoder i pelletsform f\u00f6r hingstar som kan ges i mycket sm\u00e5 fodergivor.","robots":{"index":"index","follow":"follow","max-snippet":"max-snippet:-1","max-image-preview":"max-image-preview:large","max-video-preview":"max-video-preview:-1"},"canonical":"https:\/\/www.gainanimalnutrition.com\/equine\/products\/stud-care-32-balancer\/","og_locale":"sv_SE","og_type":"article","og_title":"Stud Care 32 Balancer - GAIN Equine","og_description":"Stud-Care 32 Balancer \u00e4r ett h\u00f6gklassigt balanseringsfoder i pelletsform f\u00f6r hingstar som kan ges i mycket sm\u00e5 fodergivor.","og_url":"https:\/\/www.gainanimalnutrition.com\/equine\/products\/stud-care-32-balancer\/","og_site_name":"GAIN Equine","article_modified_time":"2021-12-14T17:09:17+00:00","og_image":[{"width":582,"height":800,"url":"https:\/\/www.gainanimalnutrition.com\/equine\/wp-content\/uploads\/sites\/2\/2021\/10\/GAIN_Equine_Gain-Stud-Care-32-Balancer.png","type":"image\/png"}],"twitter_card":"summary_large_image","schema":{"@context":"https:\/\/schema.org","@graph":[{"@type":"WebPage","@id":"https:\/\/www.gainanimalnutrition.com\/equine\/products\/stud-care-32-balancer\/","url":"https:\/\/www.gainanimalnutrition.com\/equine\/products\/stud-care-32-balancer\/","name":"Stud Care 32 Balancer - GAIN Equine","isPartOf":{"@id":"https:\/\/www.gainanimalnutrition.com\/equine\/fr\/#website"},"primaryImageOfPage":{"@id":"https:\/\/www.gainanimalnutrition.com\/equine\/products\/stud-care-32-balancer\/#primaryimage"},"image":{"@id":"https:\/\/www.gainanimalnutrition.com\/equine\/products\/stud-care-32-balancer\/#primaryimage"},"thumbnailUrl":"https:\/\/www.gainanimalnutrition.com\/equine\/wp-content\/uploads\/sites\/2\/2021\/10\/GAIN_Equine_Gain-Stud-Care-32-Balancer.png","datePublished":"2021-12-03T10:50:02+00:00","dateModified":"2021-12-14T17:09:17+00:00","description":"Stud-Care 32 Balancer \u00e4r ett h\u00f6gklassigt balanseringsfoder i pelletsform f\u00f6r hingstar som kan ges i mycket sm\u00e5 fodergivor.","breadcrumb":{"@id":"https:\/\/www.gainanimalnutrition.com\/equine\/products\/stud-care-32-balancer\/#breadcrumb"},"inLanguage":"sv-SE","potentialAction":[{"@type":"ReadAction","target":["https:\/\/www.gainanimalnutrition.com\/equine\/products\/stud-care-32-balancer\/"]}]},{"@type":"ImageObject","inLanguage":"sv-SE","@id":"https:\/\/www.gainanimalnutrition.com\/equine\/products\/stud-care-32-balancer\/#primaryimage","url":"https:\/\/www.gainanimalnutrition.com\/equine\/wp-content\/uploads\/sites\/2\/2021\/10\/GAIN_Equine_Gain-Stud-Care-32-Balancer.png","contentUrl":"https:\/\/www.gainanimalnutrition.com\/equine\/wp-content\/uploads\/sites\/2\/2021\/10\/GAIN_Equine_Gain-Stud-Care-32-Balancer.png","width":582,"height":800,"caption":"Stud Care 32 Balancer"},{"@type":"BreadcrumbList","@id":"https:\/\/www.gainanimalnutrition.com\/equine\/products\/stud-care-32-balancer\/#breadcrumb","itemListElement":[{"@type":"ListItem","position":1,"name":"Home","item":"https:\/\/www.gainanimalnutrition.com\/equine\/"},{"@type":"ListItem","position":2,"name":"Products","item":"https:\/\/www.gainanimalnutrition.com\/equine\/products\/"},{"@type":"ListItem","position":3,"name":"Stud Care 32 Balancer"}]},{"@type":"WebSite","@id":"https:\/\/www.gainanimalnutrition.com\/equine\/fr\/#website","url":"https:\/\/www.gainanimalnutrition.com\/equine\/fr\/","name":"GAIN Equine","description":"Just another Big Dog Starter Rig Sites site","potentialAction":[{"@type":"SearchAction","target":{"@type":"EntryPoint","urlTemplate":"https:\/\/www.gainanimalnutrition.com\/equine\/fr\/?s={search_term_string}"},"query-input":{"@type":"PropertyValueSpecification","valueRequired":true,"valueName":"search_term_string"}}],"inLanguage":"sv-SE"}]}},"_links":{"self":[{"href":"https:\/\/www.gainanimalnutrition.com\/equine\/sv\/wp-json\/wp\/v2\/product\/1229","targetHints":{"allow":["GET"]}}],"collection":[{"href":"https:\/\/www.gainanimalnutrition.com\/equine\/sv\/wp-json\/wp\/v2\/product"}],"about":[{"href":"https:\/\/www.gainanimalnutrition.com\/equine\/sv\/wp-json\/wp\/v2\/types\/product"}],"wp:featuredmedia":[{"embeddable":true,"href":"https:\/\/www.gainanimalnutrition.com\/equine\/sv\/wp-json\/wp\/v2\/media\/2374"}],"wp:attachment":[{"href":"https:\/\/www.gainanimalnutrition.com\/equine\/sv\/wp-json\/wp\/v2\/media?parent=1229"}],"wp:term":[{"taxonomy":"product-category","embeddable":true,"href":"https:\/\/www.gainanimalnutrition.com\/equine\/sv\/wp-json\/wp\/v2\/product-category?post=1229"},{"taxonomy":"animal-category","embeddable":true,"href":"https:\/\/www.gainanimalnutrition.com\/equine\/sv\/wp-json\/wp\/v2\/animal-category?post=1229"}],"curies":[{"name":"wp","href":"https:\/\/api.w.org\/{rel}","templated":true}]}}