{"id":1235,"date":"2021-12-03T10:50:04","date_gmt":"2021-12-03T10:50:04","guid":{"rendered":"https:\/\/www.gainanimalnutrition.com\/equine\/products\/sustain-plus-mix\/"},"modified":"2021-12-14T17:09:18","modified_gmt":"2021-12-14T17:09:18","slug":"sustain-plus-mix","status":"publish","type":"product","link":"https:\/\/www.gainanimalnutrition.com\/equine\/sv\/products\/sustain-plus-mix\/","title":{"rendered":"Sustain-Plus Mix"},"excerpt":{"rendered":"<p>Kraftfull sammans\u00e4ttning med l\u00e5g proteinhalt som frig\u00f6r energi under l\u00e5ng tid.<\/p>\n","protected":false},"featured_media":2364,"menu_order":16,"template":"","product-category":[141],"animal-category":[],"class_list":["post-1235","product","type-product","status-publish","has-post-thumbnail","hentry","product-category-specialfoder"],"acf":[],"yoast_head":"<!-- This site is optimized with the Yoast SEO plugin v27.2 - https:\/\/yoast.com\/product\/yoast-seo-wordpress\/ -->\n<title>Sustain-Plus Mix - GAIN Equine<\/title>\n<meta name=\"description\" content=\"Kraftfull sammans\u00e4ttning med l\u00e5g proteinhalt f\u00f6r kappl\u00f6pningsh\u00e4star, f\u00e4ltt\u00e4vlansh\u00e4star, hopph\u00e4star, distansh\u00e4star och travh\u00e4star.\" \/>\n<meta name=\"robots\" content=\"index, follow, max-snippet:-1, max-image-preview:large, max-video-preview:-1\" \/>\n<link rel=\"canonical\" href=\"https:\/\/www.gainanimalnutrition.com\/equine\/products\/sustain-plus-mix\/\" \/>\n<meta property=\"og:locale\" content=\"sv_SE\" \/>\n<meta property=\"og:type\" content=\"article\" \/>\n<meta property=\"og:title\" content=\"Sustain-Plus Mix - GAIN Equine\" \/>\n<meta property=\"og:description\" content=\"Kraftfull sammans\u00e4ttning med l\u00e5g proteinhalt f\u00f6r kappl\u00f6pningsh\u00e4star, f\u00e4ltt\u00e4vlansh\u00e4star, hopph\u00e4star, distansh\u00e4star och travh\u00e4star.\" \/>\n<meta property=\"og:url\" content=\"https:\/\/www.gainanimalnutrition.com\/equine\/products\/sustain-plus-mix\/\" \/>\n<meta property=\"og:site_name\" content=\"GAIN Equine\" \/>\n<meta property=\"article:modified_time\" content=\"2021-12-14T17:09:18+00:00\" \/>\n<meta property=\"og:image\" content=\"https:\/\/www.gainanimalnutrition.com\/equine\/wp-content\/uploads\/sites\/2\/2021\/10\/GAIN_Equine_Gain-Sustain-Plus-Mix.png\" \/>\n\t<meta property=\"og:image:width\" content=\"582\" \/>\n\t<meta property=\"og:image:height\" content=\"800\" \/>\n\t<meta property=\"og:image:type\" content=\"image\/png\" \/>\n<meta name=\"twitter:card\" content=\"summary_large_image\" \/>\n<script type=\"application\/ld+json\" class=\"yoast-schema-graph\">{\"@context\":\"https:\/\/schema.org\",\"@graph\":[{\"@type\":\"WebPage\",\"@id\":\"https:\/\/www.gainanimalnutrition.com\/equine\/products\/sustain-plus-mix\/\",\"url\":\"https:\/\/www.gainanimalnutrition.com\/equine\/products\/sustain-plus-mix\/\",\"name\":\"Sustain-Plus Mix - GAIN Equine\",\"isPartOf\":{\"@id\":\"https:\/\/www.gainanimalnutrition.com\/equine\/fr\/#website\"},\"primaryImageOfPage\":{\"@id\":\"https:\/\/www.gainanimalnutrition.com\/equine\/products\/sustain-plus-mix\/#primaryimage\"},\"image\":{\"@id\":\"https:\/\/www.gainanimalnutrition.com\/equine\/products\/sustain-plus-mix\/#primaryimage\"},\"thumbnailUrl\":\"https:\/\/www.gainanimalnutrition.com\/equine\/wp-content\/uploads\/sites\/2\/2021\/10\/GAIN_Equine_Gain-Sustain-Plus-Mix.png\",\"datePublished\":\"2021-12-03T10:50:04+00:00\",\"dateModified\":\"2021-12-14T17:09:18+00:00\",\"description\":\"Kraftfull sammans\u00e4ttning med l\u00e5g proteinhalt f\u00f6r kappl\u00f6pningsh\u00e4star, f\u00e4ltt\u00e4vlansh\u00e4star, hopph\u00e4star, distansh\u00e4star och travh\u00e4star.\",\"breadcrumb\":{\"@id\":\"https:\/\/www.gainanimalnutrition.com\/equine\/products\/sustain-plus-mix\/#breadcrumb\"},\"inLanguage\":\"sv-SE\",\"potentialAction\":[{\"@type\":\"ReadAction\",\"target\":[\"https:\/\/www.gainanimalnutrition.com\/equine\/products\/sustain-plus-mix\/\"]}]},{\"@type\":\"ImageObject\",\"inLanguage\":\"sv-SE\",\"@id\":\"https:\/\/www.gainanimalnutrition.com\/equine\/products\/sustain-plus-mix\/#primaryimage\",\"url\":\"https:\/\/www.gainanimalnutrition.com\/equine\/wp-content\/uploads\/sites\/2\/2021\/10\/GAIN_Equine_Gain-Sustain-Plus-Mix.png\",\"contentUrl\":\"https:\/\/www.gainanimalnutrition.com\/equine\/wp-content\/uploads\/sites\/2\/2021\/10\/GAIN_Equine_Gain-Sustain-Plus-Mix.png\",\"width\":582,\"height\":800,\"caption\":\"Sustain Plus Mix\"},{\"@type\":\"BreadcrumbList\",\"@id\":\"https:\/\/www.gainanimalnutrition.com\/equine\/products\/sustain-plus-mix\/#breadcrumb\",\"itemListElement\":[{\"@type\":\"ListItem\",\"position\":1,\"name\":\"Home\",\"item\":\"https:\/\/www.gainanimalnutrition.com\/equine\/\"},{\"@type\":\"ListItem\",\"position\":2,\"name\":\"Products\",\"item\":\"https:\/\/www.gainanimalnutrition.com\/equine\/products\/\"},{\"@type\":\"ListItem\",\"position\":3,\"name\":\"Sustain-Plus Mix\"}]},{\"@type\":\"WebSite\",\"@id\":\"https:\/\/www.gainanimalnutrition.com\/equine\/fr\/#website\",\"url\":\"https:\/\/www.gainanimalnutrition.com\/equine\/fr\/\",\"name\":\"GAIN Equine\",\"description\":\"Just another Big Dog Starter Rig Sites site\",\"potentialAction\":[{\"@type\":\"SearchAction\",\"target\":{\"@type\":\"EntryPoint\",\"urlTemplate\":\"https:\/\/www.gainanimalnutrition.com\/equine\/fr\/?s={search_term_string}\"},\"query-input\":{\"@type\":\"PropertyValueSpecification\",\"valueRequired\":true,\"valueName\":\"search_term_string\"}}],\"inLanguage\":\"sv-SE\"}]}<\/script>\n<!-- \/ Yoast SEO plugin. -->","yoast_head_json":{"title":"Sustain-Plus Mix - GAIN Equine","description":"Kraftfull sammans\u00e4ttning med l\u00e5g proteinhalt f\u00f6r kappl\u00f6pningsh\u00e4star, f\u00e4ltt\u00e4vlansh\u00e4star, hopph\u00e4star, distansh\u00e4star och travh\u00e4star.","robots":{"index":"index","follow":"follow","max-snippet":"max-snippet:-1","max-image-preview":"max-image-preview:large","max-video-preview":"max-video-preview:-1"},"canonical":"https:\/\/www.gainanimalnutrition.com\/equine\/products\/sustain-plus-mix\/","og_locale":"sv_SE","og_type":"article","og_title":"Sustain-Plus Mix - GAIN Equine","og_description":"Kraftfull sammans\u00e4ttning med l\u00e5g proteinhalt f\u00f6r kappl\u00f6pningsh\u00e4star, f\u00e4ltt\u00e4vlansh\u00e4star, hopph\u00e4star, distansh\u00e4star och travh\u00e4star.","og_url":"https:\/\/www.gainanimalnutrition.com\/equine\/products\/sustain-plus-mix\/","og_site_name":"GAIN Equine","article_modified_time":"2021-12-14T17:09:18+00:00","og_image":[{"width":582,"height":800,"url":"https:\/\/www.gainanimalnutrition.com\/equine\/wp-content\/uploads\/sites\/2\/2021\/10\/GAIN_Equine_Gain-Sustain-Plus-Mix.png","type":"image\/png"}],"twitter_card":"summary_large_image","schema":{"@context":"https:\/\/schema.org","@graph":[{"@type":"WebPage","@id":"https:\/\/www.gainanimalnutrition.com\/equine\/products\/sustain-plus-mix\/","url":"https:\/\/www.gainanimalnutrition.com\/equine\/products\/sustain-plus-mix\/","name":"Sustain-Plus Mix - GAIN Equine","isPartOf":{"@id":"https:\/\/www.gainanimalnutrition.com\/equine\/fr\/#website"},"primaryImageOfPage":{"@id":"https:\/\/www.gainanimalnutrition.com\/equine\/products\/sustain-plus-mix\/#primaryimage"},"image":{"@id":"https:\/\/www.gainanimalnutrition.com\/equine\/products\/sustain-plus-mix\/#primaryimage"},"thumbnailUrl":"https:\/\/www.gainanimalnutrition.com\/equine\/wp-content\/uploads\/sites\/2\/2021\/10\/GAIN_Equine_Gain-Sustain-Plus-Mix.png","datePublished":"2021-12-03T10:50:04+00:00","dateModified":"2021-12-14T17:09:18+00:00","description":"Kraftfull sammans\u00e4ttning med l\u00e5g proteinhalt f\u00f6r kappl\u00f6pningsh\u00e4star, f\u00e4ltt\u00e4vlansh\u00e4star, hopph\u00e4star, distansh\u00e4star och travh\u00e4star.","breadcrumb":{"@id":"https:\/\/www.gainanimalnutrition.com\/equine\/products\/sustain-plus-mix\/#breadcrumb"},"inLanguage":"sv-SE","potentialAction":[{"@type":"ReadAction","target":["https:\/\/www.gainanimalnutrition.com\/equine\/products\/sustain-plus-mix\/"]}]},{"@type":"ImageObject","inLanguage":"sv-SE","@id":"https:\/\/www.gainanimalnutrition.com\/equine\/products\/sustain-plus-mix\/#primaryimage","url":"https:\/\/www.gainanimalnutrition.com\/equine\/wp-content\/uploads\/sites\/2\/2021\/10\/GAIN_Equine_Gain-Sustain-Plus-Mix.png","contentUrl":"https:\/\/www.gainanimalnutrition.com\/equine\/wp-content\/uploads\/sites\/2\/2021\/10\/GAIN_Equine_Gain-Sustain-Plus-Mix.png","width":582,"height":800,"caption":"Sustain Plus Mix"},{"@type":"BreadcrumbList","@id":"https:\/\/www.gainanimalnutrition.com\/equine\/products\/sustain-plus-mix\/#breadcrumb","itemListElement":[{"@type":"ListItem","position":1,"name":"Home","item":"https:\/\/www.gainanimalnutrition.com\/equine\/"},{"@type":"ListItem","position":2,"name":"Products","item":"https:\/\/www.gainanimalnutrition.com\/equine\/products\/"},{"@type":"ListItem","position":3,"name":"Sustain-Plus Mix"}]},{"@type":"WebSite","@id":"https:\/\/www.gainanimalnutrition.com\/equine\/fr\/#website","url":"https:\/\/www.gainanimalnutrition.com\/equine\/fr\/","name":"GAIN Equine","description":"Just another Big Dog Starter Rig Sites site","potentialAction":[{"@type":"SearchAction","target":{"@type":"EntryPoint","urlTemplate":"https:\/\/www.gainanimalnutrition.com\/equine\/fr\/?s={search_term_string}"},"query-input":{"@type":"PropertyValueSpecification","valueRequired":true,"valueName":"search_term_string"}}],"inLanguage":"sv-SE"}]}},"_links":{"self":[{"href":"https:\/\/www.gainanimalnutrition.com\/equine\/sv\/wp-json\/wp\/v2\/product\/1235","targetHints":{"allow":["GET"]}}],"collection":[{"href":"https:\/\/www.gainanimalnutrition.com\/equine\/sv\/wp-json\/wp\/v2\/product"}],"about":[{"href":"https:\/\/www.gainanimalnutrition.com\/equine\/sv\/wp-json\/wp\/v2\/types\/product"}],"wp:featuredmedia":[{"embeddable":true,"href":"https:\/\/www.gainanimalnutrition.com\/equine\/sv\/wp-json\/wp\/v2\/media\/2364"}],"wp:attachment":[{"href":"https:\/\/www.gainanimalnutrition.com\/equine\/sv\/wp-json\/wp\/v2\/media?parent=1235"}],"wp:term":[{"taxonomy":"product-category","embeddable":true,"href":"https:\/\/www.gainanimalnutrition.com\/equine\/sv\/wp-json\/wp\/v2\/product-category?post=1235"},{"taxonomy":"animal-category","embeddable":true,"href":"https:\/\/www.gainanimalnutrition.com\/equine\/sv\/wp-json\/wp\/v2\/animal-category?post=1235"}],"curies":[{"name":"wp","href":"https:\/\/api.w.org\/{rel}","templated":true}]}}