{"id":1260,"date":"2021-12-03T10:50:14","date_gmt":"2021-12-03T10:50:14","guid":{"rendered":"https:\/\/www.gainanimalnutrition.com\/equine\/products\/12-competition-mix\/"},"modified":"2021-12-14T17:09:27","modified_gmt":"2021-12-14T17:09:27","slug":"12-competition-mix","status":"publish","type":"product","link":"https:\/\/www.gainanimalnutrition.com\/equine\/sv\/products\/12-competition-mix\/","title":{"rendered":"12% Competition Mix"},"excerpt":{"rendered":"<p>Kontrollerad energi utan havre, \u201dett foder f\u00f6r vinnare\u201d.<\/p>\n","protected":false},"featured_media":2314,"menu_order":4,"template":"","product-category":[110],"animal-category":[137,182,178,185,181,138,103,184],"class_list":["post-1260","product","type-product","status-publish","has-post-thumbnail","hentry","product-category-sport-och-fritid","animal-category-polo-crosse-sv","animal-category-dressyr","animal-category-endagsfalttavlan","animal-category-grand-prix-hoppning","animal-category-hoppning","animal-category-polo-sv","animal-category-ponnyklubb-ridning","animal-category-tredagars-falttavlan"],"acf":[],"yoast_head":"<!-- This site is optimized with the Yoast SEO plugin v27.2 - https:\/\/yoast.com\/product\/yoast-seo-wordpress\/ -->\n<title>12% Competition Mix - GAIN Equine<\/title>\n<meta name=\"description\" content=\"12% Competition Mix passar m\u00e5nga olika m\u00e5lgrupper inom allt fr\u00e5n hobby- och t\u00e4vlingsridning, kappl\u00f6pningsh\u00e4star i f\u00f6rtr\u00e4ning till h\u00e4star i vintervila. Det \u00e4r \u00e4ven l\u00e4mpligt som underh\u00e5llsfoder f\u00f6r avelsston utanf\u00f6r perioderna med st\u00f6rst mj\u00f6lkproduktion och de sista tre m\u00e5naderna av dr\u00e4ktigheten, d\u00e5 de kr\u00e4ver en mer specialiserad foderstat (se v\u00e5r serie f\u00f6r avel, Stud Range, f\u00f6r mer information).\" \/>\n<meta name=\"robots\" content=\"index, follow, max-snippet:-1, max-image-preview:large, max-video-preview:-1\" \/>\n<link rel=\"canonical\" href=\"https:\/\/www.gainanimalnutrition.com\/equine\/products\/12-competition-mix\/\" \/>\n<meta property=\"og:locale\" content=\"sv_SE\" \/>\n<meta property=\"og:type\" content=\"article\" \/>\n<meta property=\"og:title\" content=\"12% Competition Mix - GAIN Equine\" \/>\n<meta property=\"og:description\" content=\"12% Competition Mix passar m\u00e5nga olika m\u00e5lgrupper inom allt fr\u00e5n hobby- och t\u00e4vlingsridning, kappl\u00f6pningsh\u00e4star i f\u00f6rtr\u00e4ning till h\u00e4star i vintervila. Det \u00e4r \u00e4ven l\u00e4mpligt som underh\u00e5llsfoder f\u00f6r avelsston utanf\u00f6r perioderna med st\u00f6rst mj\u00f6lkproduktion och de sista tre m\u00e5naderna av dr\u00e4ktigheten, d\u00e5 de kr\u00e4ver en mer specialiserad foderstat (se v\u00e5r serie f\u00f6r avel, Stud Range, f\u00f6r mer information).\" \/>\n<meta property=\"og:url\" content=\"https:\/\/www.gainanimalnutrition.com\/equine\/products\/12-competition-mix\/\" \/>\n<meta property=\"og:site_name\" content=\"GAIN Equine\" \/>\n<meta property=\"article:modified_time\" content=\"2021-12-14T17:09:27+00:00\" \/>\n<meta property=\"og:image\" content=\"https:\/\/www.gainanimalnutrition.com\/equine\/wp-content\/uploads\/sites\/2\/2021\/11\/GAIN_Equine_Gain-12-Competition-Mix.png\" \/>\n\t<meta property=\"og:image:width\" content=\"582\" \/>\n\t<meta property=\"og:image:height\" content=\"800\" \/>\n\t<meta property=\"og:image:type\" content=\"image\/png\" \/>\n<meta name=\"twitter:card\" content=\"summary_large_image\" \/>\n<script type=\"application\/ld+json\" class=\"yoast-schema-graph\">{\"@context\":\"https:\/\/schema.org\",\"@graph\":[{\"@type\":\"WebPage\",\"@id\":\"https:\/\/www.gainanimalnutrition.com\/equine\/products\/12-competition-mix\/\",\"url\":\"https:\/\/www.gainanimalnutrition.com\/equine\/products\/12-competition-mix\/\",\"name\":\"12% Competition Mix - GAIN Equine\",\"isPartOf\":{\"@id\":\"https:\/\/www.gainanimalnutrition.com\/equine\/fr\/#website\"},\"primaryImageOfPage\":{\"@id\":\"https:\/\/www.gainanimalnutrition.com\/equine\/products\/12-competition-mix\/#primaryimage\"},\"image\":{\"@id\":\"https:\/\/www.gainanimalnutrition.com\/equine\/products\/12-competition-mix\/#primaryimage\"},\"thumbnailUrl\":\"https:\/\/www.gainanimalnutrition.com\/equine\/wp-content\/uploads\/sites\/2\/2021\/11\/GAIN_Equine_Gain-12-Competition-Mix.png\",\"datePublished\":\"2021-12-03T10:50:14+00:00\",\"dateModified\":\"2021-12-14T17:09:27+00:00\",\"description\":\"12% Competition Mix passar m\u00e5nga olika m\u00e5lgrupper inom allt fr\u00e5n hobby- och t\u00e4vlingsridning, kappl\u00f6pningsh\u00e4star i f\u00f6rtr\u00e4ning till h\u00e4star i vintervila. Det \u00e4r \u00e4ven l\u00e4mpligt som underh\u00e5llsfoder f\u00f6r avelsston utanf\u00f6r perioderna med st\u00f6rst mj\u00f6lkproduktion och de sista tre m\u00e5naderna av dr\u00e4ktigheten, d\u00e5 de kr\u00e4ver en mer specialiserad foderstat (se v\u00e5r serie f\u00f6r avel, Stud Range, f\u00f6r mer information).\",\"breadcrumb\":{\"@id\":\"https:\/\/www.gainanimalnutrition.com\/equine\/products\/12-competition-mix\/#breadcrumb\"},\"inLanguage\":\"sv-SE\",\"potentialAction\":[{\"@type\":\"ReadAction\",\"target\":[\"https:\/\/www.gainanimalnutrition.com\/equine\/products\/12-competition-mix\/\"]}]},{\"@type\":\"ImageObject\",\"inLanguage\":\"sv-SE\",\"@id\":\"https:\/\/www.gainanimalnutrition.com\/equine\/products\/12-competition-mix\/#primaryimage\",\"url\":\"https:\/\/www.gainanimalnutrition.com\/equine\/wp-content\/uploads\/sites\/2\/2021\/11\/GAIN_Equine_Gain-12-Competition-Mix.png\",\"contentUrl\":\"https:\/\/www.gainanimalnutrition.com\/equine\/wp-content\/uploads\/sites\/2\/2021\/11\/GAIN_Equine_Gain-12-Competition-Mix.png\",\"width\":582,\"height\":800,\"caption\":\"12% Competition Mix GAIN product\"},{\"@type\":\"BreadcrumbList\",\"@id\":\"https:\/\/www.gainanimalnutrition.com\/equine\/products\/12-competition-mix\/#breadcrumb\",\"itemListElement\":[{\"@type\":\"ListItem\",\"position\":1,\"name\":\"Home\",\"item\":\"https:\/\/www.gainanimalnutrition.com\/equine\/\"},{\"@type\":\"ListItem\",\"position\":2,\"name\":\"Products\",\"item\":\"https:\/\/www.gainanimalnutrition.com\/equine\/products\/\"},{\"@type\":\"ListItem\",\"position\":3,\"name\":\"12% Competition Mix\"}]},{\"@type\":\"WebSite\",\"@id\":\"https:\/\/www.gainanimalnutrition.com\/equine\/fr\/#website\",\"url\":\"https:\/\/www.gainanimalnutrition.com\/equine\/fr\/\",\"name\":\"GAIN Equine\",\"description\":\"Just another Big Dog Starter Rig Sites site\",\"potentialAction\":[{\"@type\":\"SearchAction\",\"target\":{\"@type\":\"EntryPoint\",\"urlTemplate\":\"https:\/\/www.gainanimalnutrition.com\/equine\/fr\/?s={search_term_string}\"},\"query-input\":{\"@type\":\"PropertyValueSpecification\",\"valueRequired\":true,\"valueName\":\"search_term_string\"}}],\"inLanguage\":\"sv-SE\"}]}<\/script>\n<!-- \/ Yoast SEO plugin. -->","yoast_head_json":{"title":"12% Competition Mix - GAIN Equine","description":"12% Competition Mix passar m\u00e5nga olika m\u00e5lgrupper inom allt fr\u00e5n hobby- och t\u00e4vlingsridning, kappl\u00f6pningsh\u00e4star i f\u00f6rtr\u00e4ning till h\u00e4star i vintervila. Det \u00e4r \u00e4ven l\u00e4mpligt som underh\u00e5llsfoder f\u00f6r avelsston utanf\u00f6r perioderna med st\u00f6rst mj\u00f6lkproduktion och de sista tre m\u00e5naderna av dr\u00e4ktigheten, d\u00e5 de kr\u00e4ver en mer specialiserad foderstat (se v\u00e5r serie f\u00f6r avel, Stud Range, f\u00f6r mer information).","robots":{"index":"index","follow":"follow","max-snippet":"max-snippet:-1","max-image-preview":"max-image-preview:large","max-video-preview":"max-video-preview:-1"},"canonical":"https:\/\/www.gainanimalnutrition.com\/equine\/products\/12-competition-mix\/","og_locale":"sv_SE","og_type":"article","og_title":"12% Competition Mix - GAIN Equine","og_description":"12% Competition Mix passar m\u00e5nga olika m\u00e5lgrupper inom allt fr\u00e5n hobby- och t\u00e4vlingsridning, kappl\u00f6pningsh\u00e4star i f\u00f6rtr\u00e4ning till h\u00e4star i vintervila. Det \u00e4r \u00e4ven l\u00e4mpligt som underh\u00e5llsfoder f\u00f6r avelsston utanf\u00f6r perioderna med st\u00f6rst mj\u00f6lkproduktion och de sista tre m\u00e5naderna av dr\u00e4ktigheten, d\u00e5 de kr\u00e4ver en mer specialiserad foderstat (se v\u00e5r serie f\u00f6r avel, Stud Range, f\u00f6r mer information).","og_url":"https:\/\/www.gainanimalnutrition.com\/equine\/products\/12-competition-mix\/","og_site_name":"GAIN Equine","article_modified_time":"2021-12-14T17:09:27+00:00","og_image":[{"width":582,"height":800,"url":"https:\/\/www.gainanimalnutrition.com\/equine\/wp-content\/uploads\/sites\/2\/2021\/11\/GAIN_Equine_Gain-12-Competition-Mix.png","type":"image\/png"}],"twitter_card":"summary_large_image","schema":{"@context":"https:\/\/schema.org","@graph":[{"@type":"WebPage","@id":"https:\/\/www.gainanimalnutrition.com\/equine\/products\/12-competition-mix\/","url":"https:\/\/www.gainanimalnutrition.com\/equine\/products\/12-competition-mix\/","name":"12% Competition Mix - GAIN Equine","isPartOf":{"@id":"https:\/\/www.gainanimalnutrition.com\/equine\/fr\/#website"},"primaryImageOfPage":{"@id":"https:\/\/www.gainanimalnutrition.com\/equine\/products\/12-competition-mix\/#primaryimage"},"image":{"@id":"https:\/\/www.gainanimalnutrition.com\/equine\/products\/12-competition-mix\/#primaryimage"},"thumbnailUrl":"https:\/\/www.gainanimalnutrition.com\/equine\/wp-content\/uploads\/sites\/2\/2021\/11\/GAIN_Equine_Gain-12-Competition-Mix.png","datePublished":"2021-12-03T10:50:14+00:00","dateModified":"2021-12-14T17:09:27+00:00","description":"12% Competition Mix passar m\u00e5nga olika m\u00e5lgrupper inom allt fr\u00e5n hobby- och t\u00e4vlingsridning, kappl\u00f6pningsh\u00e4star i f\u00f6rtr\u00e4ning till h\u00e4star i vintervila. Det \u00e4r \u00e4ven l\u00e4mpligt som underh\u00e5llsfoder f\u00f6r avelsston utanf\u00f6r perioderna med st\u00f6rst mj\u00f6lkproduktion och de sista tre m\u00e5naderna av dr\u00e4ktigheten, d\u00e5 de kr\u00e4ver en mer specialiserad foderstat (se v\u00e5r serie f\u00f6r avel, Stud Range, f\u00f6r mer information).","breadcrumb":{"@id":"https:\/\/www.gainanimalnutrition.com\/equine\/products\/12-competition-mix\/#breadcrumb"},"inLanguage":"sv-SE","potentialAction":[{"@type":"ReadAction","target":["https:\/\/www.gainanimalnutrition.com\/equine\/products\/12-competition-mix\/"]}]},{"@type":"ImageObject","inLanguage":"sv-SE","@id":"https:\/\/www.gainanimalnutrition.com\/equine\/products\/12-competition-mix\/#primaryimage","url":"https:\/\/www.gainanimalnutrition.com\/equine\/wp-content\/uploads\/sites\/2\/2021\/11\/GAIN_Equine_Gain-12-Competition-Mix.png","contentUrl":"https:\/\/www.gainanimalnutrition.com\/equine\/wp-content\/uploads\/sites\/2\/2021\/11\/GAIN_Equine_Gain-12-Competition-Mix.png","width":582,"height":800,"caption":"12% Competition Mix GAIN product"},{"@type":"BreadcrumbList","@id":"https:\/\/www.gainanimalnutrition.com\/equine\/products\/12-competition-mix\/#breadcrumb","itemListElement":[{"@type":"ListItem","position":1,"name":"Home","item":"https:\/\/www.gainanimalnutrition.com\/equine\/"},{"@type":"ListItem","position":2,"name":"Products","item":"https:\/\/www.gainanimalnutrition.com\/equine\/products\/"},{"@type":"ListItem","position":3,"name":"12% Competition Mix"}]},{"@type":"WebSite","@id":"https:\/\/www.gainanimalnutrition.com\/equine\/fr\/#website","url":"https:\/\/www.gainanimalnutrition.com\/equine\/fr\/","name":"GAIN Equine","description":"Just another Big Dog Starter Rig Sites site","potentialAction":[{"@type":"SearchAction","target":{"@type":"EntryPoint","urlTemplate":"https:\/\/www.gainanimalnutrition.com\/equine\/fr\/?s={search_term_string}"},"query-input":{"@type":"PropertyValueSpecification","valueRequired":true,"valueName":"search_term_string"}}],"inLanguage":"sv-SE"}]}},"_links":{"self":[{"href":"https:\/\/www.gainanimalnutrition.com\/equine\/sv\/wp-json\/wp\/v2\/product\/1260","targetHints":{"allow":["GET"]}}],"collection":[{"href":"https:\/\/www.gainanimalnutrition.com\/equine\/sv\/wp-json\/wp\/v2\/product"}],"about":[{"href":"https:\/\/www.gainanimalnutrition.com\/equine\/sv\/wp-json\/wp\/v2\/types\/product"}],"wp:featuredmedia":[{"embeddable":true,"href":"https:\/\/www.gainanimalnutrition.com\/equine\/sv\/wp-json\/wp\/v2\/media\/2314"}],"wp:attachment":[{"href":"https:\/\/www.gainanimalnutrition.com\/equine\/sv\/wp-json\/wp\/v2\/media?parent=1260"}],"wp:term":[{"taxonomy":"product-category","embeddable":true,"href":"https:\/\/www.gainanimalnutrition.com\/equine\/sv\/wp-json\/wp\/v2\/product-category?post=1260"},{"taxonomy":"animal-category","embeddable":true,"href":"https:\/\/www.gainanimalnutrition.com\/equine\/sv\/wp-json\/wp\/v2\/animal-category?post=1260"}],"curies":[{"name":"wp","href":"https:\/\/api.w.org\/{rel}","templated":true}]}}